{"id":10495,"date":"2022-03-25T12:39:15","date_gmt":"2022-03-25T11:39:15","guid":{"rendered":"https:\/\/milke.se\/?page_id=10495"},"modified":"2025-06-16T19:59:34","modified_gmt":"2025-06-16T17:59:34","slug":"warunki-transportu","status":"publish","type":"page","link":"https:\/\/milke.se\/en\/warunki-transportu\/","title":{"rendered":"Transport conditions"},"content":{"rendered":"<blockquote class=\"wp-block-quote is-layout-flow wp-block-quote-is-layout-flow\">\n<p>DOSTAWA<\/p>\n<\/blockquote>\n\n\n\n<p>Transport produkt\u00f3w MILKE realizowany jest na terenie ca\u0142ej Polski we wsp\u00f3\u0142pracy z zewn\u0119trznymi firmami spedycyjnymi oraz kurierskimi. <\/p>\n\n\n\n<p>Szczeg\u00f3\u0142owe informacje na ten temat znajdziesz na obecnej stronie internetowej www.milke.se oraz w <a href=\"https:\/\/milke.se\/en\/regulamin\/\" target=\"_blank\" rel=\"noreferrer noopener\"><span style=\"text-decoration: underline;\">Regulaminie<\/span><\/a>.<\/p>\n\n\n\n<p>Prosimy o zapoznanie si\u0119 z poni\u017cszymi informacjami dotycz\u0105cymi standardowych dostaw. Je\u015bli Twoja przesy\u0142ka wymaga niestandardowej trasy, poinformuj nas o tym, a zorganizujemy dla Ciebie specjalny transport, dostosowany do Twoich potrzeb.<\/p>\n\n\n\n<p><\/p>\n\n\n\n<blockquote class=\"wp-block-quote is-layout-flow wp-block-quote-is-layout-flow\">\n<p>Pakowanie<\/p>\n<\/blockquote>\n\n\n\n<p>Elementy betonowe s\u0105 pakowane w kartony, skrzynki lub skrzyniopalety i transportowane na paletach b\u0105d\u017a w skrzyniopaletach.<\/p>\n\n\n\n<p>Podczas transportu, przenoszenia i uk\u0142adania tych element\u00f3w nale\u017cy zachowa\u0107 szczeg\u00f3ln\u0105 ostro\u017cno\u015b\u0107, aby unikn\u0105\u0107 ich wygi\u0119cia, uderze\u0144 i wstrz\u0105s\u00f3w. Wolne przestrzenie powinny by\u0107 odpowiednio zabezpieczone, aby zapobiec przesuwaniu si\u0119 \u0142adunku. Nie wolno umieszcza\u0107 dodatkowych \u0142adunk\u00f3w na paletach i skrzyniopaletach ani pi\u0119trowa\u0107 palet i skrzyniopalet.<\/p>\n\n\n\n<blockquote class=\"wp-block-quote is-layout-flow wp-block-quote-is-layout-flow\">\n<p>Transport standard<\/p>\n<\/blockquote>\n\n\n\n<ol style=\"list-style-type:1\" class=\"wp-block-list\">\n<li>Transport realizowany jest samochodem wyposa\u017conym w wind\u0119.<\/li>\n\n\n\n<li>Dostawy odbywaj\u0105 si\u0119 w godzinach 08:00-16:00, od poniedzia\u0142ku do pi\u0105tku.<\/li>\n\n\n\n<li>Standardowy czas dostawy wynosi od 24 do 72 godzin od momentu wys\u0142ania przesy\u0142ki z magazynu.<\/li>\n\n\n\n<li>Na \u017cyczenie Odbiorcy, w dniu dostarczenia przesy\u0142ki, istnieje mo\u017cliwo\u015b\u0107 otrzymania numeru telefonu do przydzielonego kuriera.<\/li>\n\n\n\n<li>Koszt dostawy zale\u017cy od \u0142\u0105cznej wagi i rozmiar\u00f3w zam\u00f3wionych towar\u00f3w oraz wybranego przez Klienta sposobu dostawy. <\/li>\n\n\n\n<li>Miejsce dostawy powinno by\u0107 dostosowane do rodzaju przewo\u017conego towaru. Na przyk\u0142ad, ci\u0119\u017cki towar lub wi\u0119ksza ilo\u015b\u0107 palet wymaga transportu wi\u0119kszym pojazdem.<\/li>\n\n\n\n<li>Je\u017celi na etapie sk\u0142adania zam\u00f3wienia nie zostan\u0105 wskazane przez Odbiorc\u0119 czynniki nietypowe, mog\u0105ce mie\u0107 wp\u0142yw na trudno\u015bci w dostarczeniu przesy\u0142ki \u2013 us\u0142uga transportowa uznawana jest za bezprzeszkodow\u0105 i pr\u00f3ba jest dostarczenie odb\u0119dzie si\u0119 zgodnie z ustaleniami transportu standardowego.\u00a0<\/li>\n\n\n\n<li>Odbiorca zobowi\u0105zany jest do poinformowania nas o wszelkich utrudnieniach w dostawie na etapie sk\u0142adania zam\u00f3wienia. Informacje te pomagaj\u0105 unikn\u0105\u0107 niepotrzebnych koszt\u00f3w wynikaj\u0105cych z nieudanych pr\u00f3b dostawy (np. zakaz ruchu w okre\u015blonych godzinach, ulice jednokierunkowe, niedostosowane pod\u0142o\u017ce itp.).<\/li>\n\n\n\n<li>Roz\u0142adunek towaru odbywa si\u0119 przy bramie posesji, bez wjazdu na jej teren. Kierowca nie wnosi towaru na posesj\u0119 ani do budynk\u00f3w (np. do gara\u017cu, na pi\u0119tro, do mieszkania).<\/li>\n\n\n\n<li>W przypadku utrudnie\u0144 w dostawie, kt\u00f3re nie wynikaj\u0105 z winy przewo\u017anika, za nieudany podjazd mog\u0105 zosta\u0107 naliczone dodatkowe koszty.<\/li>\n\n\n\n<li>Us\u0142uga transportowa obejmuje jednokrotn\u0105 pr\u00f3b\u0119 dostawy pod wskazany adres. Ka\u017cda kolejna pr\u00f3ba dostawy wi\u0105\u017ce si\u0119 z dodatkowymi kosztami, kt\u00f3re s\u0105 wyceniane indywidualnie.<\/li>\n<\/ol>\n\n\n\n<blockquote class=\"wp-block-quote is-layout-flow wp-block-quote-is-layout-flow\">\n<p>Transport niestandardowy<\/p>\n<\/blockquote>\n\n\n\n<p>Je\u017celi warunki transportu standardowego nie s\u0105 wystarczaj\u0105ce do dostarczenia towar\u00f3w we wskazane miejsce, prosimy o poinformowanie nas na etapie sk\u0142adania zam\u00f3wienia.<\/p>\n\n\n\n<p>Dotyczy to sytuacji, gdy miejsce dostawy nie jest dostosowane do rodzaju przewo\u017conego towaru (np. brak utwardzonej drogi, w\u0105skie drogi, miejsca, gdzie nie jest mo\u017cliwe swobodne manewrowanie autem czy swobodny roz\u0142adunek, zakaz wjazdu samochod\u00f3w wysokiego tona\u017cu, itp.).<\/p>\n\n\n\n<p>Po zebraniu kompletu informacji zostanie wyceniona us\u0142uga transportu specjalnego.<\/p>\n\n\n\n<blockquote class=\"wp-block-quote is-layout-flow wp-block-quote-is-layout-flow\">\n<p>Odbi\u00f3r osobisty<\/p>\n<\/blockquote>\n\n\n\n<p>Istnieje mo\u017cliwo\u015b\u0107 osobistego odbioru zam\u00f3wienia pod adresem: ul. Cz\u0119stochowska 41, 05-480 Karczew, po uprzednim ustaleniu dnia i godziny.<\/p>\n\n\n\n<p>Odbi\u00f3r osobisty jest mo\u017cliwy wy\u0142\u0105cznie po dokonaniu op\u0142aty za zam\u00f3wienie i po otrzymaniu potwierdzenia jego z\u0142o\u017cenia oraz wiadomo\u015bci mailowej lub telefonicznej o tre\u015bci \u201cZam\u00f3wienie jest gotowe do odbioru\u201d.<\/p>\n\n\n\n<blockquote class=\"wp-block-quote is-layout-flow wp-block-quote-is-layout-flow\">\n<p>Magazynowanie<\/p>\n<\/blockquote>\n\n\n\n<p>Przesy\u0142ka, kt\u00f3rej nie uda\u0142o si\u0119 dostarczy\u0107 pod wskazany adres z przyczyn niezale\u017cnych od przewo\u017anika, zostaje przekazana do najbli\u017cszego magazynu transportowego. <\/p>\n\n\n\n<p>Za ka\u017cdy dzie\u0144 magazynowania naliczana jest op\u0142ata za przechowywanie towar\u00f3w, kt\u00f3rej wysoko\u015b\u0107 zale\u017cy od gabaryt\u00f3w przesy\u0142ki. Odbiorca zostanie niezw\u0142ocznie poinformowany o wysoko\u015bci tej op\u0142aty.<\/p>\n\n\n\n<p>Koszt kolejnej pr\u00f3by dostarczenia przesy\u0142ki jest ponownie wyceniany po konsultacji z Odbiorc\u0105 i wyeliminowaniu czynnik\u00f3w mog\u0105cych wp\u0142yn\u0105\u0107 na trudno\u015bci w dostawie.<\/p>\n\n\n\n<blockquote class=\"wp-block-quote is-layout-flow wp-block-quote-is-layout-flow\">\n<p>Odbi\u00f3r przesy\u0142ki i weryfikacja zam\u00f3wienia<\/p>\n<\/blockquote>\n\n\n\n<p>Odbiorca zobowi\u0105zany jest do sprawdzenia dostarczonego towaru i weryfikacji zawarto\u015bci przesy\u0142ki pod k\u0105tem stanu oraz ilo\u015bci w chwili jej odbioru.<\/p>\n\n\n\n<p>W przypadku uszkodzenia przesy\u0142ki (kartony, skrzynie, produkty), jej opakowania (paleta, skrzyniopaleta) albo niezgodno\u015bci ilo\u015bciowej w stosunku do zam\u00f3wienia, Odbiorca ma obowi\u0105zek dope\u0142nienia formalno\u015bci wobec firmy transportowej. Nale\u017cy spisa\u0107 protok\u00f3\u0142 na druku przewo\u017anika oraz wykona\u0107 dokumentacj\u0119 fotograficzn\u0105 w obecno\u015bci kuriera. Odbiorca powinien niezw\u0142ocznie poinformowa\u0107 Producenta o zaistnia\u0142ej sytuacji oraz przes\u0142a\u0107 komplet dokument\u00f3w dotycz\u0105cych zdarzenia na adres: <a>biuro@milke.se<\/a> w terminie 3 dni kalendarzowych od dnia odbioru towaru. Odpowiedzi na reklamacje udzielone zostan\u0105 na pi\u015bmie lub innym trwa\u0142ym no\u015bniku (np. e-mail) w terminie do 7 dni od daty jej otrzymania.<\/p>\n\n\n\n<p>Po odebraniu i rozpakowaniu przesy\u0142ki nale\u017cy dok\u0142adnie obejrze\u0107 produkty i oceni\u0107, czy nie posiadaj\u0105 widocznych wad uniemo\u017cliwiaj\u0105cych ich monta\u017c. Nale\u017cy r\u00f3wnie\u017c sprawdzi\u0107 zgodno\u015b\u0107 koloru produkt\u00f3w ze z\u0142o\u017conym zam\u00f3wieniem. W przypadku braku zg\u0142oszenia uwag co do koloru produkt\u00f3w w ci\u0105gu 3 dni roboczych, firma nie jest zobowi\u0105zana do ich wymiany.<\/p>\n\n\n\n<blockquote class=\"wp-block-quote is-layout-flow wp-block-quote-is-layout-flow\">\n<p>Sk\u0142adowanie zam\u00f3wienia<\/p>\n<\/blockquote>\n\n\n\n<p>Po odebraniu zam\u00f3wienia nale\u017cy usun\u0105\u0107 warstw\u0119 zabezpieczaj\u0105c\u0105 przesy\u0142k\u0119 (foli\u0119 stretch), aby zapobiec kondensacji pary wodnej.<\/p>\n\n\n\n<p>Kartony, skrzynie i produkty przed monta\u017cem nale\u017cy przechowywa\u0107 w suchych, zamkni\u0119tych pomieszczeniach, w kt\u00f3rych temperatura powinna wynosi\u0107 mi\u0119dzy +5\u00b0C a +25\u00b0C. Je\u015bli przechowywanie na zewn\u0105trz jest konieczne, nale\u017cy zabezpieczy\u0107 towary przed zawilgoceniem, zamoczeniem oraz wp\u0142ywem niekorzystnych czynnik\u00f3w atmosferycznych, umieszczaj\u0105c je pod zadaszeniem. W przypadku braku zadaszenia, zaleca si\u0119 dodatkowe zabezpieczenie przesy\u0142ki od g\u00f3ry.<\/p>\n\n\n\n<p>Produkty powinny by\u0107 chronione przed gwa\u0142town\u0105 zmian\u0105 temperatury podczas przechowywania. Po przeniesieniu ich z mrozu do docelowego pomieszczenia, nale\u017cy pozwoli\u0107 im na wyr\u00f3wnanie temperatury przed monta\u017cem.<\/p>\n\n\n\n<p>Aby wyr\u00f3wna\u0107 temperatur\u0119, wilgotno\u015b\u0107 oraz ustabilizowa\u0107 kolor, produkty MILKE nale\u017cy umie\u015bci\u0107 w pomieszczeniu, w kt\u00f3rym maj\u0105 by\u0107 zamontowane, na co najmniej 48 godzin. Powinny by\u0107 przechowywane w taki spos\u00f3b, aby obie strony poszczeg\u00f3lnych element\u00f3w mia\u0142y zapewniony r\u00f3wnomierny dost\u0119p powietrza. Nieprawid\u0142owe przechowywanie mo\u017ce spowodowa\u0107 wt\u00f3rne odkszta\u0142cenie lub przebarwienie gotowych element\u00f3w.<\/p>\n\n\n\n<p>Defekty spowodowane nieprawid\u0142owym przechowywaniem produkt\u00f3w nie s\u0105 uznawane za wady produkcyjne.<\/p>","protected":false},"excerpt":{"rendered":"<p>DOSTAWA Transport produkt\u00f3w MILKE realizowany jest na terenie ca\u0142ej Polski we wsp\u00f3\u0142pracy z zewn\u0119trznymi firmami spedycyjnymi oraz kurierskimi. Szczeg\u00f3\u0142owe informacje na ten temat znajdziesz na obecnej stronie internetowej www.milke.se oraz&hellip;<\/p>","protected":false},"author":10,"featured_media":0,"parent":0,"menu_order":0,"comment_status":"closed","ping_status":"closed","template":"","meta":{"footnotes":""},"class_list":["post-10495","page","type-page","status-publish","hentry"],"yoast_head":"<!-- This site is optimized with the Yoast SEO plugin v27.5 - https:\/\/yoast.com\/product\/yoast-seo-wordpress\/ -->\n<title>Warunki transportu - Sklep milke.se<\/title>\n<meta name=\"robots\" content=\"index, follow, max-snippet:-1, max-image-preview:large, max-video-preview:-1\" \/>\n<link rel=\"canonical\" href=\"http:\/\/milke.se\/en\/warunki-transportu\/\" \/>\n<meta property=\"og:locale\" content=\"en_GB\" \/>\n<meta property=\"og:type\" content=\"article\" \/>\n<meta property=\"og:title\" content=\"Warunki transportu - Sklep milke.se\" \/>\n<meta property=\"og:description\" content=\"DOSTAWA Transport produkt\u00f3w MILKE realizowany jest na terenie ca\u0142ej Polski we wsp\u00f3\u0142pracy z zewn\u0119trznymi firmami spedycyjnymi oraz kurierskimi. Szczeg\u00f3\u0142owe informacje na ten temat znajdziesz na obecnej stronie internetowej www.milke.se oraz&hellip;\" \/>\n<meta property=\"og:url\" content=\"http:\/\/milke.se\/en\/warunki-transportu\/\" \/>\n<meta property=\"og:site_name\" content=\"Sklep milke.se\" \/>\n<meta property=\"article:modified_time\" content=\"2025-06-16T17:59:34+00:00\" \/>\n<meta name=\"twitter:card\" content=\"summary_large_image\" \/>\n<meta name=\"twitter:label1\" content=\"Estimated reading time\" \/>\n\t<meta name=\"twitter:data1\" content=\"6 minutes\" \/>\n<script type=\"application\/ld+json\" class=\"yoast-schema-graph\">{\"@context\":\"https:\\\/\\\/schema.org\",\"@graph\":[{\"@type\":\"WebPage\",\"@id\":\"http:\\\/\\\/milke.se\\\/en\\\/warunki-transportu\\\/\",\"url\":\"http:\\\/\\\/milke.se\\\/en\\\/warunki-transportu\\\/\",\"name\":\"Warunki transportu - Sklep milke.se\",\"isPartOf\":{\"@id\":\"https:\\\/\\\/milke.se\\\/en\\\/#website\"},\"datePublished\":\"2022-03-25T11:39:15+00:00\",\"dateModified\":\"2025-06-16T17:59:34+00:00\",\"breadcrumb\":{\"@id\":\"http:\\\/\\\/milke.se\\\/en\\\/warunki-transportu\\\/#breadcrumb\"},\"inLanguage\":\"en-GB\",\"potentialAction\":[{\"@type\":\"ReadAction\",\"target\":[\"http:\\\/\\\/milke.se\\\/en\\\/warunki-transportu\\\/\"]}]},{\"@type\":\"BreadcrumbList\",\"@id\":\"http:\\\/\\\/milke.se\\\/en\\\/warunki-transportu\\\/#breadcrumb\",\"itemListElement\":[{\"@type\":\"ListItem\",\"position\":1,\"name\":\"Strona g\u0142\u00f3wna\",\"item\":\"https:\\\/\\\/milke.se\\\/en\\\/\"},{\"@type\":\"ListItem\",\"position\":2,\"name\":\"Warunki transportu\"}]},{\"@type\":\"WebSite\",\"@id\":\"https:\\\/\\\/milke.se\\\/en\\\/#website\",\"url\":\"https:\\\/\\\/milke.se\\\/en\\\/\",\"name\":\"Sklep milke.se\",\"description\":\"\",\"potentialAction\":[{\"@type\":\"SearchAction\",\"target\":{\"@type\":\"EntryPoint\",\"urlTemplate\":\"https:\\\/\\\/milke.se\\\/en\\\/?s={search_term_string}\"},\"query-input\":{\"@type\":\"PropertyValueSpecification\",\"valueRequired\":true,\"valueName\":\"search_term_string\"}}],\"inLanguage\":\"en-GB\"}]}<\/script>\n<!-- \/ Yoast SEO plugin. -->","yoast_head_json":{"title":"Warunki transportu - Sklep milke.se","robots":{"index":"index","follow":"follow","max-snippet":"max-snippet:-1","max-image-preview":"max-image-preview:large","max-video-preview":"max-video-preview:-1"},"canonical":"http:\/\/milke.se\/en\/warunki-transportu\/","og_locale":"en_GB","og_type":"article","og_title":"Warunki transportu - Sklep milke.se","og_description":"DOSTAWA Transport produkt\u00f3w MILKE realizowany jest na terenie ca\u0142ej Polski we wsp\u00f3\u0142pracy z zewn\u0119trznymi firmami spedycyjnymi oraz kurierskimi. Szczeg\u00f3\u0142owe informacje na ten temat znajdziesz na obecnej stronie internetowej www.milke.se oraz&hellip;","og_url":"http:\/\/milke.se\/en\/warunki-transportu\/","og_site_name":"Sklep milke.se","article_modified_time":"2025-06-16T17:59:34+00:00","twitter_card":"summary_large_image","twitter_misc":{"Estimated reading time":"6 minutes"},"schema":{"@context":"https:\/\/schema.org","@graph":[{"@type":"WebPage","@id":"http:\/\/milke.se\/en\/warunki-transportu\/","url":"http:\/\/milke.se\/en\/warunki-transportu\/","name":"Warunki transportu - Sklep milke.se","isPartOf":{"@id":"https:\/\/milke.se\/en\/#website"},"datePublished":"2022-03-25T11:39:15+00:00","dateModified":"2025-06-16T17:59:34+00:00","breadcrumb":{"@id":"http:\/\/milke.se\/en\/warunki-transportu\/#breadcrumb"},"inLanguage":"en-GB","potentialAction":[{"@type":"ReadAction","target":["http:\/\/milke.se\/en\/warunki-transportu\/"]}]},{"@type":"BreadcrumbList","@id":"http:\/\/milke.se\/en\/warunki-transportu\/#breadcrumb","itemListElement":[{"@type":"ListItem","position":1,"name":"Strona g\u0142\u00f3wna","item":"https:\/\/milke.se\/en\/"},{"@type":"ListItem","position":2,"name":"Warunki transportu"}]},{"@type":"WebSite","@id":"https:\/\/milke.se\/en\/#website","url":"https:\/\/milke.se\/en\/","name":"Shop milke.se","description":"","potentialAction":[{"@type":"SearchAction","target":{"@type":"EntryPoint","urlTemplate":"https:\/\/milke.se\/en\/?s={search_term_string}"},"query-input":{"@type":"PropertyValueSpecification","valueRequired":true,"valueName":"search_term_string"}}],"inLanguage":"en-GB"}]}},"_links":{"self":[{"href":"https:\/\/milke.se\/en\/wp-json\/wp\/v2\/pages\/10495","targetHints":{"allow":["GET"]}}],"collection":[{"href":"https:\/\/milke.se\/en\/wp-json\/wp\/v2\/pages"}],"about":[{"href":"https:\/\/milke.se\/en\/wp-json\/wp\/v2\/types\/page"}],"author":[{"embeddable":true,"href":"https:\/\/milke.se\/en\/wp-json\/wp\/v2\/users\/10"}],"replies":[{"embeddable":true,"href":"https:\/\/milke.se\/en\/wp-json\/wp\/v2\/comments?post=10495"}],"version-history":[{"count":12,"href":"https:\/\/milke.se\/en\/wp-json\/wp\/v2\/pages\/10495\/revisions"}],"predecessor-version":[{"id":17146,"href":"https:\/\/milke.se\/en\/wp-json\/wp\/v2\/pages\/10495\/revisions\/17146"}],"wp:attachment":[{"href":"https:\/\/milke.se\/en\/wp-json\/wp\/v2\/media?parent=10495"}],"curies":[{"name":"wp","href":"https:\/\/api.w.org\/{rel}","templated":true}]}}