{"id":1317,"date":"2019-09-28T21:15:17","date_gmt":"2019-09-28T19:15:17","guid":{"rendered":"https:\/\/milke.se\/?page_id=1317"},"modified":"2021-02-08T07:16:10","modified_gmt":"2021-02-08T06:16:10","slug":"milke-technologie","status":"publish","type":"page","link":"https:\/\/milke.se\/en\/milke-technologie\/","title":{"rendered":"MILKE Technologie"},"content":{"rendered":"<div class=\"wpb-content-wrapper\"><div class=\"vc_row wpb_row vc_row-fluid\"><div class=\"wpb_column vc_column_container vc_col-sm-8 vc_col-lg-offset-2 vc_col-lg-8 vc_col-md-offset-0 vc_col-md-12 vc_col-sm-offset-0\"><div class=\"vc_column-inner\"><div class=\"wpb_wrapper\">\n\t<div class=\"wpb_text_column wpb_content_element\" >\n\t\t<div class=\"wpb_wrapper\">\n\t\t\t<blockquote><p>\nKONTROLA JAKO\u015aCI\n<\/p><\/blockquote>\n<p>Posiadamy w\u0142asne zaplecze badawczo-rozwojowe. Prowadzimy proces kontroli jako\u015bci na ka\u017cdym etapie produkcji. Pocz\u0105wszy od momentu dostarczanych surowc\u00f3w, poprzez proces tworzenia betonu, po weryfikacj\u0119 ko\u0144cowych parametr\u00f3w wyrob\u00f3w.<br \/>\nW laboratorium Kontroli Jako\u015bci oraz poprzez Dzia\u0142 Badawczo-Rozwojowy stale weryfikujemy poziom oraz rozwijamy gam\u0119 produkt\u00f3w. Wsp\u00f3\u0142pracujemy tak\u017ce z innymi laboratoriami akredytowanymi, celem testowania nowych rozwi\u0105za\u0144. Badania prowadzone s\u0105 m.in. w Instytucie Mechanizacji Budownictwa i G\u00f3rnictwa Skalnego oraz Laboratorium Blick System.<\/p>\n<p>Laboratorium Kontroli Jako\u015bci MILKE wyposa\u017cone jest we wszelki sprz\u0119t, w tym pras\u0119 do badania wytrzyma\u0142o\u015bci na zginanie firmy TESTOMETRIC M350.<\/p>\n<p>Dzia\u0142 Badawczo-Rozwojowy testuje nowe rozwi\u0105zania i kolory. Obecnie ponad 460 kolor\u00f3w i odcieni sprawdzanych jest pod k\u0105tem doboru w\u0142a\u015bciwych pigment\u00f3w, odpornych na alkalia i promieniowanie s\u0142oneczne UV. Dzi\u0119ki temu tylko te kolory, kt\u00f3re zapewniaj\u0105 trwa\u0142o\u015b\u0107 po latach dopuszczamy do u\u017cytku.<\/p>\n<p>Poszukujemy tak\u017ce rozwi\u0105za\u0144 przyjaznych \u015brodowisku naturalnemu. Testujemy rozwi\u0105zania z cementem o w\u0142a\u015bciwo\u015bciach katalizuj\u0105cych rozpad tlenk\u00f3w azotu, zanieczyszcze\u0144 obecnych w powietrzu.<\/p>\n<div id='gallery-1' class='gallery galleryid-1317 gallery-columns-2 gallery-size-large'><figure class='gallery-item'>\n\t\t\t<div class='gallery-icon landscape'>\n\t\t\t\t<a href='https:\/\/milke.se\/en\/milke-technologie\/milke-firma-1\/'><img loading=\"lazy\" decoding=\"async\" width=\"640\" height=\"427\" src=\"https:\/\/milke.se\/wp-content\/uploads\/2020\/03\/milke-firma-1-1024x683.jpg\" class=\"attachment-large size-large\" alt=\"\" srcset=\"https:\/\/milke.se\/wp-content\/uploads\/2020\/03\/milke-firma-1-1024x683.jpg 1024w, https:\/\/milke.se\/wp-content\/uploads\/2020\/03\/milke-firma-1-300x200.jpg 300w, https:\/\/milke.se\/wp-content\/uploads\/2020\/03\/milke-firma-1-768x513.jpg 768w, https:\/\/milke.se\/wp-content\/uploads\/2020\/03\/milke-firma-1-1536x1025.jpg 1536w, https:\/\/milke.se\/wp-content\/uploads\/2020\/03\/milke-firma-1-360x240.jpg 360w, https:\/\/milke.se\/wp-content\/uploads\/2020\/03\/milke-firma-1-565x377.jpg 565w, https:\/\/milke.se\/wp-content\/uploads\/2020\/03\/milke-firma-1-937x625.jpg 937w, https:\/\/milke.se\/wp-content\/uploads\/2020\/03\/milke-firma-1.jpg 1900w\" sizes=\"auto, (max-width: 640px) 100vw, 640px\" \/><\/a>\n\t\t\t<\/div><\/figure><figure class='gallery-item'>\n\t\t\t<div class='gallery-icon landscape'>\n\t\t\t\t<a href='https:\/\/milke.se\/en\/milke-technologie\/milke-firma-2\/'><img loading=\"lazy\" decoding=\"async\" width=\"640\" height=\"427\" src=\"https:\/\/milke.se\/wp-content\/uploads\/2020\/03\/23-1024x683.jpg\" class=\"attachment-large size-large\" alt=\"\" srcset=\"https:\/\/milke.se\/wp-content\/uploads\/2020\/03\/23-1024x683.jpg 1024w, https:\/\/milke.se\/wp-content\/uploads\/2020\/03\/23-300x200.jpg 300w, https:\/\/milke.se\/wp-content\/uploads\/2020\/03\/23-768x513.jpg 768w, https:\/\/milke.se\/wp-content\/uploads\/2020\/03\/23-1536x1025.jpg 1536w, https:\/\/milke.se\/wp-content\/uploads\/2020\/03\/23-360x240.jpg 360w, https:\/\/milke.se\/wp-content\/uploads\/2020\/03\/23-565x377.jpg 565w, https:\/\/milke.se\/wp-content\/uploads\/2020\/03\/23-937x625.jpg 937w, https:\/\/milke.se\/wp-content\/uploads\/2020\/03\/23.jpg 1900w\" sizes=\"auto, (max-width: 640px) 100vw, 640px\" \/><\/a>\n\t\t\t<\/div><\/figure>\n\t\t<\/div>\n\n<blockquote><p>\nPARAMETRY\n<\/p><\/blockquote>\n<p>Nasze wyroby betonowe zapewniaj\u0105 najwy\u017csz\u0105 jako\u015b\u0107 na lata. Zar\u00f3wno p\u0142ytki dekoracyjne, jak i beton architektoniczny oraz p\u0142yty zbrojone w\u0142\u00f3knem szklanym GRC, zapewniaj\u0105 trwa\u0142o\u015b\u0107 i ochron\u0119 w ka\u017cdych warunkach.<\/p>\n<p>Zar\u00f3wno zim\u0105, jak i latem wyroby te gwarantuj\u0105 obni\u017con\u0105 absorpcj\u0119 kapilarn\u0105 z pod\u0142o\u017ca i ch\u0142onno\u015b\u0107 wody, wysok\u0105 mrozoodporno\u015b\u0107 oraz odporno\u015b\u0107 na promieniowanie ultrafioletowe.<\/p>\n<p><span style=\"font-size: 1.4rem;\">Nasze p\u0142yty wyr\u00f3\u017cnia bardzo wysoka wytrzyma\u0142o\u015b\u0107 na \u015bciskanie i zginanie. Receptury naszego betonu osi\u0105gaj\u0105 wytrzyma\u0142o\u015b\u0107 na \u015bciskanie blisko 70MPa, za\u015b wytrzyma\u0142o\u015b\u0107 na zginanie ponad 25MPa. To blisko 2-krotnie wi\u0119cej ni\u017c stawiane tym wyrobom wymagania.<\/span><\/p>\n<div id='gallery-2' class='gallery galleryid-1317 gallery-columns-2 gallery-size-large'><figure class='gallery-item'>\n\t\t\t<div class='gallery-icon landscape'>\n\t\t\t\t<a href='https:\/\/milke.se\/en\/milke-technologie\/milke-firma-3\/'><img loading=\"lazy\" decoding=\"async\" width=\"640\" height=\"427\" src=\"https:\/\/milke.se\/wp-content\/uploads\/2020\/03\/milke-firma-3-1024x683.jpg\" class=\"attachment-large size-large\" alt=\"\" srcset=\"https:\/\/milke.se\/wp-content\/uploads\/2020\/03\/milke-firma-3-1024x683.jpg 1024w, https:\/\/milke.se\/wp-content\/uploads\/2020\/03\/milke-firma-3-300x200.jpg 300w, https:\/\/milke.se\/wp-content\/uploads\/2020\/03\/milke-firma-3-768x513.jpg 768w, https:\/\/milke.se\/wp-content\/uploads\/2020\/03\/milke-firma-3-1536x1025.jpg 1536w, https:\/\/milke.se\/wp-content\/uploads\/2020\/03\/milke-firma-3-360x240.jpg 360w, https:\/\/milke.se\/wp-content\/uploads\/2020\/03\/milke-firma-3-565x377.jpg 565w, https:\/\/milke.se\/wp-content\/uploads\/2020\/03\/milke-firma-3-937x625.jpg 937w, https:\/\/milke.se\/wp-content\/uploads\/2020\/03\/milke-firma-3.jpg 1900w\" sizes=\"auto, (max-width: 640px) 100vw, 640px\" \/><\/a>\n\t\t\t<\/div><\/figure><figure class='gallery-item'>\n\t\t\t<div class='gallery-icon landscape'>\n\t\t\t\t<a href='https:\/\/milke.se\/en\/milke-technologie\/milke-firma-4\/'><img loading=\"lazy\" decoding=\"async\" width=\"640\" height=\"426\" src=\"https:\/\/milke.se\/wp-content\/uploads\/2020\/03\/milke-firma-4-1024x682.png\" class=\"attachment-large size-large\" alt=\"Prasa wytrzyma\u0142o\u015bciowa MILKE\" srcset=\"https:\/\/milke.se\/wp-content\/uploads\/2020\/03\/milke-firma-4-1024x682.png 1024w, https:\/\/milke.se\/wp-content\/uploads\/2020\/03\/milke-firma-4-300x200.png 300w, https:\/\/milke.se\/wp-content\/uploads\/2020\/03\/milke-firma-4-768x512.png 768w, https:\/\/milke.se\/wp-content\/uploads\/2020\/03\/milke-firma-4-360x240.png 360w, https:\/\/milke.se\/wp-content\/uploads\/2020\/03\/milke-firma-4-565x376.png 565w, https:\/\/milke.se\/wp-content\/uploads\/2020\/03\/milke-firma-4-937x624.png 937w, https:\/\/milke.se\/wp-content\/uploads\/2020\/03\/milke-firma-4.png 1120w\" sizes=\"auto, (max-width: 640px) 100vw, 640px\" \/><\/a>\n\t\t\t<\/div><\/figure>\n\t\t<\/div>\n\n\n\t\t<\/div>\n\t<\/div>\n<\/div><\/div><\/div><\/div>\n<\/div>","protected":false},"excerpt":{"rendered":"KONTROLA JAKO\u015aCI Posiadamy w\u0142asne zaplecze badawczo-rozwojowe. Prowadzimy proces kontroli jako\u015bci na ka\u017cdym etapie produkcji. Pocz\u0105wszy od momentu dostarczanych surowc\u00f3w, poprzez proces tworzenia betonu, po weryfikacj\u0119 ko\u0144cowych parametr\u00f3w wyrob\u00f3w. W laboratorium&hellip;","protected":false},"author":10,"featured_media":0,"parent":0,"menu_order":0,"comment_status":"closed","ping_status":"closed","template":"","meta":{"footnotes":""},"class_list":["post-1317","page","type-page","status-publish","hentry"],"yoast_head":"<!-- This site is optimized with the Yoast SEO plugin v27.5 - https:\/\/yoast.com\/product\/yoast-seo-wordpress\/ -->\n<title>MILKE Technologie - Sklep milke.se<\/title>\n<meta name=\"description\" content=\"Posiadamy w\u0142asne zaplecze badawczo-rozwojowe. Prowadzimy proces kontroli jako\u015bci na ka\u017cdym etapie produkcji. Wsp\u00f3\u0142pracujemy tak\u017ce z innymi laboratoriami akredytowanymi, celem testowania nowych rozwi\u0105za\u0144.\" \/>\n<meta name=\"robots\" content=\"index, follow, max-snippet:-1, max-image-preview:large, max-video-preview:-1\" \/>\n<link rel=\"canonical\" href=\"https:\/\/milke.se\/en\/milke-technologie\/\" \/>\n<meta property=\"og:locale\" content=\"en_GB\" \/>\n<meta property=\"og:type\" content=\"article\" \/>\n<meta property=\"og:title\" content=\"MILKE Technologie - Sklep milke.se\" \/>\n<meta property=\"og:description\" content=\"Posiadamy w\u0142asne zaplecze badawczo-rozwojowe. Prowadzimy proces kontroli jako\u015bci na ka\u017cdym etapie produkcji. Wsp\u00f3\u0142pracujemy tak\u017ce z innymi laboratoriami akredytowanymi, celem testowania nowych rozwi\u0105za\u0144.\" \/>\n<meta property=\"og:url\" content=\"https:\/\/milke.se\/en\/milke-technologie\/\" \/>\n<meta property=\"og:site_name\" content=\"Sklep milke.se\" \/>\n<meta property=\"article:modified_time\" content=\"2021-02-08T06:16:10+00:00\" \/>\n<meta name=\"twitter:card\" content=\"summary_large_image\" \/>\n<meta name=\"twitter:label1\" content=\"Estimated reading time\" \/>\n\t<meta name=\"twitter:data1\" content=\"2 minutes\" \/>\n<script type=\"application\/ld+json\" class=\"yoast-schema-graph\">{\"@context\":\"https:\\\/\\\/schema.org\",\"@graph\":[{\"@type\":\"WebPage\",\"@id\":\"https:\\\/\\\/milke.se\\\/milke-technologie\\\/\",\"url\":\"https:\\\/\\\/milke.se\\\/milke-technologie\\\/\",\"name\":\"MILKE Technologie - Sklep milke.se\",\"isPartOf\":{\"@id\":\"https:\\\/\\\/milke.se\\\/en\\\/#website\"},\"datePublished\":\"2019-09-28T19:15:17+00:00\",\"dateModified\":\"2021-02-08T06:16:10+00:00\",\"description\":\"Posiadamy w\u0142asne zaplecze badawczo-rozwojowe. Prowadzimy proces kontroli jako\u015bci na ka\u017cdym etapie produkcji. Wsp\u00f3\u0142pracujemy tak\u017ce z innymi laboratoriami akredytowanymi, celem testowania nowych rozwi\u0105za\u0144.\",\"breadcrumb\":{\"@id\":\"https:\\\/\\\/milke.se\\\/milke-technologie\\\/#breadcrumb\"},\"inLanguage\":\"en-GB\",\"potentialAction\":[{\"@type\":\"ReadAction\",\"target\":[\"https:\\\/\\\/milke.se\\\/milke-technologie\\\/\"]}]},{\"@type\":\"BreadcrumbList\",\"@id\":\"https:\\\/\\\/milke.se\\\/milke-technologie\\\/#breadcrumb\",\"itemListElement\":[{\"@type\":\"ListItem\",\"position\":1,\"name\":\"Strona g\u0142\u00f3wna\",\"item\":\"https:\\\/\\\/milke.se\\\/en\\\/\"},{\"@type\":\"ListItem\",\"position\":2,\"name\":\"MILKE Technologie\"}]},{\"@type\":\"WebSite\",\"@id\":\"https:\\\/\\\/milke.se\\\/en\\\/#website\",\"url\":\"https:\\\/\\\/milke.se\\\/en\\\/\",\"name\":\"Sklep milke.se\",\"description\":\"\",\"potentialAction\":[{\"@type\":\"SearchAction\",\"target\":{\"@type\":\"EntryPoint\",\"urlTemplate\":\"https:\\\/\\\/milke.se\\\/en\\\/?s={search_term_string}\"},\"query-input\":{\"@type\":\"PropertyValueSpecification\",\"valueRequired\":true,\"valueName\":\"search_term_string\"}}],\"inLanguage\":\"en-GB\"}]}<\/script>\n<!-- \/ Yoast SEO plugin. -->","yoast_head_json":{"title":"MILKE Technologie - Sklep milke.se","description":"Posiadamy w\u0142asne zaplecze badawczo-rozwojowe. Prowadzimy proces kontroli jako\u015bci na ka\u017cdym etapie produkcji. Wsp\u00f3\u0142pracujemy tak\u017ce z innymi laboratoriami akredytowanymi, celem testowania nowych rozwi\u0105za\u0144.","robots":{"index":"index","follow":"follow","max-snippet":"max-snippet:-1","max-image-preview":"max-image-preview:large","max-video-preview":"max-video-preview:-1"},"canonical":"https:\/\/milke.se\/en\/milke-technologie\/","og_locale":"en_GB","og_type":"article","og_title":"MILKE Technologie - Sklep milke.se","og_description":"Posiadamy w\u0142asne zaplecze badawczo-rozwojowe. Prowadzimy proces kontroli jako\u015bci na ka\u017cdym etapie produkcji. Wsp\u00f3\u0142pracujemy tak\u017ce z innymi laboratoriami akredytowanymi, celem testowania nowych rozwi\u0105za\u0144.","og_url":"https:\/\/milke.se\/en\/milke-technologie\/","og_site_name":"Sklep milke.se","article_modified_time":"2021-02-08T06:16:10+00:00","twitter_card":"summary_large_image","twitter_misc":{"Estimated reading time":"2 minutes"},"schema":{"@context":"https:\/\/schema.org","@graph":[{"@type":"WebPage","@id":"https:\/\/milke.se\/milke-technologie\/","url":"https:\/\/milke.se\/milke-technologie\/","name":"MILKE Technologie - Sklep milke.se","isPartOf":{"@id":"https:\/\/milke.se\/en\/#website"},"datePublished":"2019-09-28T19:15:17+00:00","dateModified":"2021-02-08T06:16:10+00:00","description":"Posiadamy w\u0142asne zaplecze badawczo-rozwojowe. Prowadzimy proces kontroli jako\u015bci na ka\u017cdym etapie produkcji. Wsp\u00f3\u0142pracujemy tak\u017ce z innymi laboratoriami akredytowanymi, celem testowania nowych rozwi\u0105za\u0144.","breadcrumb":{"@id":"https:\/\/milke.se\/milke-technologie\/#breadcrumb"},"inLanguage":"en-GB","potentialAction":[{"@type":"ReadAction","target":["https:\/\/milke.se\/milke-technologie\/"]}]},{"@type":"BreadcrumbList","@id":"https:\/\/milke.se\/milke-technologie\/#breadcrumb","itemListElement":[{"@type":"ListItem","position":1,"name":"Strona g\u0142\u00f3wna","item":"https:\/\/milke.se\/en\/"},{"@type":"ListItem","position":2,"name":"MILKE Technologie"}]},{"@type":"WebSite","@id":"https:\/\/milke.se\/en\/#website","url":"https:\/\/milke.se\/en\/","name":"Shop milke.se","description":"","potentialAction":[{"@type":"SearchAction","target":{"@type":"EntryPoint","urlTemplate":"https:\/\/milke.se\/en\/?s={search_term_string}"},"query-input":{"@type":"PropertyValueSpecification","valueRequired":true,"valueName":"search_term_string"}}],"inLanguage":"en-GB"}]}},"_links":{"self":[{"href":"https:\/\/milke.se\/en\/wp-json\/wp\/v2\/pages\/1317","targetHints":{"allow":["GET"]}}],"collection":[{"href":"https:\/\/milke.se\/en\/wp-json\/wp\/v2\/pages"}],"about":[{"href":"https:\/\/milke.se\/en\/wp-json\/wp\/v2\/types\/page"}],"author":[{"embeddable":true,"href":"https:\/\/milke.se\/en\/wp-json\/wp\/v2\/users\/10"}],"replies":[{"embeddable":true,"href":"https:\/\/milke.se\/en\/wp-json\/wp\/v2\/comments?post=1317"}],"version-history":[{"count":8,"href":"https:\/\/milke.se\/en\/wp-json\/wp\/v2\/pages\/1317\/revisions"}],"predecessor-version":[{"id":7491,"href":"https:\/\/milke.se\/en\/wp-json\/wp\/v2\/pages\/1317\/revisions\/7491"}],"wp:attachment":[{"href":"https:\/\/milke.se\/en\/wp-json\/wp\/v2\/media?parent=1317"}],"curies":[{"name":"wp","href":"https:\/\/api.w.org\/{rel}","templated":true}]}}