{"id":2,"date":"2019-08-27T08:47:39","date_gmt":"2019-08-27T08:47:39","guid":{"rendered":"http:\/\/wp-4-9-8.autoinstalator.eu\/?page_id=2"},"modified":"2019-08-27T08:47:39","modified_gmt":"2019-08-27T08:47:39","slug":"przykladowa-strona","status":"publish","type":"page","link":"https:\/\/milke.se\/en\/przykladowa-strona\/","title":{"rendered":"Przyk\u0142adowa strona"},"content":{"rendered":"<p>To jest przyk\u0142adowa strona. Strony s\u0105 inne ni\u017c wpisy na blogu, poniewa\u017c nie tylko znajduj\u0105 si\u0119 zawsze w jednym miejscu, ale tak\u017ce pojawiaj\u0105 si\u0119 w menu witryny (w wi\u0119kszo\u015bci motyw\u00f3w). Wi\u0119kszo\u015b\u0107 u\u017cytkownik\u00f3w umieszcza na swoich witrynach stron\u0119 z informacjami o sobie, dzi\u0119ki kt\u00f3rym przedstawiaj\u0105 si\u0119 odwiedzaj\u0105cym ich witryn\u0119. Taka strona mo\u017ce zawiera\u0107 na przyk\u0142ad taki tekst:<\/p>\n<blockquote><p>Cze\u015b\u0107! Za dnia jestem go\u0144cem, a noc\u0105 pr\u00f3buj\u0119 swoich si\u0142 w aktorstwie. To jest moja witryna. Mieszkam w Los Angeles, mam wspania\u0142ego psa, kt\u00f3ry wabi si\u0119 Jack i lubi\u0119 pi\u00f1a colad\u0119 (a tak\u017ce spacery, gdy pada deszcz).<\/p><\/blockquote>\n<p>\u2026 lub taki:<\/p>\n<blockquote><p>Firma Wihajstry XYZ zosta\u0142a za\u0142o\u017cona w 1971 roku i od pocz\u0105tku swojego istnienia zajmuje si\u0119 produkcj\u0105 najlepszych wihajstr\u00f3w. W naszej siedzibie w Gotham City pracuje ponad 2000 os\u00f3b, kt\u00f3re zajmuj\u0105 si\u0119 robieniem ca\u0142ej masy fantastycznych rzeczy dla mieszka\u0144c\u00f3w Gotham.<\/p><\/blockquote>\n<p>Jako nowy u\u017cytkownik WordPressa powiniene\u015b przej\u015b\u0107 do <a href=\"http:\/\/wp-4-9-8.autoinstalator.eu\/wp-admin\/\">swojego kokpitu<\/a>, aby usun\u0105\u0107 t\u0119 stron\u0119 i utworzy\u0107 nowe strony z w\u0142asn\u0105 tre\u015bci\u0105. Baw si\u0119 dobrze!<\/p>","protected":false},"excerpt":{"rendered":"<p>To jest przyk\u0142adowa strona. Strony s\u0105 inne ni\u017c wpisy na blogu, poniewa\u017c nie tylko znajduj\u0105 si\u0119 zawsze w jednym miejscu, ale tak\u017ce pojawiaj\u0105 si\u0119 w menu witryny (w wi\u0119kszo\u015bci motyw\u00f3w).&hellip;<\/p>","protected":false},"author":10,"featured_media":0,"parent":0,"menu_order":0,"comment_status":"closed","ping_status":"open","template":"","meta":{"footnotes":""},"class_list":["post-2","page","type-page","status-publish","hentry"],"yoast_head":"<!-- This site is optimized with the Yoast SEO plugin v27.5 - https:\/\/yoast.com\/product\/yoast-seo-wordpress\/ -->\n<title>Przyk\u0142adowa strona - Sklep milke.se<\/title>\n<meta name=\"robots\" content=\"index, follow, max-snippet:-1, max-image-preview:large, max-video-preview:-1\" \/>\n<link rel=\"canonical\" href=\"https:\/\/milke.se\/en\/przykladowa-strona\/\" \/>\n<meta property=\"og:locale\" content=\"en_GB\" \/>\n<meta property=\"og:type\" content=\"article\" \/>\n<meta property=\"og:title\" content=\"Przyk\u0142adowa strona - Sklep milke.se\" \/>\n<meta property=\"og:description\" content=\"To jest przyk\u0142adowa strona. Strony s\u0105 inne ni\u017c wpisy na blogu, poniewa\u017c nie tylko znajduj\u0105 si\u0119 zawsze w jednym miejscu, ale tak\u017ce pojawiaj\u0105 si\u0119 w menu witryny (w wi\u0119kszo\u015bci motyw\u00f3w).&hellip;\" \/>\n<meta property=\"og:url\" content=\"https:\/\/milke.se\/en\/przykladowa-strona\/\" \/>\n<meta property=\"og:site_name\" content=\"Sklep milke.se\" \/>\n<meta name=\"twitter:card\" content=\"summary_large_image\" \/>\n<meta name=\"twitter:label1\" content=\"Estimated reading time\" \/>\n\t<meta name=\"twitter:data1\" content=\"1 minute\" \/>\n<script type=\"application\/ld+json\" class=\"yoast-schema-graph\">{\"@context\":\"https:\\\/\\\/schema.org\",\"@graph\":[{\"@type\":\"WebPage\",\"@id\":\"https:\\\/\\\/milke.se\\\/en\\\/przykladowa-strona\\\/\",\"url\":\"https:\\\/\\\/milke.se\\\/en\\\/przykladowa-strona\\\/\",\"name\":\"Przyk\u0142adowa strona - Sklep milke.se\",\"isPartOf\":{\"@id\":\"https:\\\/\\\/milke.se\\\/#website\"},\"datePublished\":\"2019-08-27T08:47:39+00:00\",\"breadcrumb\":{\"@id\":\"https:\\\/\\\/milke.se\\\/en\\\/przykladowa-strona\\\/#breadcrumb\"},\"inLanguage\":\"en-GB\",\"potentialAction\":[{\"@type\":\"ReadAction\",\"target\":[\"https:\\\/\\\/milke.se\\\/en\\\/przykladowa-strona\\\/\"]}]},{\"@type\":\"BreadcrumbList\",\"@id\":\"https:\\\/\\\/milke.se\\\/en\\\/przykladowa-strona\\\/#breadcrumb\",\"itemListElement\":[{\"@type\":\"ListItem\",\"position\":1,\"name\":\"Strona g\u0142\u00f3wna\",\"item\":\"https:\\\/\\\/milke.se\\\/\"},{\"@type\":\"ListItem\",\"position\":2,\"name\":\"Przyk\u0142adowa strona\"}]},{\"@type\":\"WebSite\",\"@id\":\"https:\\\/\\\/milke.se\\\/#website\",\"url\":\"https:\\\/\\\/milke.se\\\/\",\"name\":\"Sklep milke.se\",\"description\":\"\",\"potentialAction\":[{\"@type\":\"SearchAction\",\"target\":{\"@type\":\"EntryPoint\",\"urlTemplate\":\"https:\\\/\\\/milke.se\\\/?s={search_term_string}\"},\"query-input\":{\"@type\":\"PropertyValueSpecification\",\"valueRequired\":true,\"valueName\":\"search_term_string\"}}],\"inLanguage\":\"en-GB\"}]}<\/script>\n<!-- \/ Yoast SEO plugin. -->","yoast_head_json":{"title":"Przyk\u0142adowa strona - Sklep milke.se","robots":{"index":"index","follow":"follow","max-snippet":"max-snippet:-1","max-image-preview":"max-image-preview:large","max-video-preview":"max-video-preview:-1"},"canonical":"https:\/\/milke.se\/en\/przykladowa-strona\/","og_locale":"en_GB","og_type":"article","og_title":"Przyk\u0142adowa strona - Sklep milke.se","og_description":"To jest przyk\u0142adowa strona. Strony s\u0105 inne ni\u017c wpisy na blogu, poniewa\u017c nie tylko znajduj\u0105 si\u0119 zawsze w jednym miejscu, ale tak\u017ce pojawiaj\u0105 si\u0119 w menu witryny (w wi\u0119kszo\u015bci motyw\u00f3w).&hellip;","og_url":"https:\/\/milke.se\/en\/przykladowa-strona\/","og_site_name":"Sklep milke.se","twitter_card":"summary_large_image","twitter_misc":{"Estimated reading time":"1 minute"},"schema":{"@context":"https:\/\/schema.org","@graph":[{"@type":"WebPage","@id":"https:\/\/milke.se\/en\/przykladowa-strona\/","url":"https:\/\/milke.se\/en\/przykladowa-strona\/","name":"Przyk\u0142adowa strona - Sklep milke.se","isPartOf":{"@id":"https:\/\/milke.se\/#website"},"datePublished":"2019-08-27T08:47:39+00:00","breadcrumb":{"@id":"https:\/\/milke.se\/en\/przykladowa-strona\/#breadcrumb"},"inLanguage":"en-GB","potentialAction":[{"@type":"ReadAction","target":["https:\/\/milke.se\/en\/przykladowa-strona\/"]}]},{"@type":"BreadcrumbList","@id":"https:\/\/milke.se\/en\/przykladowa-strona\/#breadcrumb","itemListElement":[{"@type":"ListItem","position":1,"name":"Strona g\u0142\u00f3wna","item":"https:\/\/milke.se\/"},{"@type":"ListItem","position":2,"name":"Przyk\u0142adowa strona"}]},{"@type":"WebSite","@id":"https:\/\/milke.se\/#website","url":"https:\/\/milke.se\/","name":"Shop milke.se","description":"","potentialAction":[{"@type":"SearchAction","target":{"@type":"EntryPoint","urlTemplate":"https:\/\/milke.se\/?s={search_term_string}"},"query-input":{"@type":"PropertyValueSpecification","valueRequired":true,"valueName":"search_term_string"}}],"inLanguage":"en-GB"}]}},"_links":{"self":[{"href":"https:\/\/milke.se\/en\/wp-json\/wp\/v2\/pages\/2","targetHints":{"allow":["GET"]}}],"collection":[{"href":"https:\/\/milke.se\/en\/wp-json\/wp\/v2\/pages"}],"about":[{"href":"https:\/\/milke.se\/en\/wp-json\/wp\/v2\/types\/page"}],"author":[{"embeddable":true,"href":"https:\/\/milke.se\/en\/wp-json\/wp\/v2\/users\/10"}],"replies":[{"embeddable":true,"href":"https:\/\/milke.se\/en\/wp-json\/wp\/v2\/comments?post=2"}],"version-history":[{"count":0,"href":"https:\/\/milke.se\/en\/wp-json\/wp\/v2\/pages\/2\/revisions"}],"wp:attachment":[{"href":"https:\/\/milke.se\/en\/wp-json\/wp\/v2\/media?parent=2"}],"curies":[{"name":"wp","href":"https:\/\/api.w.org\/{rel}","templated":true}]}}