{"id":2386,"date":"2019-10-23T16:02:14","date_gmt":"2019-10-23T14:02:14","guid":{"rendered":"https:\/\/milke.se\/?page_id=2386"},"modified":"2024-10-09T09:24:35","modified_gmt":"2024-10-09T07:24:35","slug":"warunki-gwarancji","status":"publish","type":"page","link":"https:\/\/milke.se\/en\/warunki-gwarancji\/","title":{"rendered":"Warranty conditions"},"content":{"rendered":"<div class=\"wpb-content-wrapper\"><div class=\"vc_row wpb_row vc_row-fluid\"><div class=\"wpb_column vc_column_container vc_col-sm-8 vc_col-lg-offset-2 vc_col-lg-8 vc_col-md-offset-0 vc_col-md-12 vc_col-sm-offset-0\"><div class=\"vc_column-inner\"><div class=\"wpb_wrapper\">\n\t<div class=\"wpb_text_column wpb_content_element\" >\n\t\t<div class=\"wpb_wrapper\">\n\t\t\t<blockquote>\n<p>WARUNKI GWARANCJI<\/p>\n<\/blockquote>\n<ul class=\"wp-block-list\">\n<li>Sprzedawca ponosi odpowiedzialno\u015b\u0107 w ramach r\u0119kojmi tylko wobec Odbiorcy, je\u015bli ten jest osob\u0105 fizyczn\u0105 nieprowadz\u0105c\u0105 dzia\u0142alno\u015bci gospodarczej.<\/li>\n<li>Odbiorca ma obowi\u0105zek sprawdzenia zam\u00f3wionego towaru pod wzgl\u0119dem ilo\u015bciowym i jako\u015bciowym w ci\u0105gu 24 godzin od momentu odbioru przesy\u0142ki. Po tym czasie uwzgl\u0119dniane b\u0119d\u0105 jedynie reklamacje dotycz\u0105ce niezgodno\u015bci towaru z umow\u0105.<\/li>\n<li>Odpowiedzialno\u015b\u0107 z tytu\u0142u gwarancji obejmuje wy\u0142\u0105cznie wady powsta\u0142e z przyczyn tkwi\u0105cych w samym wyrobie.<\/li>\n<li>Gwarancja nie obejmuje uszkodze\u0144 ani defekt\u00f3w wynikaj\u0105cych z nieprawid\u0142owego przechowywania, monta\u017cu, transportu, eksploatacji czy u\u017cycia niezgodnie z przeznaczeniem. Dodatkowo, nie s\u0105 obj\u0119te gwarancj\u0105 uszkodzenia mechaniczne ani r\u00f3\u017cnice wielko\u015bciowe (miesz\u0105ce si\u0119 w podanej normie)\u00a0czy kolorystyczne, a tak\u017ce typowe dla betonu cechy, jak i p\u0119cherze, o kt\u00f3rych mowa jest w Karcie Produktu.<\/li>\n<li>Uprawnienia gwarancyjne obowi\u0105zuj\u0105 wy\u0142\u0105cznie na terenie Polski i pod warunkiem pe\u0142nego przestrzegania zalece\u0144 opisanych w Karcie Produktu.<\/li>\n<li>Produkty, kt\u00f3re zosta\u0142y zamontowane, doci\u0119te na wymiar lub w inny spos\u00f3b dostosowane do miejsca monta\u017cu, nie podlegaj\u0105 reklamacji.<\/li>\n<li>Sprzedawca w \u017cadnej sytuacji nie b\u0119dzie odpowiada\u0142 za szkody powsta\u0142e w wyniku nieprawid\u0142owego lub niezgodnego ze sztuk\u0105 budowlan\u0105 monta\u017cu oraz spowodowane monta\u017cem w spos\u00f3b uniemo\u017cliwiaj\u0105cy demonta\u017c bez uszkodzenia innych element\u00f3w.<\/li>\n<li>Wysoko\u015b\u0107 roszcze\u0144 z tytu\u0142u gwarancji nie mo\u017ce przewy\u017csza\u0107 warto\u015bci towaru podlegaj\u0105cego reklamacji.<\/li>\n<li>W przypadku uszkodzenia przesy\u0142ki lub jej opakowania, b\u0105d\u017a niezgodno\u015bci ilo\u015bciowej w stosunku do zam\u00f3wienia, klient ma obowi\u0105zek dope\u0142nienia formalno\u015bci wobec firmy transportowej, jak spisanie protoko\u0142u na druku przewo\u017anika i wykonanie dokumentacji fotograficznej w obecno\u015bci kuriera. Klient musi niezw\u0142ocznie poinformowa\u0107 Sprzedawc\u0119 o zaistnia\u0142ej sytuacji i przes\u0142a\u0107 komplet dokument\u00f3w, w przeciwnym razie reklamacja mo\u017ce nie by\u0107 uznana.<\/li>\n<li>Odpowiedzialno\u015b\u0107 Sprzedaj\u0105cego w zakresie reklamacji wygasa, je\u015bli towar zosta\u0142 przez Nabywc\u0119 przetworzony lub uszkodzony ponad to, co zosta\u0142o udokumentowane w protokole. W przypadku braku mo\u017cliwo\u015bci jednoznacznego ustalenia przyczyn wady produktu, sporz\u0105dzona zostanie ekspertyza techniczna.<\/li>\n<li>Do czasu rozpatrzenia reklamacji Nabywca musi nale\u017cycie zabezpieczy\u0107 i przechowywa\u0107 towar, aby unikn\u0105\u0107 uszkodze\u0144 czy przebarwie\u0144.<\/li>\n<li>Nieuregulowanie pozosta\u0142ej cz\u0119\u015bci nale\u017cno\u015bci za towar mo\u017ce spowodowa\u0107 wstrzymanie procedury reklamacyjnej i wyd\u0142u\u017cenie czasu jej rozpatrzenia o czas zw\u0142oki w p\u0142atno\u015bci.<\/li>\n<\/ul>\n<p>\u00a0<\/p>\n\n\t\t<\/div>\n\t<\/div>\n<\/div><\/div><\/div><\/div><\/div>","protected":false},"excerpt":{"rendered":"WARUNKI GWARANCJI Sprzedawca ponosi odpowiedzialno\u015b\u0107 w ramach r\u0119kojmi tylko wobec Odbiorcy, je\u015bli ten jest osob\u0105 fizyczn\u0105 nieprowadz\u0105c\u0105 dzia\u0142alno\u015bci gospodarczej. Odbiorca ma obowi\u0105zek sprawdzenia zam\u00f3wionego towaru pod wzgl\u0119dem ilo\u015bciowym i jako\u015bciowym&hellip;","protected":false},"author":10,"featured_media":0,"parent":0,"menu_order":0,"comment_status":"closed","ping_status":"closed","template":"","meta":{"footnotes":""},"class_list":["post-2386","page","type-page","status-publish","hentry"],"yoast_head":"<!-- This site is optimized with the Yoast SEO plugin v27.5 - https:\/\/yoast.com\/product\/yoast-seo-wordpress\/ -->\n<title>Warunki gwarancji - Sklep milke.se<\/title>\n<meta name=\"robots\" content=\"index, follow, max-snippet:-1, max-image-preview:large, max-video-preview:-1\" \/>\n<link rel=\"canonical\" href=\"https:\/\/milke.se\/en\/warunki-gwarancji\/\" \/>\n<meta property=\"og:locale\" content=\"en_GB\" \/>\n<meta property=\"og:type\" content=\"article\" \/>\n<meta property=\"og:title\" content=\"Warunki gwarancji - Sklep milke.se\" \/>\n<meta property=\"og:url\" content=\"https:\/\/milke.se\/en\/warunki-gwarancji\/\" \/>\n<meta property=\"og:site_name\" content=\"Sklep milke.se\" \/>\n<meta property=\"article:modified_time\" content=\"2024-10-09T07:24:35+00:00\" \/>\n<meta name=\"twitter:card\" content=\"summary_large_image\" \/>\n<meta name=\"twitter:label1\" content=\"Estimated reading time\" \/>\n\t<meta name=\"twitter:data1\" content=\"2 minutes\" \/>\n<script type=\"application\/ld+json\" class=\"yoast-schema-graph\">{\"@context\":\"https:\\\/\\\/schema.org\",\"@graph\":[{\"@type\":\"WebPage\",\"@id\":\"https:\\\/\\\/milke.se\\\/warunki-gwarancji\\\/\",\"url\":\"https:\\\/\\\/milke.se\\\/warunki-gwarancji\\\/\",\"name\":\"Warunki gwarancji - Sklep milke.se\",\"isPartOf\":{\"@id\":\"https:\\\/\\\/milke.se\\\/en\\\/#website\"},\"datePublished\":\"2019-10-23T14:02:14+00:00\",\"dateModified\":\"2024-10-09T07:24:35+00:00\",\"breadcrumb\":{\"@id\":\"https:\\\/\\\/milke.se\\\/warunki-gwarancji\\\/#breadcrumb\"},\"inLanguage\":\"en-GB\",\"potentialAction\":[{\"@type\":\"ReadAction\",\"target\":[\"https:\\\/\\\/milke.se\\\/warunki-gwarancji\\\/\"]}]},{\"@type\":\"BreadcrumbList\",\"@id\":\"https:\\\/\\\/milke.se\\\/warunki-gwarancji\\\/#breadcrumb\",\"itemListElement\":[{\"@type\":\"ListItem\",\"position\":1,\"name\":\"Strona g\u0142\u00f3wna\",\"item\":\"https:\\\/\\\/milke.se\\\/en\\\/\"},{\"@type\":\"ListItem\",\"position\":2,\"name\":\"Warunki gwarancji\"}]},{\"@type\":\"WebSite\",\"@id\":\"https:\\\/\\\/milke.se\\\/en\\\/#website\",\"url\":\"https:\\\/\\\/milke.se\\\/en\\\/\",\"name\":\"Sklep milke.se\",\"description\":\"\",\"potentialAction\":[{\"@type\":\"SearchAction\",\"target\":{\"@type\":\"EntryPoint\",\"urlTemplate\":\"https:\\\/\\\/milke.se\\\/en\\\/?s={search_term_string}\"},\"query-input\":{\"@type\":\"PropertyValueSpecification\",\"valueRequired\":true,\"valueName\":\"search_term_string\"}}],\"inLanguage\":\"en-GB\"}]}<\/script>\n<!-- \/ Yoast SEO plugin. -->","yoast_head_json":{"title":"Warunki gwarancji - Sklep milke.se","robots":{"index":"index","follow":"follow","max-snippet":"max-snippet:-1","max-image-preview":"max-image-preview:large","max-video-preview":"max-video-preview:-1"},"canonical":"https:\/\/milke.se\/en\/warunki-gwarancji\/","og_locale":"en_GB","og_type":"article","og_title":"Warunki gwarancji - Sklep milke.se","og_url":"https:\/\/milke.se\/en\/warunki-gwarancji\/","og_site_name":"Sklep milke.se","article_modified_time":"2024-10-09T07:24:35+00:00","twitter_card":"summary_large_image","twitter_misc":{"Estimated reading time":"2 minutes"},"schema":{"@context":"https:\/\/schema.org","@graph":[{"@type":"WebPage","@id":"https:\/\/milke.se\/warunki-gwarancji\/","url":"https:\/\/milke.se\/warunki-gwarancji\/","name":"Warunki gwarancji - Sklep milke.se","isPartOf":{"@id":"https:\/\/milke.se\/en\/#website"},"datePublished":"2019-10-23T14:02:14+00:00","dateModified":"2024-10-09T07:24:35+00:00","breadcrumb":{"@id":"https:\/\/milke.se\/warunki-gwarancji\/#breadcrumb"},"inLanguage":"en-GB","potentialAction":[{"@type":"ReadAction","target":["https:\/\/milke.se\/warunki-gwarancji\/"]}]},{"@type":"BreadcrumbList","@id":"https:\/\/milke.se\/warunki-gwarancji\/#breadcrumb","itemListElement":[{"@type":"ListItem","position":1,"name":"Strona g\u0142\u00f3wna","item":"https:\/\/milke.se\/en\/"},{"@type":"ListItem","position":2,"name":"Warunki gwarancji"}]},{"@type":"WebSite","@id":"https:\/\/milke.se\/en\/#website","url":"https:\/\/milke.se\/en\/","name":"Shop milke.se","description":"","potentialAction":[{"@type":"SearchAction","target":{"@type":"EntryPoint","urlTemplate":"https:\/\/milke.se\/en\/?s={search_term_string}"},"query-input":{"@type":"PropertyValueSpecification","valueRequired":true,"valueName":"search_term_string"}}],"inLanguage":"en-GB"}]}},"_links":{"self":[{"href":"https:\/\/milke.se\/en\/wp-json\/wp\/v2\/pages\/2386","targetHints":{"allow":["GET"]}}],"collection":[{"href":"https:\/\/milke.se\/en\/wp-json\/wp\/v2\/pages"}],"about":[{"href":"https:\/\/milke.se\/en\/wp-json\/wp\/v2\/types\/page"}],"author":[{"embeddable":true,"href":"https:\/\/milke.se\/en\/wp-json\/wp\/v2\/users\/10"}],"replies":[{"embeddable":true,"href":"https:\/\/milke.se\/en\/wp-json\/wp\/v2\/comments?post=2386"}],"version-history":[{"count":7,"href":"https:\/\/milke.se\/en\/wp-json\/wp\/v2\/pages\/2386\/revisions"}],"predecessor-version":[{"id":15484,"href":"https:\/\/milke.se\/en\/wp-json\/wp\/v2\/pages\/2386\/revisions\/15484"}],"wp:attachment":[{"href":"https:\/\/milke.se\/en\/wp-json\/wp\/v2\/media?parent=2386"}],"curies":[{"name":"wp","href":"https:\/\/api.w.org\/{rel}","templated":true}]}}