{"id":240,"date":"2017-06-07T14:30:24","date_gmt":"2017-06-07T12:30:24","guid":{"rendered":"http:\/\/demo.uix.store\/sober-furniture\/?page_id=240"},"modified":"2025-06-16T19:59:59","modified_gmt":"2025-06-16T17:59:59","slug":"o-nas","status":"publish","type":"page","link":"https:\/\/milke.se\/en\/o-nas\/","title":{"rendered":"About us"},"content":{"rendered":"<div class=\"wpb-content-wrapper\"><div class=\"vc_row wpb_row vc_row-fluid vc_custom_1480665418505\"><div class=\"wpb_column vc_column_container vc_col-sm-8 vc_col-lg-offset-2 vc_col-lg-8 vc_col-md-offset-0 vc_col-md-12 vc_col-sm-offset-0\"><div class=\"vc_column-inner\"><div class=\"wpb_wrapper\">\n\t<div class=\"wpb_text_column wpb_content_element\" >\n\t\t<div class=\"wpb_wrapper\">\n\t\t\t<h4 style=\"font-weight: 400;\">Drogi Czytelniku,<\/h4>\n<p style=\"font-weight: 400;\"><span style=\"text-decoration: underline;\"><span style=\"color: #000000; text-decoration: underline;\">Na wst\u0119pie bardzo nam mi\u0142o, z\u0307e mamy okazj\u0119 spotka\u0107 sie\u0328 z Tob\u0105 w\u0142a\u015bnie w tym miejscu.\u00a0<\/span><\/span><span style=\"text-decoration: underline;\"><span style=\"color: #000000; text-decoration: underline;\">Witaj\u0105 Ci\u0119 Gosia i Wojtek Milke, ale tak\u017ce ca\u0142y #MilkeTeam.<\/span><\/span><\/p>\n<p style=\"font-weight: 400;\">Zapraszamy Ci\u0119 do naszego s\u0301wiata, zbudowanego na mieszance pasji, kreatywnos\u0301ci i odrobiny pozytywnego szale\u0144stwa, niezb\u0119dnego do realizacji wielkich pomys\u0142\u00f3w. To dzi\u0119ki niemu od lat,\u00a0spod naszych r\u0105k, <span style=\"text-decoration: underline; color: #000080;\"><a style=\"color: #000080;\" href=\"https:\/\/milke.se\/en\/portfolio\/\" target=\"_blank\" rel=\"noopener\">wychodz\u0105 projekty niezwyk\u0142e, posiadaj\u0105ce \u201ecos\u0301\u201d do powiedzenia.<\/a><\/span><\/p>\n<p><a href=\"https:\/\/www.youtube.com\/watch?v=ogQpbVejRKA\" target=\"_blank\" rel=\"noopener\"><img loading=\"lazy\" decoding=\"async\" class=\"alignnone size-full wp-image-11166\" src=\"https:\/\/milke.se\/wp-content\/uploads\/2022\/09\/baner-film-fb-tlo.png\" alt=\"\" width=\"2880\" height=\"1088\" srcset=\"https:\/\/milke.se\/wp-content\/uploads\/2022\/09\/baner-film-fb-tlo.png 2880w, https:\/\/milke.se\/wp-content\/uploads\/2022\/09\/baner-film-fb-tlo-300x113.png 300w, https:\/\/milke.se\/wp-content\/uploads\/2022\/09\/baner-film-fb-tlo-1024x387.png 1024w, https:\/\/milke.se\/wp-content\/uploads\/2022\/09\/baner-film-fb-tlo-768x290.png 768w, https:\/\/milke.se\/wp-content\/uploads\/2022\/09\/baner-film-fb-tlo-1536x580.png 1536w, https:\/\/milke.se\/wp-content\/uploads\/2022\/09\/baner-film-fb-tlo-2048x774.png 2048w, https:\/\/milke.se\/wp-content\/uploads\/2022\/09\/baner-film-fb-tlo-565x213.png 565w, https:\/\/milke.se\/wp-content\/uploads\/2022\/09\/baner-film-fb-tlo-937x354.png 937w\" sizes=\"auto, (max-width: 2880px) 100vw, 2880px\" \/><\/a><\/p>\n<p style=\"font-weight: 400;\">Intensywny czas praktyk, szkole\u0144 i poszukiwa\u0144 rozwi\u0105za\u0144 technologicznych <span style=\"text-decoration: underline; color: #000080;\"><a style=\"color: #000080; text-decoration: underline;\" href=\"https:\/\/milke.se\/en\/poczatki-milke\/\" target=\"_blank\" rel=\"noopener\">zaowocowa\u0142 powstaniem firmy z siln\u0105 wizj\u0105<\/a><\/span>, najwy\u017csz\u0105 jakos\u0301ci\u0105 i niepowtarzalnymi produktami. Kaz\u0307dy z nich to osobna opowie\u015b\u0107. Tworzymy z potrzeby pi\u0119kna, zachowania w pami\u0119ci konkretnej faktury i formy. Jeste\u015bmy czuli na zjawiska spo\u0142eczne, kulturowe, czyst\u0105 natur\u0119. Zawsze jednak, najwaz\u0307niejszym impulsem towarzysz\u0105cym powstawaniu naszych wzoro\u0301w jestes\u0301 Ty.<\/p>\n<p style=\"font-weight: 400;\">Wsp\u00f3lne rozmowy przybieraj\u0105 realny kszta\u0142t. Uruchamiamy wyobra\u017ani\u0119, aby beton sta\u0142 si\u0119 materia\u0142em podatnym na Twoje pomys\u0142y. W\u00f3wczas rozpoczynamy proces produkcyjny, kt\u00f3ry wymusza juz\u0307 twarde st\u0105panie po ziemi. Tu licz\u0105 si\u0119 precyzja, dok\u0142adno\u015b\u0107, analityczne my\u015blenie i ci\u0119z\u0307ka praca ca\u0142ego zespo\u0142u MILKE. Efekty widzisz w kaz\u0307dym <span style=\"text-decoration: underline; color: #000080;\"><a style=\"color: #000080; text-decoration: underline;\" href=\"https:\/\/milke.se\/en\/sklep\/\" target=\"_blank\" rel=\"noopener\">kaflu, cegle czy p\u0142ycie<\/a><\/span>, kt\u00f3ra trafia w Twoje r\u0119ce.<\/p>\n<blockquote>\n<p style=\"font-weight: 400;\">Teraz Ty przejmujesz ster i zaczynasz tworzy\u0107 swoja\u0328 w\u0142asna\u0328 historie\u0328.<\/p>\n<\/blockquote>\n<p style=\"font-weight: 400;\">Zapraszamy Ci\u0119 do wsp\u00f3lnej przygody z MILKE!<\/p>\n<div id='gallery-1' class='gallery galleryid-240 gallery-columns-2 gallery-size-full'><figure class='gallery-item'>\n\t\t\t<div class='gallery-icon portrait'>\n\t\t\t\t<a href='https:\/\/milke.se\/en\/o-nas\/img_2314-2\/'><img loading=\"lazy\" decoding=\"async\" width=\"3024\" height=\"4032\" src=\"https:\/\/milke.se\/wp-content\/uploads\/2024\/08\/IMG_2314-2.png\" class=\"attachment-full size-full\" alt=\"\" srcset=\"https:\/\/milke.se\/wp-content\/uploads\/2024\/08\/IMG_2314-2.png 3024w, https:\/\/milke.se\/wp-content\/uploads\/2024\/08\/IMG_2314-2-225x300.png 225w, https:\/\/milke.se\/wp-content\/uploads\/2024\/08\/IMG_2314-2-768x1024.png 768w, https:\/\/milke.se\/wp-content\/uploads\/2024\/08\/IMG_2314-2-1152x1536.png 1152w, https:\/\/milke.se\/wp-content\/uploads\/2024\/08\/IMG_2314-2-1536x2048.png 1536w, https:\/\/milke.se\/wp-content\/uploads\/2024\/08\/IMG_2314-2-565x753.png 565w, https:\/\/milke.se\/wp-content\/uploads\/2024\/08\/IMG_2314-2-937x1249.png 937w\" sizes=\"auto, (max-width: 3024px) 100vw, 3024px\" \/><\/a>\n\t\t\t<\/div><\/figure><figure class='gallery-item'>\n\t\t\t<div class='gallery-icon portrait'>\n\t\t\t\t<a href='https:\/\/milke.se\/en\/o-nas\/malgorzata-milke_1\/'><img loading=\"lazy\" decoding=\"async\" width=\"3024\" height=\"4032\" src=\"https:\/\/milke.se\/wp-content\/uploads\/2024\/08\/Malgorzata-Milke_1.png\" class=\"attachment-full size-full\" alt=\"\" srcset=\"https:\/\/milke.se\/wp-content\/uploads\/2024\/08\/Malgorzata-Milke_1.png 3024w, https:\/\/milke.se\/wp-content\/uploads\/2024\/08\/Malgorzata-Milke_1-225x300.png 225w, https:\/\/milke.se\/wp-content\/uploads\/2024\/08\/Malgorzata-Milke_1-768x1024.png 768w, https:\/\/milke.se\/wp-content\/uploads\/2024\/08\/Malgorzata-Milke_1-1152x1536.png 1152w, https:\/\/milke.se\/wp-content\/uploads\/2024\/08\/Malgorzata-Milke_1-1536x2048.png 1536w, https:\/\/milke.se\/wp-content\/uploads\/2024\/08\/Malgorzata-Milke_1-565x753.png 565w, https:\/\/milke.se\/wp-content\/uploads\/2024\/08\/Malgorzata-Milke_1-937x1249.png 937w\" sizes=\"auto, (max-width: 3024px) 100vw, 3024px\" \/><\/a>\n\t\t\t<\/div><\/figure>\n\t\t<\/div>\n\n\n\t\t<\/div>\n\t<\/div>\n<\/div><\/div><\/div><\/div><div class=\"vc_row wpb_row vc_row-fluid\"><div class=\"wpb_column vc_column_container vc_col-sm-12\"><div class=\"vc_column-inner\"><div class=\"wpb_wrapper\"><h3 style=\"font-size: 40px;text-align: center\" class=\"vc_custom_heading vc_custom_1723027489979 text-center\" >Nagrody<\/h3><div class=\"vc_tta-container vc_tta-o-non-responsive\" data-vc-action=\"collapse\"><div class=\"vc_general vc_tta vc_tta-tabs vc_tta-o-shape-group vc_tta-has-pagination vc_tta-o-no-fill vc_tta-tabs-position-top  vc_tta-pageable\"><div class=\"vc_tta-panels-container\"><ul class=\"vc_general vc_pagination vc_pagination-style-flat vc_pagination-shape-square vc_pagination-color-grey\"><li class=\"vc_pagination-item vc_active\" data-vc-tab><a href=\"#1723028903928-4c14e5c0-fbbe\" class=\"vc_pagination-trigger\" data-vc-tabs data-vc-container=\".vc_tta\"><\/a><\/li><\/ul><div class=\"vc_tta-panels\"><div  class=\"vc_tta-panel vc_active\" id=\"1723028903928-4c14e5c0-fbbe\" data-vc-content=\".vc_tta-panel-body\"><div class=\"vc_tta-panel-body\">\n\t\t\t<span class=\"vc_tta-panel-title\">\n\t\t\t\t<a  data-vc-container=\".vc_tta-container\" data-vc-accordion=\"\" data-vc-target=\"#1723028903928-4c14e5c0-fbbe\"><\/a>\n\t\t\t<\/span>\n\t\t<div class=\"vc_row wpb_row vc_inner vc_row-fluid\"><div class=\"wpb_column vc_column_container vc_col-sm-6\"><div class=\"vc_column-inner\"><div class=\"wpb_wrapper\"><div class=\"sober-icon-box icon-type-external_link icon-style-normal\">\n\t\t\t\t<div class=\"box-icon\"><img decoding=\"async\" alt=\"\" src=\"https:\/\/milke.se\/wp-content\/uploads\/2021\/11\/logo-MILKE-male-200x150-1.png\"><\/div>\n\t\t\t\t<h3 class=\"box-title\"><\/h3>\n\t\t\t\t<div class=\"box-content\"><\/p>\n<p style=\"text-align: left;\"><span style=\"color: #000000;\">2021<\/span> &#8211; Z\u0142oty Laur Klienta 2021 w kategorii Jako\u015b\u0107 i innowacyjno\u015b\u0107 bran\u017cy budowlanej<br \/>\n<span style=\"color: #000000;\">2020<\/span> &#8211; Laur Konsumenta &#8211; Odkrycie Roku 2020<br \/>\n<span style=\"color: #000000;\">2019<\/span> &#8211; Wyr\u00f3\u017cnienie honorowe standOUT. \u00a0&#8211; Warsaw Build 2019<br \/>\n<span style=\"color: #000000;\">2017<\/span> &#8211; Wyr\u00f3\u017cnienie honorowe standOUT. \u00a0&#8211; Warsaw Home 2017<br \/>\n<span class=\"text_exposed_show\"><span style=\"color: #000000;\">2016<\/span> &#8211; &#8222;Firma Odkrycie Roku&#8221; &#8211; Warsaw Home 2016<br \/>\n<\/span><span class=\"text_exposed_show\"><span style=\"color: #000000;\">2016<\/span> &#8211; Wyr\u00f3\u017cnienie w kategorii &#8222;Innowator Roku&#8221;, w konkursie o Nagrod\u0119 Rektora WSGE &#8222;Innowator Biznesu 2015&#8221;<\/span><\/p>\n<p><\/div>\n\t\t\t<\/div><\/div><\/div><\/div><div class=\"wpb_column vc_column_container vc_col-sm-6\"><div class=\"vc_column-inner\"><div class=\"wpb_wrapper\"><div class=\"sober-icon-box icon-type-external_link icon-style-normal\">\n\t\t\t\t<div class=\"box-icon\"><img decoding=\"async\" alt=\"\" src=\"https:\/\/milke.se\/wp-content\/uploads\/2021\/11\/logo-TEKT-male-200x150-1.png\"><\/div>\n\t\t\t\t<h3 class=\"box-title\"><\/h3>\n\t\t\t\t<div class=\"box-content\"><span style=\"color: #000000;\">2017<\/span> &#8211; &#8222;Firma Roku<span class=\"text_exposed_show\">&#8222;, Poland Design Festiwal &#8211; Warsaw Home 2017<\/span><\/div>\n\t\t\t<\/div><\/div><\/div><\/div><\/div><\/div><\/div><\/div><\/div><\/div><\/div><\/div><\/div><\/div><\/div>\n<\/div>","protected":false},"excerpt":{"rendered":"Drogi Czytelniku, Na wst\u0119pie bardzo nam mi\u0142o, z\u0307e mamy okazj\u0119 spotka\u0107 sie\u0328 z Tob\u0105 w\u0142a\u015bnie w tym miejscu.\u00a0Witaj\u0105 Ci\u0119 Gosia i Wojtek Milke, ale tak\u017ce ca\u0142y #MilkeTeam. Zapraszamy Ci\u0119 do&hellip;","protected":false},"author":10,"featured_media":0,"parent":0,"menu_order":0,"comment_status":"closed","ping_status":"closed","template":"","meta":{"footnotes":""},"class_list":["post-240","page","type-page","status-publish","hentry"],"yoast_head":"<!-- This site is optimized with the Yoast SEO plugin v27.4 - https:\/\/yoast.com\/product\/yoast-seo-wordpress\/ -->\n<title>O nas - Sklep milke.se<\/title>\n<meta name=\"description\" content=\"Grupa MILKE sk\u0142ada si\u0119 z kilku segment\u00f3w obejmuj\u0105cych okre\u015blon\u0105 specjalizacj\u0119: Milke Brick, Tekt Concrete, Milke Inwestycje, Milke Design.\" \/>\n<meta name=\"robots\" content=\"index, follow, max-snippet:-1, max-image-preview:large, max-video-preview:-1\" \/>\n<link rel=\"canonical\" href=\"https:\/\/milke.se\/en\/o-nas\/\" \/>\n<meta property=\"og:locale\" content=\"en_GB\" \/>\n<meta property=\"og:type\" content=\"article\" \/>\n<meta property=\"og:title\" content=\"O nas - Sklep milke.se\" \/>\n<meta property=\"og:description\" content=\"Grupa MILKE sk\u0142ada si\u0119 z kilku segment\u00f3w obejmuj\u0105cych okre\u015blon\u0105 specjalizacj\u0119: Milke Brick, Tekt Concrete, Milke Inwestycje, Milke Design.\" \/>\n<meta property=\"og:url\" content=\"https:\/\/milke.se\/en\/o-nas\/\" \/>\n<meta property=\"og:site_name\" content=\"Sklep milke.se\" \/>\n<meta property=\"article:modified_time\" content=\"2025-06-16T17:59:59+00:00\" \/>\n<meta property=\"og:image\" content=\"https:\/\/milke.se\/wp-content\/uploads\/2022\/09\/baner-film-fb-tlo.png\" \/>\n<meta name=\"twitter:card\" content=\"summary_large_image\" \/>\n<meta name=\"twitter:label1\" content=\"Estimated reading time\" \/>\n\t<meta name=\"twitter:data1\" content=\"2 minutes\" \/>\n<script type=\"application\/ld+json\" class=\"yoast-schema-graph\">{\"@context\":\"https:\\\/\\\/schema.org\",\"@graph\":[{\"@type\":\"WebPage\",\"@id\":\"https:\\\/\\\/milke.se\\\/o-nas\\\/\",\"url\":\"https:\\\/\\\/milke.se\\\/o-nas\\\/\",\"name\":\"O nas - Sklep milke.se\",\"isPartOf\":{\"@id\":\"https:\\\/\\\/milke.se\\\/#website\"},\"primaryImageOfPage\":{\"@id\":\"https:\\\/\\\/milke.se\\\/o-nas\\\/#primaryimage\"},\"image\":{\"@id\":\"https:\\\/\\\/milke.se\\\/o-nas\\\/#primaryimage\"},\"thumbnailUrl\":\"https:\\\/\\\/milke.se\\\/wp-content\\\/uploads\\\/2022\\\/09\\\/baner-film-fb-tlo.png\",\"datePublished\":\"2017-06-07T12:30:24+00:00\",\"dateModified\":\"2025-06-16T17:59:59+00:00\",\"description\":\"Grupa MILKE sk\u0142ada si\u0119 z kilku segment\u00f3w obejmuj\u0105cych okre\u015blon\u0105 specjalizacj\u0119: Milke Brick, Tekt Concrete, Milke Inwestycje, Milke Design.\",\"breadcrumb\":{\"@id\":\"https:\\\/\\\/milke.se\\\/o-nas\\\/#breadcrumb\"},\"inLanguage\":\"en-GB\",\"potentialAction\":[{\"@type\":\"ReadAction\",\"target\":[\"https:\\\/\\\/milke.se\\\/o-nas\\\/\"]}]},{\"@type\":\"ImageObject\",\"inLanguage\":\"en-GB\",\"@id\":\"https:\\\/\\\/milke.se\\\/o-nas\\\/#primaryimage\",\"url\":\"https:\\\/\\\/milke.se\\\/wp-content\\\/uploads\\\/2022\\\/09\\\/baner-film-fb-tlo.png\",\"contentUrl\":\"https:\\\/\\\/milke.se\\\/wp-content\\\/uploads\\\/2022\\\/09\\\/baner-film-fb-tlo.png\"},{\"@type\":\"BreadcrumbList\",\"@id\":\"https:\\\/\\\/milke.se\\\/o-nas\\\/#breadcrumb\",\"itemListElement\":[{\"@type\":\"ListItem\",\"position\":1,\"name\":\"Strona g\u0142\u00f3wna\",\"item\":\"https:\\\/\\\/milke.se\\\/\"},{\"@type\":\"ListItem\",\"position\":2,\"name\":\"O nas\"}]},{\"@type\":\"WebSite\",\"@id\":\"https:\\\/\\\/milke.se\\\/#website\",\"url\":\"https:\\\/\\\/milke.se\\\/\",\"name\":\"Sklep milke.se\",\"description\":\"\",\"potentialAction\":[{\"@type\":\"SearchAction\",\"target\":{\"@type\":\"EntryPoint\",\"urlTemplate\":\"https:\\\/\\\/milke.se\\\/?s={search_term_string}\"},\"query-input\":{\"@type\":\"PropertyValueSpecification\",\"valueRequired\":true,\"valueName\":\"search_term_string\"}}],\"inLanguage\":\"en-GB\"}]}<\/script>\n<!-- \/ Yoast SEO plugin. -->","yoast_head_json":{"title":"O nas - Sklep milke.se","description":"Grupa MILKE sk\u0142ada si\u0119 z kilku segment\u00f3w obejmuj\u0105cych okre\u015blon\u0105 specjalizacj\u0119: Milke Brick, Tekt Concrete, Milke Inwestycje, Milke Design.","robots":{"index":"index","follow":"follow","max-snippet":"max-snippet:-1","max-image-preview":"max-image-preview:large","max-video-preview":"max-video-preview:-1"},"canonical":"https:\/\/milke.se\/en\/o-nas\/","og_locale":"en_GB","og_type":"article","og_title":"O nas - Sklep milke.se","og_description":"Grupa MILKE sk\u0142ada si\u0119 z kilku segment\u00f3w obejmuj\u0105cych okre\u015blon\u0105 specjalizacj\u0119: Milke Brick, Tekt Concrete, Milke Inwestycje, Milke Design.","og_url":"https:\/\/milke.se\/en\/o-nas\/","og_site_name":"Sklep milke.se","article_modified_time":"2025-06-16T17:59:59+00:00","og_image":[{"url":"https:\/\/milke.se\/wp-content\/uploads\/2022\/09\/baner-film-fb-tlo.png","type":"","width":"","height":""}],"twitter_card":"summary_large_image","twitter_misc":{"Estimated reading time":"2 minutes"},"schema":{"@context":"https:\/\/schema.org","@graph":[{"@type":"WebPage","@id":"https:\/\/milke.se\/o-nas\/","url":"https:\/\/milke.se\/o-nas\/","name":"O nas - Sklep milke.se","isPartOf":{"@id":"https:\/\/milke.se\/#website"},"primaryImageOfPage":{"@id":"https:\/\/milke.se\/o-nas\/#primaryimage"},"image":{"@id":"https:\/\/milke.se\/o-nas\/#primaryimage"},"thumbnailUrl":"https:\/\/milke.se\/wp-content\/uploads\/2022\/09\/baner-film-fb-tlo.png","datePublished":"2017-06-07T12:30:24+00:00","dateModified":"2025-06-16T17:59:59+00:00","description":"Grupa MILKE sk\u0142ada si\u0119 z kilku segment\u00f3w obejmuj\u0105cych okre\u015blon\u0105 specjalizacj\u0119: Milke Brick, Tekt Concrete, Milke Inwestycje, Milke Design.","breadcrumb":{"@id":"https:\/\/milke.se\/o-nas\/#breadcrumb"},"inLanguage":"en-GB","potentialAction":[{"@type":"ReadAction","target":["https:\/\/milke.se\/o-nas\/"]}]},{"@type":"ImageObject","inLanguage":"en-GB","@id":"https:\/\/milke.se\/o-nas\/#primaryimage","url":"https:\/\/milke.se\/wp-content\/uploads\/2022\/09\/baner-film-fb-tlo.png","contentUrl":"https:\/\/milke.se\/wp-content\/uploads\/2022\/09\/baner-film-fb-tlo.png"},{"@type":"BreadcrumbList","@id":"https:\/\/milke.se\/o-nas\/#breadcrumb","itemListElement":[{"@type":"ListItem","position":1,"name":"Strona g\u0142\u00f3wna","item":"https:\/\/milke.se\/"},{"@type":"ListItem","position":2,"name":"O nas"}]},{"@type":"WebSite","@id":"https:\/\/milke.se\/#website","url":"https:\/\/milke.se\/","name":"Shop milke.se","description":"","potentialAction":[{"@type":"SearchAction","target":{"@type":"EntryPoint","urlTemplate":"https:\/\/milke.se\/?s={search_term_string}"},"query-input":{"@type":"PropertyValueSpecification","valueRequired":true,"valueName":"search_term_string"}}],"inLanguage":"en-GB"}]}},"_links":{"self":[{"href":"https:\/\/milke.se\/en\/wp-json\/wp\/v2\/pages\/240","targetHints":{"allow":["GET"]}}],"collection":[{"href":"https:\/\/milke.se\/en\/wp-json\/wp\/v2\/pages"}],"about":[{"href":"https:\/\/milke.se\/en\/wp-json\/wp\/v2\/types\/page"}],"author":[{"embeddable":true,"href":"https:\/\/milke.se\/en\/wp-json\/wp\/v2\/users\/10"}],"replies":[{"embeddable":true,"href":"https:\/\/milke.se\/en\/wp-json\/wp\/v2\/comments?post=240"}],"version-history":[{"count":53,"href":"https:\/\/milke.se\/en\/wp-json\/wp\/v2\/pages\/240\/revisions"}],"predecessor-version":[{"id":17153,"href":"https:\/\/milke.se\/en\/wp-json\/wp\/v2\/pages\/240\/revisions\/17153"}],"wp:attachment":[{"href":"https:\/\/milke.se\/en\/wp-json\/wp\/v2\/media?parent=240"}],"curies":[{"name":"wp","href":"https:\/\/api.w.org\/{rel}","templated":true}]}}