{"id":5136,"date":"2020-03-29T14:13:22","date_gmt":"2020-03-29T12:13:22","guid":{"rendered":"https:\/\/milke.se\/?page_id=5136"},"modified":"2020-04-06T21:14:04","modified_gmt":"2020-04-06T19:14:04","slug":"zamow-probki","status":"publish","type":"page","link":"https:\/\/milke.se\/en\/zamow-probki\/","title":{"rendered":"Order samples"},"content":{"rendered":"<div class=\"wpb-content-wrapper\"><div class=\"vc_row wpb_row vc_row-fluid\"><div class=\"wpb_column vc_column_container vc_col-sm-3 vc_col-lg-offset-2 vc_col-lg-8 vc_col-md-offset-0 vc_col-md-12 vc_col-sm-offset-0\"><div class=\"vc_column-inner\"><div class=\"wpb_wrapper\">\n\t<div class=\"wpb_text_column wpb_content_element\" >\n\t\t<div class=\"wpb_wrapper\">\n\t\t\t<div class=\"vc_row wpb_row vc_row-fluid\"><\/div><div class=\"wpb_column vc_column_container vc_col-sm-12\"><div class=\"vc_column-inner\"><div class=\"wpb_wrapper\"><\/div><\/div><\/div>\n\t<div class=\"wpb_text_column wpb_content_element\" >\n\t\t<div class=\"wpb_wrapper\">\n\t\t\t\n\t\t<\/div>\n\t<\/div>\n<h4 class=\"wp-block-heading\"><span style=\"text-decoration: underline;\">Chcesz z\u0142o\u017cy\u0107 zam\u00f3wienie na betonowe produkty MILKE i TEKT?<\/span><br \/>Zastanawiasz si\u0119 jednak jak dany produkt wygl\u0105da w rzeczywisto\u015bci?<br \/>Chcia\u0142by\u015b przekona\u0107 si\u0119 jak konkretny kolor wygl\u0105da w \u015bwietle dziennym?<br \/>A mo\u017ce chcia\u0142by\u015b zam\u00f3wi\u0107 produkt w kolorze indywidualnym?<\/h4>\n<p>&nbsp;<\/p>\n<blockquote>\n<h4 class=\"wp-block-heading\">ORDER<br \/>PR\u00d3BKI PRODUKTOWE<\/h4>\n<\/blockquote>\n<p><span style=\"text-decoration: underline;\">Celem zam\u00f3wienia pr\u00f3bek produktowych nale\u017cy wys\u0142a\u0107 maila na adres: <\/span><a href=\"mailto:biuro@milke.se\"><span style=\"text-decoration: underline;\">piotrek@milke.se<\/span><\/a><\/p>\n<p>W tre\u015bci prosz\u0119 poda\u0107 informacje:<\/p>\n<ul class=\"wp-block-list\">\n<li>imi\u0119, nazwisko<\/li>\n<li>telefon<\/li>\n<li>e-mail<\/li>\n<li>adres wysy\u0142ki<\/li>\n<li>nazw\u0119 produktu<\/li>\n<li>ilo\u015b\u0107 sztuk<\/li>\n<li>kolor produktu<\/li>\n<\/ul>\n<p>Wysy\u0142ka pr\u00f3bek wyceniana jest indywidualnie, na podstawie przes\u0142anego zapytania.<\/p>\n<p>\u00a0<\/p>\n<blockquote>\n<h4 class=\"wp-block-heading\">ORDER<br \/>NIESTANDARDOWE PR\u00d3BKI KOLORYSTYCZNE<\/h4>\n<\/blockquote>\n<p><span style=\"text-decoration: underline;\">Celem zam\u00f3wienia pr\u00f3bek kolorystycznych innych ni\u017c oferowane na stronie www producenta, nale\u017cy wys\u0142a\u0107 maila na adres: <\/span><a href=\"mailto:biuro@milke.se\"><span style=\"text-decoration: underline;\">piotrek@milke.se<\/span><\/a><\/p>\n<p>W tre\u015bci prosz\u0119 poda\u0107 informacje:<\/p>\n<ul class=\"wp-block-list\">\n<li>imi\u0119, nazwisko<\/li>\n<li>telefon<\/li>\n<li>e-mail<\/li>\n<li>adres wysy\u0142ki<\/li>\n<li>nazw\u0119 produktu<\/li>\n<li>ilo\u015b\u0107 sztuk<\/li>\n<li>niestandardowy kolor<\/li>\n<\/ul>\n<p>\u00a0<\/p>\n<h5>Jak okre\u015bli\u0107 niestandardowy kolor?<\/h5>\n<ol class=\"wp-block-list\">\n<li>Przejrzyj WZORNIK RAL lub NCS.<\/li>\n<li>Podaj nam nazw\u0119 i numer wybranego koloru.<\/li>\n<li>Przygotujemy dla Ciebie pr\u00f3bk\u0119.<\/li>\n<\/ol>\n<p>Wysy\u0142ka pr\u00f3bek wyceniana jest indywidualnie, na podstawie przes\u0142anego zapytania.<\/p>\n<p>&nbsp;<\/p>\n<hr \/>\n<h4>Masz dodatkowe pytania?<br \/>Napisz lub zadzwo\u0144:<\/h4>\n<p>PIOTR FRANKOWICZ<br \/>piotrek@milke.se<br \/>+48 602 326 757<\/p>\n\n\t\t<\/div>\n\t<\/div>\n<\/div><\/div><\/div><div class=\"wpb_column vc_column_container vc_col-sm-9\"><div class=\"vc_column-inner\"><div class=\"wpb_wrapper\"><\/div><\/div><\/div><\/div><\/div>","protected":false},"excerpt":{"rendered":"Chcesz z\u0142o\u017cy\u0107 zam\u00f3wienie na betonowe produkty MILKE i TEKT?Zastanawiasz si\u0119 jednak jak dany produkt wygl\u0105da w rzeczywisto\u015bci?Chcia\u0142by\u015b przekona\u0107 si\u0119 jak konkretny kolor wygl\u0105da w \u015bwietle dziennym?A mo\u017ce chcia\u0142by\u015b zam\u00f3wi\u0107 produkt&hellip;","protected":false},"author":10,"featured_media":0,"parent":0,"menu_order":0,"comment_status":"closed","ping_status":"closed","template":"","meta":{"footnotes":""},"class_list":["post-5136","page","type-page","status-publish","hentry"],"yoast_head":"<!-- This site is optimized with the Yoast SEO plugin v27.3 - https:\/\/yoast.com\/product\/yoast-seo-wordpress\/ -->\n<title>Zam\u00f3w pr\u00f3bki - Sklep milke.se<\/title>\n<meta name=\"description\" content=\"Zastanawiasz si\u0119 jak produkty MILKE wygl\u0105daj\u0105 w rzeczywisto\u015bci? Chcia\u0142by\u015b przekona\u0107 si\u0119 jak konkretny kolor wygl\u0105da w \u015bwietle dziennym? Zam\u00f3w Pr\u00f3bki &gt;&gt;&gt;\" \/>\n<meta name=\"robots\" content=\"index, follow, max-snippet:-1, max-image-preview:large, max-video-preview:-1\" \/>\n<link rel=\"canonical\" href=\"https:\/\/milke.se\/en\/zamow-probki\/\" \/>\n<meta property=\"og:locale\" content=\"en_GB\" \/>\n<meta property=\"og:type\" content=\"article\" \/>\n<meta property=\"og:title\" content=\"Zam\u00f3w pr\u00f3bki - Sklep milke.se\" \/>\n<meta property=\"og:description\" content=\"Zastanawiasz si\u0119 jak produkty MILKE wygl\u0105daj\u0105 w rzeczywisto\u015bci? Chcia\u0142by\u015b przekona\u0107 si\u0119 jak konkretny kolor wygl\u0105da w \u015bwietle dziennym? Zam\u00f3w Pr\u00f3bki &gt;&gt;&gt;\" \/>\n<meta property=\"og:url\" content=\"https:\/\/milke.se\/en\/zamow-probki\/\" \/>\n<meta property=\"og:site_name\" content=\"Sklep milke.se\" \/>\n<meta property=\"article:modified_time\" content=\"2020-04-06T19:14:04+00:00\" \/>\n<meta name=\"twitter:card\" content=\"summary_large_image\" \/>\n<meta name=\"twitter:label1\" content=\"Estimated reading time\" \/>\n\t<meta name=\"twitter:data1\" content=\"1 minute\" \/>\n<script type=\"application\/ld+json\" class=\"yoast-schema-graph\">{\"@context\":\"https:\\\/\\\/schema.org\",\"@graph\":[{\"@type\":\"WebPage\",\"@id\":\"https:\\\/\\\/milke.se\\\/en\\\/zamow-probki\\\/\",\"url\":\"https:\\\/\\\/milke.se\\\/en\\\/zamow-probki\\\/\",\"name\":\"Zam\u00f3w pr\u00f3bki - Sklep milke.se\",\"isPartOf\":{\"@id\":\"https:\\\/\\\/milke.se\\\/#website\"},\"datePublished\":\"2020-03-29T12:13:22+00:00\",\"dateModified\":\"2020-04-06T19:14:04+00:00\",\"description\":\"Zastanawiasz si\u0119 jak produkty MILKE wygl\u0105daj\u0105 w rzeczywisto\u015bci? Chcia\u0142by\u015b przekona\u0107 si\u0119 jak konkretny kolor wygl\u0105da w \u015bwietle dziennym? Zam\u00f3w Pr\u00f3bki >>>\",\"breadcrumb\":{\"@id\":\"https:\\\/\\\/milke.se\\\/en\\\/zamow-probki\\\/#breadcrumb\"},\"inLanguage\":\"en-GB\",\"potentialAction\":[{\"@type\":\"ReadAction\",\"target\":[\"https:\\\/\\\/milke.se\\\/en\\\/zamow-probki\\\/\"]}]},{\"@type\":\"BreadcrumbList\",\"@id\":\"https:\\\/\\\/milke.se\\\/en\\\/zamow-probki\\\/#breadcrumb\",\"itemListElement\":[{\"@type\":\"ListItem\",\"position\":1,\"name\":\"Strona g\u0142\u00f3wna\",\"item\":\"https:\\\/\\\/milke.se\\\/\"},{\"@type\":\"ListItem\",\"position\":2,\"name\":\"Zam\u00f3w pr\u00f3bki\"}]},{\"@type\":\"WebSite\",\"@id\":\"https:\\\/\\\/milke.se\\\/#website\",\"url\":\"https:\\\/\\\/milke.se\\\/\",\"name\":\"Sklep milke.se\",\"description\":\"\",\"potentialAction\":[{\"@type\":\"SearchAction\",\"target\":{\"@type\":\"EntryPoint\",\"urlTemplate\":\"https:\\\/\\\/milke.se\\\/?s={search_term_string}\"},\"query-input\":{\"@type\":\"PropertyValueSpecification\",\"valueRequired\":true,\"valueName\":\"search_term_string\"}}],\"inLanguage\":\"en-GB\"}]}<\/script>\n<!-- \/ Yoast SEO plugin. -->","yoast_head_json":{"title":"Zam\u00f3w pr\u00f3bki - Sklep milke.se","description":"Zastanawiasz si\u0119 jak produkty MILKE wygl\u0105daj\u0105 w rzeczywisto\u015bci? Chcia\u0142by\u015b przekona\u0107 si\u0119 jak konkretny kolor wygl\u0105da w \u015bwietle dziennym? Zam\u00f3w Pr\u00f3bki >>>","robots":{"index":"index","follow":"follow","max-snippet":"max-snippet:-1","max-image-preview":"max-image-preview:large","max-video-preview":"max-video-preview:-1"},"canonical":"https:\/\/milke.se\/en\/zamow-probki\/","og_locale":"en_GB","og_type":"article","og_title":"Zam\u00f3w pr\u00f3bki - Sklep milke.se","og_description":"Zastanawiasz si\u0119 jak produkty MILKE wygl\u0105daj\u0105 w rzeczywisto\u015bci? Chcia\u0142by\u015b przekona\u0107 si\u0119 jak konkretny kolor wygl\u0105da w \u015bwietle dziennym? Zam\u00f3w Pr\u00f3bki >>>","og_url":"https:\/\/milke.se\/en\/zamow-probki\/","og_site_name":"Sklep milke.se","article_modified_time":"2020-04-06T19:14:04+00:00","twitter_card":"summary_large_image","twitter_misc":{"Estimated reading time":"1 minute"},"schema":{"@context":"https:\/\/schema.org","@graph":[{"@type":"WebPage","@id":"https:\/\/milke.se\/en\/zamow-probki\/","url":"https:\/\/milke.se\/en\/zamow-probki\/","name":"Zam\u00f3w pr\u00f3bki - Sklep milke.se","isPartOf":{"@id":"https:\/\/milke.se\/#website"},"datePublished":"2020-03-29T12:13:22+00:00","dateModified":"2020-04-06T19:14:04+00:00","description":"Zastanawiasz si\u0119 jak produkty MILKE wygl\u0105daj\u0105 w rzeczywisto\u015bci? Chcia\u0142by\u015b przekona\u0107 si\u0119 jak konkretny kolor wygl\u0105da w \u015bwietle dziennym? Zam\u00f3w Pr\u00f3bki >>>","breadcrumb":{"@id":"https:\/\/milke.se\/en\/zamow-probki\/#breadcrumb"},"inLanguage":"en-GB","potentialAction":[{"@type":"ReadAction","target":["https:\/\/milke.se\/en\/zamow-probki\/"]}]},{"@type":"BreadcrumbList","@id":"https:\/\/milke.se\/en\/zamow-probki\/#breadcrumb","itemListElement":[{"@type":"ListItem","position":1,"name":"Strona g\u0142\u00f3wna","item":"https:\/\/milke.se\/"},{"@type":"ListItem","position":2,"name":"Zam\u00f3w pr\u00f3bki"}]},{"@type":"WebSite","@id":"https:\/\/milke.se\/#website","url":"https:\/\/milke.se\/","name":"Shop milke.se","description":"","potentialAction":[{"@type":"SearchAction","target":{"@type":"EntryPoint","urlTemplate":"https:\/\/milke.se\/?s={search_term_string}"},"query-input":{"@type":"PropertyValueSpecification","valueRequired":true,"valueName":"search_term_string"}}],"inLanguage":"en-GB"}]}},"_links":{"self":[{"href":"https:\/\/milke.se\/en\/wp-json\/wp\/v2\/pages\/5136","targetHints":{"allow":["GET"]}}],"collection":[{"href":"https:\/\/milke.se\/en\/wp-json\/wp\/v2\/pages"}],"about":[{"href":"https:\/\/milke.se\/en\/wp-json\/wp\/v2\/types\/page"}],"author":[{"embeddable":true,"href":"https:\/\/milke.se\/en\/wp-json\/wp\/v2\/users\/10"}],"replies":[{"embeddable":true,"href":"https:\/\/milke.se\/en\/wp-json\/wp\/v2\/comments?post=5136"}],"version-history":[{"count":9,"href":"https:\/\/milke.se\/en\/wp-json\/wp\/v2\/pages\/5136\/revisions"}],"predecessor-version":[{"id":5572,"href":"https:\/\/milke.se\/en\/wp-json\/wp\/v2\/pages\/5136\/revisions\/5572"}],"wp:attachment":[{"href":"https:\/\/milke.se\/en\/wp-json\/wp\/v2\/media?parent=5136"}],"curies":[{"name":"wp","href":"https:\/\/api.w.org\/{rel}","templated":true}]}}