{"id":8937,"date":"2021-07-28T19:02:29","date_gmt":"2021-07-28T17:02:29","guid":{"rendered":"https:\/\/milke.se\/?page_id=8937"},"modified":"2025-06-18T17:24:55","modified_gmt":"2025-06-18T15:24:55","slug":"termin-realizacji","status":"publish","type":"page","link":"https:\/\/milke.se\/en\/termin-realizacji\/","title":{"rendered":"Implementation deadline"},"content":{"rendered":"<blockquote class=\"wp-block-quote is-layout-flow wp-block-quote-is-layout-flow\">\n<p>Sprawd\u017a dost\u0119pno\u015b\u0107 produktu<\/p>\n<\/blockquote>\n\n\n\n<p><span style=\"text-decoration: underline;\"><mark style=\"background-color:rgba(0, 0, 0, 0)\" class=\"has-inline-color has-black-color\">Informujemy, \u017ce produkty MILKE wykonujemy r\u0119cznie.<\/mark><\/span> Termin realizacji zam\u00f3wienia uzale\u017cniony jest od rodzaju wybranego produktu, jego koloru i wielko\u015bci zam\u00f3wienia (m2). Aby uzyska\u0107 informacje na temat dost\u0119pno\u015bci konkretnego produktu oraz jego terminu realizacji, prosimy o kontakt z nami. Dodatkowo, nale\u017cy r\u00f3wnie\u017c uwzgl\u0119dni\u0107 czas potrzebny na dostaw\u0119 przesy\u0142ki.<\/p>\n\n\n\n<p>Skontaktuj si\u0119 z nami pod adresem e-mail: <a>biuro@milke.se<\/a> lub telefonicznie pod numerem: 577 507 300. <br><\/p>\n\n\n\n<blockquote class=\"wp-block-quote is-layout-flow wp-block-quote-is-layout-flow\">\n<p>Koszt dostawy<\/p>\n<\/blockquote>\n\n\n\n<p>Dla Twojej wygody, transport zam\u00f3wienia jest realizowany przez firm\u0119 spedycyjn\u0105 lub kuriersk\u0105. Koszt dostawy zale\u017cy od wielko\u015bci zam\u00f3wienia oraz wybranego sposobu transportu. Kwota ta jest automatycznie obliczana w naszym sklepie internetowym lub podawana w ofercie mailowej.<\/p>\n\n\n\n<p>Je\u015bli wolisz, mo\u017cesz r\u00f3wnie\u017c osobi\u015bcie odebra\u0107 zam\u00f3wienie po wcze\u015bniejszym ustaleniu terminu (dnia i godziny) drog\u0105 mailow\u0105 lub telefoniczn\u0105.<\/p>\n\n\n\n<p>Adres fabryki: ul. Cz\u0119stochowska 41 05-480 Karczew<\/p>\n\n\n\n<p>Realizujemy przesy\u0142ki na terenie Rzeczypospolitej Polskiej, z mo\u017cliwo\u015bci\u0105 wysy\u0142ki poza granice kraju (po wcze\u015bniejszych ustaleniach). <\/p>\n\n\n\n<p class=\"has-vivid-cyan-blue-color has-text-color\"><a href=\"https:\/\/milke.se\/en\/warunki-transportu\/\" target=\"_blank\" rel=\"noreferrer noopener\"><span style=\"text-decoration: underline;\">Transport conditions<\/span><\/a><\/p>\n\n\n\n<blockquote class=\"wp-block-quote is-layout-flow wp-block-quote-is-layout-flow\">\n<p>Zam\u00f3wienia indywidualne<\/p>\n<\/blockquote>\n\n\n\n<p>W przypadku zam\u00f3wie\u0144 indywidualnych, termin realizacji oraz koszt transportu ustalane s\u0105 w drodze korespondencji mailowej. Nasz zesp\u00f3\u0142 jest gotowy, aby zapewni\u0107 Ci kompleksow\u0105 obs\u0142ug\u0119 i odpowiedzie\u0107 na wszystkie Twoje pytania.<\/p>\n\n\n\n<p>Zapraszamy.<\/p>","protected":false},"excerpt":{"rendered":"<p>Sprawd\u017a dost\u0119pno\u015b\u0107 produktu Informujemy, \u017ce produkty MILKE wykonujemy r\u0119cznie. Termin realizacji zam\u00f3wienia uzale\u017cniony jest od rodzaju wybranego produktu, jego koloru i wielko\u015bci zam\u00f3wienia (m2). Aby uzyska\u0107 informacje na temat dost\u0119pno\u015bci&hellip;<\/p>","protected":false},"author":10,"featured_media":0,"parent":0,"menu_order":0,"comment_status":"closed","ping_status":"closed","template":"","meta":{"footnotes":""},"class_list":["post-8937","page","type-page","status-publish","hentry"],"yoast_head":"<!-- This site is optimized with the Yoast SEO plugin v27.5 - https:\/\/yoast.com\/product\/yoast-seo-wordpress\/ -->\n<title>Termin realizacji - Sklep milke.se<\/title>\n<meta name=\"robots\" content=\"index, follow, max-snippet:-1, max-image-preview:large, max-video-preview:-1\" \/>\n<link rel=\"canonical\" href=\"https:\/\/milke.se\/en\/termin-realizacji\/\" \/>\n<meta property=\"og:locale\" content=\"en_GB\" \/>\n<meta property=\"og:type\" content=\"article\" \/>\n<meta property=\"og:title\" content=\"Termin realizacji - Sklep milke.se\" \/>\n<meta property=\"og:description\" content=\"Sprawd\u017a dost\u0119pno\u015b\u0107 produktu Informujemy, \u017ce produkty MILKE wykonujemy r\u0119cznie. Termin realizacji zam\u00f3wienia uzale\u017cniony jest od rodzaju wybranego produktu, jego koloru i wielko\u015bci zam\u00f3wienia (m2). Aby uzyska\u0107 informacje na temat dost\u0119pno\u015bci&hellip;\" \/>\n<meta property=\"og:url\" content=\"https:\/\/milke.se\/en\/termin-realizacji\/\" \/>\n<meta property=\"og:site_name\" content=\"Sklep milke.se\" \/>\n<meta property=\"article:modified_time\" content=\"2025-06-18T15:24:55+00:00\" \/>\n<meta name=\"twitter:card\" content=\"summary_large_image\" \/>\n<meta name=\"twitter:label1\" content=\"Estimated reading time\" \/>\n\t<meta name=\"twitter:data1\" content=\"2 minutes\" \/>\n<script type=\"application\/ld+json\" class=\"yoast-schema-graph\">{\"@context\":\"https:\\\/\\\/schema.org\",\"@graph\":[{\"@type\":\"WebPage\",\"@id\":\"https:\\\/\\\/milke.se\\\/termin-realizacji\\\/\",\"url\":\"https:\\\/\\\/milke.se\\\/termin-realizacji\\\/\",\"name\":\"Termin realizacji - Sklep milke.se\",\"isPartOf\":{\"@id\":\"https:\\\/\\\/milke.se\\\/en\\\/#website\"},\"datePublished\":\"2021-07-28T17:02:29+00:00\",\"dateModified\":\"2025-06-18T15:24:55+00:00\",\"breadcrumb\":{\"@id\":\"https:\\\/\\\/milke.se\\\/termin-realizacji\\\/#breadcrumb\"},\"inLanguage\":\"en-GB\",\"potentialAction\":[{\"@type\":\"ReadAction\",\"target\":[\"https:\\\/\\\/milke.se\\\/termin-realizacji\\\/\"]}]},{\"@type\":\"BreadcrumbList\",\"@id\":\"https:\\\/\\\/milke.se\\\/termin-realizacji\\\/#breadcrumb\",\"itemListElement\":[{\"@type\":\"ListItem\",\"position\":1,\"name\":\"Strona g\u0142\u00f3wna\",\"item\":\"https:\\\/\\\/milke.se\\\/en\\\/\"},{\"@type\":\"ListItem\",\"position\":2,\"name\":\"Termin realizacji\"}]},{\"@type\":\"WebSite\",\"@id\":\"https:\\\/\\\/milke.se\\\/en\\\/#website\",\"url\":\"https:\\\/\\\/milke.se\\\/en\\\/\",\"name\":\"Sklep milke.se\",\"description\":\"\",\"potentialAction\":[{\"@type\":\"SearchAction\",\"target\":{\"@type\":\"EntryPoint\",\"urlTemplate\":\"https:\\\/\\\/milke.se\\\/en\\\/?s={search_term_string}\"},\"query-input\":{\"@type\":\"PropertyValueSpecification\",\"valueRequired\":true,\"valueName\":\"search_term_string\"}}],\"inLanguage\":\"en-GB\"}]}<\/script>\n<!-- \/ Yoast SEO plugin. -->","yoast_head_json":{"title":"Termin realizacji - Sklep milke.se","robots":{"index":"index","follow":"follow","max-snippet":"max-snippet:-1","max-image-preview":"max-image-preview:large","max-video-preview":"max-video-preview:-1"},"canonical":"https:\/\/milke.se\/en\/termin-realizacji\/","og_locale":"en_GB","og_type":"article","og_title":"Termin realizacji - Sklep milke.se","og_description":"Sprawd\u017a dost\u0119pno\u015b\u0107 produktu Informujemy, \u017ce produkty MILKE wykonujemy r\u0119cznie. Termin realizacji zam\u00f3wienia uzale\u017cniony jest od rodzaju wybranego produktu, jego koloru i wielko\u015bci zam\u00f3wienia (m2). Aby uzyska\u0107 informacje na temat dost\u0119pno\u015bci&hellip;","og_url":"https:\/\/milke.se\/en\/termin-realizacji\/","og_site_name":"Sklep milke.se","article_modified_time":"2025-06-18T15:24:55+00:00","twitter_card":"summary_large_image","twitter_misc":{"Estimated reading time":"2 minutes"},"schema":{"@context":"https:\/\/schema.org","@graph":[{"@type":"WebPage","@id":"https:\/\/milke.se\/termin-realizacji\/","url":"https:\/\/milke.se\/termin-realizacji\/","name":"Termin realizacji - Sklep milke.se","isPartOf":{"@id":"https:\/\/milke.se\/en\/#website"},"datePublished":"2021-07-28T17:02:29+00:00","dateModified":"2025-06-18T15:24:55+00:00","breadcrumb":{"@id":"https:\/\/milke.se\/termin-realizacji\/#breadcrumb"},"inLanguage":"en-GB","potentialAction":[{"@type":"ReadAction","target":["https:\/\/milke.se\/termin-realizacji\/"]}]},{"@type":"BreadcrumbList","@id":"https:\/\/milke.se\/termin-realizacji\/#breadcrumb","itemListElement":[{"@type":"ListItem","position":1,"name":"Strona g\u0142\u00f3wna","item":"https:\/\/milke.se\/en\/"},{"@type":"ListItem","position":2,"name":"Termin realizacji"}]},{"@type":"WebSite","@id":"https:\/\/milke.se\/en\/#website","url":"https:\/\/milke.se\/en\/","name":"Shop milke.se","description":"","potentialAction":[{"@type":"SearchAction","target":{"@type":"EntryPoint","urlTemplate":"https:\/\/milke.se\/en\/?s={search_term_string}"},"query-input":{"@type":"PropertyValueSpecification","valueRequired":true,"valueName":"search_term_string"}}],"inLanguage":"en-GB"}]}},"_links":{"self":[{"href":"https:\/\/milke.se\/en\/wp-json\/wp\/v2\/pages\/8937","targetHints":{"allow":["GET"]}}],"collection":[{"href":"https:\/\/milke.se\/en\/wp-json\/wp\/v2\/pages"}],"about":[{"href":"https:\/\/milke.se\/en\/wp-json\/wp\/v2\/types\/page"}],"author":[{"embeddable":true,"href":"https:\/\/milke.se\/en\/wp-json\/wp\/v2\/users\/10"}],"replies":[{"embeddable":true,"href":"https:\/\/milke.se\/en\/wp-json\/wp\/v2\/comments?post=8937"}],"version-history":[{"count":19,"href":"https:\/\/milke.se\/en\/wp-json\/wp\/v2\/pages\/8937\/revisions"}],"predecessor-version":[{"id":17162,"href":"https:\/\/milke.se\/en\/wp-json\/wp\/v2\/pages\/8937\/revisions\/17162"}],"wp:attachment":[{"href":"https:\/\/milke.se\/en\/wp-json\/wp\/v2\/media?parent=8937"}],"curies":[{"name":"wp","href":"https:\/\/api.w.org\/{rel}","templated":true}]}}