{"id":8967,"date":"2021-07-29T08:41:19","date_gmt":"2021-07-29T06:41:19","guid":{"rendered":"https:\/\/milke.se\/?page_id=8967"},"modified":"2025-06-18T17:25:12","modified_gmt":"2025-06-18T15:25:12","slug":"pomoc-wyliczenia-montaz","status":"publish","type":"page","link":"https:\/\/milke.se\/en\/pomoc-wyliczenia-montaz\/","title":{"rendered":"Pomoc &#8211; Polityka wsparcia"},"content":{"rendered":"<blockquote class=\"wp-block-quote is-layout-flow wp-block-quote-is-layout-flow\">\n<p>Dzi\u0119kujemy! Jestem tu, aby pom\u00f3c w ka\u017cdej sprawie, na kt\u00f3rych si\u0119 znamy. <br>Czuj si\u0119 swobodnie, je\u015bli masz jakiekolwiek pytania lub potrzebujesz wsparcia. <\/p>\n<\/blockquote>\n\n\n\n<p><mark style=\"background-color:rgba(0, 0, 0, 0)\" class=\"has-inline-color has-black-color\"><span style=\"text-decoration: underline;\">W MILKE na ka\u017cdym etapie sk\u0142adania zam\u00f3wienia jeste\u015bmy do Twojej dyspozycji.<\/span><\/mark> Oferujemy profesjonaln\u0105 pomoc, wi\u0119c je\u017celi tylko szukasz dodatkowych informacji \u2013 \u015bmia\u0142o skontaktuj si\u0119 z nami. Napisz lub zadzwo\u0144. Je\u015bli natomiast Twoje pytanie b\u0119dzie wykracza\u0142o poza nasze bezpo\u015brednie kompetencje czy poza zakres naszego wsparcia \u2013 ch\u0119tnie doradzimy i polecimy osoby nam znane lub instytucje, kt\u00f3re b\u0119d\u0105 mog\u0142y Ci pom\u00f3c w temacie. Razem mo\u017cemy wi\u0119cej.<br><\/p>\n\n\n<div class=\"wp-block-image\">\n<figure class=\"aligncenter size-large is-resized\"><a href=\"https:\/\/milke.se\/wp-content\/uploads\/2021\/09\/pomoc-pyt..png\"><img loading=\"lazy\" decoding=\"async\" src=\"https:\/\/milke.se\/wp-content\/uploads\/2021\/09\/pomoc-pyt..png\" alt=\"\" class=\"wp-image-9513\" width=\"615\" height=\"750\" srcset=\"https:\/\/milke.se\/wp-content\/uploads\/2021\/09\/pomoc-pyt..png 820w, https:\/\/milke.se\/wp-content\/uploads\/2021\/09\/pomoc-pyt.-246x300.png 246w, https:\/\/milke.se\/wp-content\/uploads\/2021\/09\/pomoc-pyt.-768x937.png 768w, https:\/\/milke.se\/wp-content\/uploads\/2021\/09\/pomoc-pyt.-565x689.png 565w\" sizes=\"auto, (max-width: 615px) 100vw, 615px\" \/><\/a><\/figure><\/div>\n\n\n<blockquote class=\"wp-block-quote is-layout-flow wp-block-quote-is-layout-flow\">\n<p>Jak mo\u017cemy si\u0119 skontaktowa\u0107?<\/p>\n<\/blockquote>\n\n\n\n<ul class=\"wp-block-list\">\n<li>Wy\u015blij nam e-mail lub zadzwo\u0144.<br><mark style=\"background-color:rgba(0, 0, 0, 0)\" class=\"has-inline-color has-black-color\">biuro@milke.se<br>+48 577 507 300<br><\/mark><\/li>\n\n\n\n<li>Je\u017celi b\u0119dziesz na Facebooku czy Instagramie \u2013 wy\u015blij nam wiadomo\u015b\u0107.<br><a href=\"https:\/\/www.facebook.com\/milkegroup\/\" target=\"_blank\" rel=\"noreferrer noopener\"><span style=\"text-decoration: underline;\"><mark style=\"background-color:rgba(0, 0, 0, 0)\" class=\"has-inline-color has-vivid-cyan-blue-color\">FACEBOOK<\/mark><\/span><\/a><br><a href=\"https:\/\/www.instagram.com\/milke.se\/\" target=\"_blank\" rel=\"noreferrer noopener\"><mark style=\"background-color:rgba(0, 0, 0, 0)\" class=\"has-inline-color has-vivid-cyan-blue-color\"><span style=\"text-decoration: underline;\">INSTAGRAM<\/span><\/mark><\/a><\/li>\n<\/ul>\n\n\n\n<blockquote class=\"wp-block-quote is-layout-flow wp-block-quote-is-layout-flow\">\n<p>W jakich godzinach odpowiadamy?<\/p>\n<\/blockquote>\n\n\n\n<p>W naszej codziennej pracy przyj\u0119li\u015bmy standardowe godziny od 07:00 do 15:00, ale jest to bardziej teoretyczne za\u0142o\u017cenie. W praktyce, w zale\u017cno\u015bci od dzia\u0142u, nasze godziny pracy mog\u0105 by\u0107 elastyczne. Dok\u0142adamy wszelkich stara\u0144, aby jak najszybciej reagowa\u0107 na wszelkie zg\u0142oszenia, odpowiadaj\u0105c na nie natychmiast po ich otrzymaniu. Niemniej jednak, zdarza si\u0119, \u017ce mo\u017ce to potrwa\u0107 troch\u0119 d\u0142u\u017cej, zw\u0142aszcza gdy nie jeste\u015bmy w stanie odebra\u0107 od razu. Zapewniamy jednak, \u017ce zawsze otrzymasz od nas odpowied\u017a zwrotn\u0105.<\/p>\n\n\n\n<blockquote class=\"wp-block-quote is-layout-flow wp-block-quote-is-layout-flow\">\n<p>Dodatkowo<\/p>\n<\/blockquote>\n\n\n\n<p><mark style=\"background-color:rgba(0, 0, 0, 0)\" class=\"has-inline-color has-black-color\">KARTY TECHNICZNE<br><\/mark>Aby zapewni\u0107 Ci satysfakcj\u0119 z Twojej realizacji, zach\u0119camy do zapoznania si\u0119 z <a href=\"https:\/\/milke.se\/en\/karty-techniczne\/\" target=\"_blank\" rel=\"noreferrer noopener\"><span style=\"text-decoration: underline;\">Kartami Technicznymi danych produkt\u00f3w, kt\u00f3re planujesz zam\u00f3wi\u0107 u nas<\/span><\/a>. Dzi\u0119ki nim b\u0119dziesz mia\u0142 pe\u0142en obraz technicznych danych i specyfikacji produkt\u00f3w, co u\u0142atwi Ci dokonanie w\u0142a\u015bciwego wyboru.<\/p>\n\n\n\n<p><mark style=\"background-color:rgba(0, 0, 0, 0)\" class=\"has-inline-color has-black-color\">W Kartach Technicznych produkt\u00f3w MILKE znajdziesz kompleksowe informacje dotycz\u0105ce:<\/mark><\/p>\n\n\n\n<ul class=\"wp-block-list\">\n<li>charakterystyki produktu<\/li>\n\n\n\n<li>transportu, odbioru i weryfikacji zam\u00f3wienia<\/li>\n\n\n\n<li>sk\u0142adowania<\/li>\n\n\n\n<li>monta\u017cu<\/li>\n\n\n\n<li>konserwacji i impregnacji<\/li>\n\n\n\n<li>kwestii formalnych<\/li>\n\n\n\n<li>a w przypadku chemii monta\u017cowej r\u00f3wnie\u017c: w\u0142a\u015bciwo\u015bci, zastosowanie, przygotowanie, aplikacj\u0119, itp.<br><br><\/li>\n<\/ul>\n\n\n\n<p><mark style=\"background-color:rgba(0, 0, 0, 0)\" class=\"has-inline-color has-black-color\">INSTALLATION GUIDE<\/mark><\/p>\n\n\n\n<p>Przydatnym \u017ar\u00f3d\u0142em informacji b\u0119dzie nasz Poradnik Monta\u017cu, dost\u0119pny w formie e-booka, specjalnie przygotowany dla naszych Klient\u00f3w. Mo\u017cesz pobra\u0107 go za darmo <a href=\"https:\/\/milke.se\/en\/product\/poradnik-montazu-pdf\/\" target=\"_blank\" rel=\"noreferrer noopener\"><span style=\"text-decoration: underline;\"><mark style=\"background-color:rgba(0, 0, 0, 0)\" class=\"has-inline-color has-vivid-cyan-blue-color\">tutaj<\/mark><\/span><\/a> lub doda\u0107 do koszyka podczas sk\u0142adania zam\u00f3wienia w naszym sklepie internetowym.<\/p>\n\n\n\n<p class=\"has-black-color has-text-color\">To 44 strony praktycznej wiedzy, przedstawionej w prosty i przyst\u0119pny spos\u00f3b, dotycz\u0105cej p\u0142ytek ceglanych.<\/p>\n\n\n\n<p>Znajdziesz w nim odpowiedzi na pytania:<\/p>\n\n\n\n<ul class=\"wp-block-list\">\n<li>Co zrobi\u0107 przed zakupem ceg\u0142y?<\/li>\n\n\n\n<li>Jak przygotowa\u0107 pod\u0142o\u017ce i same p\u0142ytki?<\/li>\n\n\n\n<li>Z\u0142ote wskaz\u00f3wki dotycz\u0105ce klejenia i fugowania.<\/li>\n\n\n\n<li>Wyb\u00f3r odpowiedniego typu wi\u0105zania cegie\u0142.<\/li>\n\n\n\n<li>Metody ochrony przed wykwitami.<\/li>\n\n\n\n<li>Porady dotycz\u0105ce konserwacji, czyszczenia i impregnacji \u015bcian z ceg\u0142y.<\/li>\n<\/ul>\n\n\n\n<p>Zach\u0119camy do lektury zar\u00f3wno osoby odpowiedzialne za monta\u017c, samych Inwestor\u00f3w, jak i Architekt\u00f3w. W Poradniku znajdziesz ciekaw\u0105 wiedz\u0119 i wskaz\u00f3wki, kt\u00f3re mog\u0105 pom\u00f3c w zaplanowaniu, a nast\u0119pnie utrzymaniu w najlepszym stanie, przez d\u0142ugie lata swojej ceglanej realizacji.<\/p>\n\n\n\n<blockquote class=\"wp-block-quote is-layout-flow wp-block-quote-is-layout-flow\">\n<p>POBIERZ PORADNIK MONTA\u017bU KLIKAJ\u0104C W LINK PONI\u017bEJ<\/p>\n<\/blockquote>\n\n\n\n<figure class=\"wp-block-embed is-type-wp-embed is-provider-sklep-milke-se wp-block-embed-sklep-milke-se\"><div class=\"wp-block-embed__wrapper\">\n<blockquote class=\"wp-embedded-content\" data-secret=\"cggfLASfBZ\"><a href=\"https:\/\/milke.se\/en\/product\/poradnik-montazu-pdf\/\">GUIDE FOR INSTALLING BRICK TILES (PDF)<\/a><\/blockquote><iframe loading=\"lazy\" class=\"wp-embedded-content\" sandbox=\"allow-scripts\" security=\"restricted\" style=\"position: absolute; visibility: hidden;\" title=\"\u201ePORADNIK MONTA\u017bU p\u0142ytek ceglanych (PDF)\u201d \u2014 Sklep milke.se\" src=\"https:\/\/milke.se\/produkt\/poradnik-montazu-pdf\/embed\/#?secret=QR6dg3LYpv#?secret=cggfLASfBZ\" data-secret=\"cggfLASfBZ\" width=\"600\" height=\"338\" frameborder=\"0\" marginwidth=\"0\" marginheight=\"0\" scrolling=\"no\"><\/iframe>\n<\/div><\/figure>\n\n\n\n<p><br><\/p>\n\n\n\n<p><\/p>","protected":false},"excerpt":{"rendered":"<p>Dzi\u0119kujemy! Jestem tu, aby pom\u00f3c w ka\u017cdej sprawie, na kt\u00f3rych si\u0119 znamy. Czuj si\u0119 swobodnie, je\u015bli masz jakiekolwiek pytania lub potrzebujesz wsparcia. W MILKE na ka\u017cdym etapie sk\u0142adania zam\u00f3wienia jeste\u015bmy&hellip;<\/p>","protected":false},"author":10,"featured_media":0,"parent":0,"menu_order":0,"comment_status":"closed","ping_status":"closed","template":"","meta":{"footnotes":""},"class_list":["post-8967","page","type-page","status-publish","hentry"],"yoast_head":"<!-- This site is optimized with the Yoast SEO plugin v27.5 - https:\/\/yoast.com\/product\/yoast-seo-wordpress\/ -->\n<title>Pomoc - Polityka wsparcia - Sklep milke.se<\/title>\n<meta name=\"robots\" content=\"index, follow, max-snippet:-1, max-image-preview:large, max-video-preview:-1\" \/>\n<link rel=\"canonical\" href=\"http:\/\/milke.se\/en\/pomoc-wyliczenia-montaz\/\" \/>\n<meta property=\"og:locale\" content=\"en_GB\" \/>\n<meta property=\"og:type\" content=\"article\" \/>\n<meta property=\"og:title\" content=\"Pomoc - Polityka wsparcia - Sklep milke.se\" \/>\n<meta property=\"og:description\" content=\"Dzi\u0119kujemy! Jestem tu, aby pom\u00f3c w ka\u017cdej sprawie, na kt\u00f3rych si\u0119 znamy. Czuj si\u0119 swobodnie, je\u015bli masz jakiekolwiek pytania lub potrzebujesz wsparcia. W MILKE na ka\u017cdym etapie sk\u0142adania zam\u00f3wienia jeste\u015bmy&hellip;\" \/>\n<meta property=\"og:url\" content=\"http:\/\/milke.se\/en\/pomoc-wyliczenia-montaz\/\" \/>\n<meta property=\"og:site_name\" content=\"Sklep milke.se\" \/>\n<meta property=\"article:modified_time\" content=\"2025-06-18T15:25:12+00:00\" \/>\n<meta property=\"og:image\" content=\"https:\/\/milke.se\/wp-content\/uploads\/2021\/09\/pomoc-pyt..png\" \/>\n<meta name=\"twitter:card\" content=\"summary_large_image\" \/>\n<meta name=\"twitter:label1\" content=\"Estimated reading time\" \/>\n\t<meta name=\"twitter:data1\" content=\"3 minutes\" \/>\n<script type=\"application\/ld+json\" class=\"yoast-schema-graph\">{\"@context\":\"https:\\\/\\\/schema.org\",\"@graph\":[{\"@type\":\"WebPage\",\"@id\":\"http:\\\/\\\/milke.se\\\/en\\\/pomoc-wyliczenia-montaz\\\/\",\"url\":\"http:\\\/\\\/milke.se\\\/en\\\/pomoc-wyliczenia-montaz\\\/\",\"name\":\"Pomoc - Polityka wsparcia - Sklep milke.se\",\"isPartOf\":{\"@id\":\"https:\\\/\\\/milke.se\\\/en\\\/#website\"},\"primaryImageOfPage\":{\"@id\":\"http:\\\/\\\/milke.se\\\/en\\\/pomoc-wyliczenia-montaz\\\/#primaryimage\"},\"image\":{\"@id\":\"http:\\\/\\\/milke.se\\\/en\\\/pomoc-wyliczenia-montaz\\\/#primaryimage\"},\"thumbnailUrl\":\"https:\\\/\\\/milke.se\\\/wp-content\\\/uploads\\\/2021\\\/09\\\/pomoc-pyt..png\",\"datePublished\":\"2021-07-29T06:41:19+00:00\",\"dateModified\":\"2025-06-18T15:25:12+00:00\",\"breadcrumb\":{\"@id\":\"http:\\\/\\\/milke.se\\\/en\\\/pomoc-wyliczenia-montaz\\\/#breadcrumb\"},\"inLanguage\":\"en-GB\",\"potentialAction\":[{\"@type\":\"ReadAction\",\"target\":[\"http:\\\/\\\/milke.se\\\/en\\\/pomoc-wyliczenia-montaz\\\/\"]}]},{\"@type\":\"ImageObject\",\"inLanguage\":\"en-GB\",\"@id\":\"http:\\\/\\\/milke.se\\\/en\\\/pomoc-wyliczenia-montaz\\\/#primaryimage\",\"url\":\"https:\\\/\\\/milke.se\\\/wp-content\\\/uploads\\\/2021\\\/09\\\/pomoc-pyt..png\",\"contentUrl\":\"https:\\\/\\\/milke.se\\\/wp-content\\\/uploads\\\/2021\\\/09\\\/pomoc-pyt..png\"},{\"@type\":\"BreadcrumbList\",\"@id\":\"http:\\\/\\\/milke.se\\\/en\\\/pomoc-wyliczenia-montaz\\\/#breadcrumb\",\"itemListElement\":[{\"@type\":\"ListItem\",\"position\":1,\"name\":\"Strona g\u0142\u00f3wna\",\"item\":\"https:\\\/\\\/milke.se\\\/\"},{\"@type\":\"ListItem\",\"position\":2,\"name\":\"Pomoc &#8211; Polityka wsparcia\"}]},{\"@type\":\"WebSite\",\"@id\":\"https:\\\/\\\/milke.se\\\/en\\\/#website\",\"url\":\"https:\\\/\\\/milke.se\\\/en\\\/\",\"name\":\"Sklep milke.se\",\"description\":\"\",\"potentialAction\":[{\"@type\":\"SearchAction\",\"target\":{\"@type\":\"EntryPoint\",\"urlTemplate\":\"https:\\\/\\\/milke.se\\\/en\\\/?s={search_term_string}\"},\"query-input\":{\"@type\":\"PropertyValueSpecification\",\"valueRequired\":true,\"valueName\":\"search_term_string\"}}],\"inLanguage\":\"en-GB\"}]}<\/script>\n<!-- \/ Yoast SEO plugin. -->","yoast_head_json":{"title":"Pomoc - Polityka wsparcia - Sklep milke.se","robots":{"index":"index","follow":"follow","max-snippet":"max-snippet:-1","max-image-preview":"max-image-preview:large","max-video-preview":"max-video-preview:-1"},"canonical":"http:\/\/milke.se\/en\/pomoc-wyliczenia-montaz\/","og_locale":"en_GB","og_type":"article","og_title":"Pomoc - Polityka wsparcia - Sklep milke.se","og_description":"Dzi\u0119kujemy! Jestem tu, aby pom\u00f3c w ka\u017cdej sprawie, na kt\u00f3rych si\u0119 znamy. Czuj si\u0119 swobodnie, je\u015bli masz jakiekolwiek pytania lub potrzebujesz wsparcia. W MILKE na ka\u017cdym etapie sk\u0142adania zam\u00f3wienia jeste\u015bmy&hellip;","og_url":"http:\/\/milke.se\/en\/pomoc-wyliczenia-montaz\/","og_site_name":"Sklep milke.se","article_modified_time":"2025-06-18T15:25:12+00:00","og_image":[{"url":"https:\/\/milke.se\/wp-content\/uploads\/2021\/09\/pomoc-pyt..png","type":"","width":"","height":""}],"twitter_card":"summary_large_image","twitter_misc":{"Estimated reading time":"3 minutes"},"schema":{"@context":"https:\/\/schema.org","@graph":[{"@type":"WebPage","@id":"http:\/\/milke.se\/en\/pomoc-wyliczenia-montaz\/","url":"http:\/\/milke.se\/en\/pomoc-wyliczenia-montaz\/","name":"Pomoc - Polityka wsparcia - Sklep milke.se","isPartOf":{"@id":"https:\/\/milke.se\/en\/#website"},"primaryImageOfPage":{"@id":"http:\/\/milke.se\/en\/pomoc-wyliczenia-montaz\/#primaryimage"},"image":{"@id":"http:\/\/milke.se\/en\/pomoc-wyliczenia-montaz\/#primaryimage"},"thumbnailUrl":"https:\/\/milke.se\/wp-content\/uploads\/2021\/09\/pomoc-pyt..png","datePublished":"2021-07-29T06:41:19+00:00","dateModified":"2025-06-18T15:25:12+00:00","breadcrumb":{"@id":"http:\/\/milke.se\/en\/pomoc-wyliczenia-montaz\/#breadcrumb"},"inLanguage":"en-GB","potentialAction":[{"@type":"ReadAction","target":["http:\/\/milke.se\/en\/pomoc-wyliczenia-montaz\/"]}]},{"@type":"ImageObject","inLanguage":"en-GB","@id":"http:\/\/milke.se\/en\/pomoc-wyliczenia-montaz\/#primaryimage","url":"https:\/\/milke.se\/wp-content\/uploads\/2021\/09\/pomoc-pyt..png","contentUrl":"https:\/\/milke.se\/wp-content\/uploads\/2021\/09\/pomoc-pyt..png"},{"@type":"BreadcrumbList","@id":"http:\/\/milke.se\/en\/pomoc-wyliczenia-montaz\/#breadcrumb","itemListElement":[{"@type":"ListItem","position":1,"name":"Strona g\u0142\u00f3wna","item":"https:\/\/milke.se\/"},{"@type":"ListItem","position":2,"name":"Pomoc &#8211; Polityka wsparcia"}]},{"@type":"WebSite","@id":"https:\/\/milke.se\/en\/#website","url":"https:\/\/milke.se\/en\/","name":"Shop milke.se","description":"","potentialAction":[{"@type":"SearchAction","target":{"@type":"EntryPoint","urlTemplate":"https:\/\/milke.se\/en\/?s={search_term_string}"},"query-input":{"@type":"PropertyValueSpecification","valueRequired":true,"valueName":"search_term_string"}}],"inLanguage":"en-GB"}]}},"_links":{"self":[{"href":"https:\/\/milke.se\/en\/wp-json\/wp\/v2\/pages\/8967","targetHints":{"allow":["GET"]}}],"collection":[{"href":"https:\/\/milke.se\/en\/wp-json\/wp\/v2\/pages"}],"about":[{"href":"https:\/\/milke.se\/en\/wp-json\/wp\/v2\/types\/page"}],"author":[{"embeddable":true,"href":"https:\/\/milke.se\/en\/wp-json\/wp\/v2\/users\/10"}],"replies":[{"embeddable":true,"href":"https:\/\/milke.se\/en\/wp-json\/wp\/v2\/comments?post=8967"}],"version-history":[{"count":25,"href":"https:\/\/milke.se\/en\/wp-json\/wp\/v2\/pages\/8967\/revisions"}],"predecessor-version":[{"id":17164,"href":"https:\/\/milke.se\/en\/wp-json\/wp\/v2\/pages\/8967\/revisions\/17164"}],"wp:attachment":[{"href":"https:\/\/milke.se\/en\/wp-json\/wp\/v2\/media?parent=8967"}],"curies":[{"name":"wp","href":"https:\/\/api.w.org\/{rel}","templated":true}]}}