{"id":9057,"date":"2021-08-14T12:25:51","date_gmt":"2021-08-14T10:25:51","guid":{"rendered":"https:\/\/milke.se\/?page_id=9057"},"modified":"2025-06-18T17:25:16","modified_gmt":"2025-06-18T15:25:16","slug":"zamow-probki-2","status":"publish","type":"page","link":"https:\/\/milke.se\/en\/zamow-probki-2\/","title":{"rendered":"Zam\u00f3w Pr\u00f3bki"},"content":{"rendered":"<blockquote class=\"wp-block-quote is-layout-flow wp-block-quote-is-layout-flow\"><p>Przejd\u017a do sklepu i kliknij: <a href=\"https:\/\/milke.se\/en\/product\/probki-produktow\/\" target=\"_blank\" rel=\"noreferrer noopener\"><span class=\"has-inline-color has-vivid-cyan-blue-color\"><span style=\"text-decoration: underline;\">ZAMAWIAM PR\u00d3BKI<\/span><\/span><\/a><\/p><\/blockquote>\n\n\n\n<p><\/p>","protected":false},"excerpt":{"rendered":"<p>Przejd\u017a do sklepu i kliknij: ZAMAWIAM PR\u00d3BKI<\/p>","protected":false},"author":10,"featured_media":0,"parent":0,"menu_order":0,"comment_status":"closed","ping_status":"closed","template":"","meta":{"footnotes":""},"class_list":["post-9057","page","type-page","status-publish","hentry"],"yoast_head":"<!-- This site is optimized with the Yoast SEO plugin v27.4 - https:\/\/yoast.com\/product\/yoast-seo-wordpress\/ -->\n<title>Zam\u00f3w Pr\u00f3bki - Sklep milke.se<\/title>\n<meta name=\"robots\" content=\"index, follow, max-snippet:-1, max-image-preview:large, max-video-preview:-1\" \/>\n<link rel=\"canonical\" href=\"http:\/\/milke.se\/en\/zamow-probki-2\/\" \/>\n<meta property=\"og:locale\" content=\"en_GB\" \/>\n<meta property=\"og:type\" content=\"article\" \/>\n<meta property=\"og:title\" content=\"Zam\u00f3w Pr\u00f3bki - Sklep milke.se\" \/>\n<meta property=\"og:description\" content=\"Przejd\u017a do sklepu i kliknij: ZAMAWIAM PR\u00d3BKI\" \/>\n<meta property=\"og:url\" content=\"http:\/\/milke.se\/en\/zamow-probki-2\/\" \/>\n<meta property=\"og:site_name\" content=\"Sklep milke.se\" \/>\n<meta property=\"article:modified_time\" content=\"2025-06-18T15:25:16+00:00\" \/>\n<meta name=\"twitter:card\" content=\"summary_large_image\" \/>\n<meta name=\"twitter:label1\" content=\"Estimated reading time\" \/>\n\t<meta name=\"twitter:data1\" content=\"1 minute\" \/>\n<script type=\"application\/ld+json\" class=\"yoast-schema-graph\">{\"@context\":\"https:\\\/\\\/schema.org\",\"@graph\":[{\"@type\":\"WebPage\",\"@id\":\"http:\\\/\\\/milke.se\\\/zamow-probki-2\\\/\",\"url\":\"http:\\\/\\\/milke.se\\\/zamow-probki-2\\\/\",\"name\":\"Zam\u00f3w Pr\u00f3bki - Sklep milke.se\",\"isPartOf\":{\"@id\":\"https:\\\/\\\/milke.se\\\/#website\"},\"datePublished\":\"2021-08-14T10:25:51+00:00\",\"dateModified\":\"2025-06-18T15:25:16+00:00\",\"breadcrumb\":{\"@id\":\"http:\\\/\\\/milke.se\\\/zamow-probki-2\\\/#breadcrumb\"},\"inLanguage\":\"en-GB\",\"potentialAction\":[{\"@type\":\"ReadAction\",\"target\":[\"http:\\\/\\\/milke.se\\\/zamow-probki-2\\\/\"]}]},{\"@type\":\"BreadcrumbList\",\"@id\":\"http:\\\/\\\/milke.se\\\/zamow-probki-2\\\/#breadcrumb\",\"itemListElement\":[{\"@type\":\"ListItem\",\"position\":1,\"name\":\"Strona g\u0142\u00f3wna\",\"item\":\"https:\\\/\\\/milke.se\\\/\"},{\"@type\":\"ListItem\",\"position\":2,\"name\":\"Zam\u00f3w Pr\u00f3bki\"}]},{\"@type\":\"WebSite\",\"@id\":\"https:\\\/\\\/milke.se\\\/#website\",\"url\":\"https:\\\/\\\/milke.se\\\/\",\"name\":\"Sklep milke.se\",\"description\":\"\",\"potentialAction\":[{\"@type\":\"SearchAction\",\"target\":{\"@type\":\"EntryPoint\",\"urlTemplate\":\"https:\\\/\\\/milke.se\\\/?s={search_term_string}\"},\"query-input\":{\"@type\":\"PropertyValueSpecification\",\"valueRequired\":true,\"valueName\":\"search_term_string\"}}],\"inLanguage\":\"en-GB\"}]}<\/script>\n<!-- \/ Yoast SEO plugin. -->","yoast_head_json":{"title":"Zam\u00f3w Pr\u00f3bki - Sklep milke.se","robots":{"index":"index","follow":"follow","max-snippet":"max-snippet:-1","max-image-preview":"max-image-preview:large","max-video-preview":"max-video-preview:-1"},"canonical":"http:\/\/milke.se\/en\/zamow-probki-2\/","og_locale":"en_GB","og_type":"article","og_title":"Zam\u00f3w Pr\u00f3bki - Sklep milke.se","og_description":"Przejd\u017a do sklepu i kliknij: ZAMAWIAM PR\u00d3BKI","og_url":"http:\/\/milke.se\/en\/zamow-probki-2\/","og_site_name":"Sklep milke.se","article_modified_time":"2025-06-18T15:25:16+00:00","twitter_card":"summary_large_image","twitter_misc":{"Estimated reading time":"1 minute"},"schema":{"@context":"https:\/\/schema.org","@graph":[{"@type":"WebPage","@id":"http:\/\/milke.se\/zamow-probki-2\/","url":"http:\/\/milke.se\/zamow-probki-2\/","name":"Zam\u00f3w Pr\u00f3bki - Sklep milke.se","isPartOf":{"@id":"https:\/\/milke.se\/#website"},"datePublished":"2021-08-14T10:25:51+00:00","dateModified":"2025-06-18T15:25:16+00:00","breadcrumb":{"@id":"http:\/\/milke.se\/zamow-probki-2\/#breadcrumb"},"inLanguage":"en-GB","potentialAction":[{"@type":"ReadAction","target":["http:\/\/milke.se\/zamow-probki-2\/"]}]},{"@type":"BreadcrumbList","@id":"http:\/\/milke.se\/zamow-probki-2\/#breadcrumb","itemListElement":[{"@type":"ListItem","position":1,"name":"Strona g\u0142\u00f3wna","item":"https:\/\/milke.se\/"},{"@type":"ListItem","position":2,"name":"Zam\u00f3w Pr\u00f3bki"}]},{"@type":"WebSite","@id":"https:\/\/milke.se\/#website","url":"https:\/\/milke.se\/","name":"Shop milke.se","description":"","potentialAction":[{"@type":"SearchAction","target":{"@type":"EntryPoint","urlTemplate":"https:\/\/milke.se\/?s={search_term_string}"},"query-input":{"@type":"PropertyValueSpecification","valueRequired":true,"valueName":"search_term_string"}}],"inLanguage":"en-GB"}]}},"_links":{"self":[{"href":"https:\/\/milke.se\/en\/wp-json\/wp\/v2\/pages\/9057","targetHints":{"allow":["GET"]}}],"collection":[{"href":"https:\/\/milke.se\/en\/wp-json\/wp\/v2\/pages"}],"about":[{"href":"https:\/\/milke.se\/en\/wp-json\/wp\/v2\/types\/page"}],"author":[{"embeddable":true,"href":"https:\/\/milke.se\/en\/wp-json\/wp\/v2\/users\/10"}],"replies":[{"embeddable":true,"href":"https:\/\/milke.se\/en\/wp-json\/wp\/v2\/comments?post=9057"}],"version-history":[{"count":3,"href":"https:\/\/milke.se\/en\/wp-json\/wp\/v2\/pages\/9057\/revisions"}],"predecessor-version":[{"id":17172,"href":"https:\/\/milke.se\/en\/wp-json\/wp\/v2\/pages\/9057\/revisions\/17172"}],"wp:attachment":[{"href":"https:\/\/milke.se\/en\/wp-json\/wp\/v2\/media?parent=9057"}],"curies":[{"name":"wp","href":"https:\/\/api.w.org\/{rel}","templated":true}]}}