{"id":10013,"date":"2022-01-10T14:16:29","date_gmt":"2022-01-10T13:16:29","guid":{"rendered":"https:\/\/milke.se\/?post_type=product&#038;p=10013"},"modified":"2026-04-01T02:25:35","modified_gmt":"2026-04-01T00:25:35","slug":"semiroofo-kafel-elewacyjny","status":"publish","type":"product","link":"https:\/\/milke.se\/en\/product\/semiroofo-kafel-elewacyjny\/","title":{"rendered":"Semiroofo &#8211; kafel elewacyjny"},"content":{"rendered":"<div class=\"page\" title=\"Page 19\">\n<div class=\"section\">\n<div class=\"layoutArea\" style=\"text-align: left;\">\n<h4>Semiroofo to unikalny element serii kafli elewacyjnych, kt\u00f3ry redefiniuje tradycyjne podej\u015bcie do ok\u0142adzin zewn\u0119trznych, \u0142ami\u0105c dotychczasowe schematy<\/h4>\n<\/div>\n<\/div>\n<\/div>\n<div class=\"page\" title=\"Page 11\">\n<div class=\"section\">\n<div class=\"layoutArea\">\n<div class=\"column\">\n<p style=\"text-align: left;\">Jego charakterystyczny trapezowy przekr\u00f3j tworzy przestrzenny, geometryczny efekt, a powierzchnia kafla, rze\u017abiarsko pracuj\u0105ca ze \u015bwiat\u0142em, dodaje ca\u0142o\u015bci dynamiki. Dodatkowo, faktura inspirowana natur\u0105 powsta\u0142a dzi\u0119ki technice stemplowania betonowej mieszanki naturalnym materia\u0142em. R\u0119czne wyko\u0144czenie ka\u017cdego kafla sprawia, \u017ce ka\u017cdy egzemplarz nosi unikalny \u015blad rzemie\u015blnika, nadaj\u0105c fasadzie indywidualny charakter.<\/p>\n<p><a href=\"https:\/\/milke.se\/en\/portfolio\/dom-wieloczlonowy-pl-architekci\/\" target=\"_blank\" rel=\"noopener\"><img loading=\"lazy\" decoding=\"async\" class=\"alignnone wp-image-14258\" src=\"https:\/\/milke.se\/wp-content\/uploads\/2022\/01\/12_dom_wieloczlonowy_plarchitekci.jpg\" alt=\"\" width=\"915\" height=\"610\" srcset=\"https:\/\/milke.se\/wp-content\/uploads\/2022\/01\/12_dom_wieloczlonowy_plarchitekci.jpg 2051w, https:\/\/milke.se\/wp-content\/uploads\/2022\/01\/12_dom_wieloczlonowy_plarchitekci-300x200.jpg 300w, https:\/\/milke.se\/wp-content\/uploads\/2022\/01\/12_dom_wieloczlonowy_plarchitekci-768x512.jpg 768w, https:\/\/milke.se\/wp-content\/uploads\/2022\/01\/12_dom_wieloczlonowy_plarchitekci-1024x683.jpg 1024w, https:\/\/milke.se\/wp-content\/uploads\/2022\/01\/12_dom_wieloczlonowy_plarchitekci-1536x1024.jpg 1536w, https:\/\/milke.se\/wp-content\/uploads\/2022\/01\/12_dom_wieloczlonowy_plarchitekci-2048x1365.jpg 2048w, https:\/\/milke.se\/wp-content\/uploads\/2022\/01\/12_dom_wieloczlonowy_plarchitekci-360x240.jpg 360w, https:\/\/milke.se\/wp-content\/uploads\/2022\/01\/12_dom_wieloczlonowy_plarchitekci-565x377.jpg 565w, https:\/\/milke.se\/wp-content\/uploads\/2022\/01\/12_dom_wieloczlonowy_plarchitekci-937x625.jpg 937w\" sizes=\"auto, (max-width: 915px) 100vw, 915px\" \/><\/a><\/p>\n<p><a href=\"https:\/\/milke.se\/en\/portfolio\/dom-wieloczlonowy-pl-architekci\/\" target=\"_blank\" rel=\"noopener\"><img loading=\"lazy\" decoding=\"async\" class=\"alignnone wp-image-14254\" src=\"https:\/\/milke.se\/wp-content\/uploads\/2022\/01\/8c_dom_wieloczlonowy_plarchitekci.jpg\" alt=\"\" width=\"452\" height=\"301\" srcset=\"https:\/\/milke.se\/wp-content\/uploads\/2022\/01\/8c_dom_wieloczlonowy_plarchitekci.jpg 2051w, https:\/\/milke.se\/wp-content\/uploads\/2022\/01\/8c_dom_wieloczlonowy_plarchitekci-300x200.jpg 300w, https:\/\/milke.se\/wp-content\/uploads\/2022\/01\/8c_dom_wieloczlonowy_plarchitekci-768x512.jpg 768w, https:\/\/milke.se\/wp-content\/uploads\/2022\/01\/8c_dom_wieloczlonowy_plarchitekci-1024x683.jpg 1024w, https:\/\/milke.se\/wp-content\/uploads\/2022\/01\/8c_dom_wieloczlonowy_plarchitekci-1536x1024.jpg 1536w, https:\/\/milke.se\/wp-content\/uploads\/2022\/01\/8c_dom_wieloczlonowy_plarchitekci-2048x1365.jpg 2048w, https:\/\/milke.se\/wp-content\/uploads\/2022\/01\/8c_dom_wieloczlonowy_plarchitekci-360x240.jpg 360w, https:\/\/milke.se\/wp-content\/uploads\/2022\/01\/8c_dom_wieloczlonowy_plarchitekci-565x377.jpg 565w, https:\/\/milke.se\/wp-content\/uploads\/2022\/01\/8c_dom_wieloczlonowy_plarchitekci-937x625.jpg 937w\" sizes=\"auto, (max-width: 452px) 100vw, 452px\" \/><\/a> \u00a0 \u00a0<a href=\"https:\/\/milke.se\/en\/portfolio\/dom-wieloczlonowy-pl-architekci\/\" target=\"_blank\" rel=\"noopener\"><img loading=\"lazy\" decoding=\"async\" class=\"alignnone wp-image-14251\" src=\"https:\/\/milke.se\/wp-content\/uploads\/2022\/01\/7_dom_wieloczlonowy_plarchitekci.jpg\" alt=\"\" width=\"452\" height=\"301\" srcset=\"https:\/\/milke.se\/wp-content\/uploads\/2022\/01\/7_dom_wieloczlonowy_plarchitekci.jpg 2051w, https:\/\/milke.se\/wp-content\/uploads\/2022\/01\/7_dom_wieloczlonowy_plarchitekci-300x200.jpg 300w, https:\/\/milke.se\/wp-content\/uploads\/2022\/01\/7_dom_wieloczlonowy_plarchitekci-768x512.jpg 768w, https:\/\/milke.se\/wp-content\/uploads\/2022\/01\/7_dom_wieloczlonowy_plarchitekci-1024x683.jpg 1024w, https:\/\/milke.se\/wp-content\/uploads\/2022\/01\/7_dom_wieloczlonowy_plarchitekci-1536x1024.jpg 1536w, https:\/\/milke.se\/wp-content\/uploads\/2022\/01\/7_dom_wieloczlonowy_plarchitekci-2048x1365.jpg 2048w, https:\/\/milke.se\/wp-content\/uploads\/2022\/01\/7_dom_wieloczlonowy_plarchitekci-360x240.jpg 360w, https:\/\/milke.se\/wp-content\/uploads\/2022\/01\/7_dom_wieloczlonowy_plarchitekci-565x377.jpg 565w, https:\/\/milke.se\/wp-content\/uploads\/2022\/01\/7_dom_wieloczlonowy_plarchitekci-937x625.jpg 937w\" sizes=\"auto, (max-width: 452px) 100vw, 452px\" \/><\/a><\/p>\n<\/div>\n<\/div>\n<\/div>\n<\/div>\n<blockquote>\n<p style=\"text-align: center;\">Semiroofo technicznie<\/p>\n<\/blockquote>\n<p style=\"text-align: left;\">Kafle Semiroofo zosta\u0142y zaprojektowane i wyprodukowane z my\u015bl\u0105 o tym, aby monta\u017c by\u0142 prosty, a jednocze\u015bnie gwarantowa\u0142 efekt wow na elewacji. Dzi\u0119ki ich innowacyjnej formie \u2013 trapezowemu przekrojowi \u2013 kafle te tworz\u0105 na \u015bcianie wyj\u0105tkowy efekt dach\u00f3wki, kt\u00f3ry dodaje budynkowi nowoczesnego i dynamicznego charakteru.<\/p>\n<p style=\"text-align: left;\"><span style=\"text-decoration: underline; color: #000000;\">Si\u0142a Semiroofo tkwi w prostocie monta\u017cu. Kafle s\u0105 przystosowane do metody klejenia, co nie tylko przyspiesza prace, ale tak\u017ce znacz\u0105co obni\u017ca koszty budowy. To rozwi\u0105zanie sprawia, \u017ce nawet przy du\u017cym formacie mo\u017cna z \u0142atwo\u015bci\u0105 uzyska\u0107 efektowne wyko\u0144czenie elewacji, bez skomplikowanych zabieg\u00f3w monta\u017cowych.<\/span><\/p>\n<p style=\"font-weight: 400; text-align: left;\"><span style=\"color: #000000;\">Aktualne wymiary Semiroofo, wielko\u015b\u0107 (+\/- 0,5 cm): wysoko\u015b\u0107 ~ 13-13,5 cm, d\u0142ugo\u015b\u0107 ~ 60 cm, grubo\u015b\u0107 ~ 1-1,3 \/ 1,8-2 cm (przekr\u00f3j kafla \u2013 trapezowy).<\/p>\n<p>Na 1m2 potrzeba 13 szt. kafla.<\/p>\n<p><\/span><\/p>\n<blockquote><p>Kafel Semiroofo \u2013 je\u015bli poszukujesz efektu dach\u00f3wki na elewacji.<\/p><\/blockquote>\n<p><a href=\"https:\/\/milke.se\/en\/portfolio\/dom-wieloczlonowy-pl-architekci\/\" target=\"_blank\" rel=\"noopener\"><img loading=\"lazy\" decoding=\"async\" class=\"alignnone wp-image-14257\" src=\"https:\/\/milke.se\/wp-content\/uploads\/2022\/01\/11_dom_wieloczlonowy_plarchitekci.jpg\" alt=\"\" width=\"915\" height=\"610\" srcset=\"https:\/\/milke.se\/wp-content\/uploads\/2022\/01\/11_dom_wieloczlonowy_plarchitekci.jpg 2051w, https:\/\/milke.se\/wp-content\/uploads\/2022\/01\/11_dom_wieloczlonowy_plarchitekci-300x200.jpg 300w, https:\/\/milke.se\/wp-content\/uploads\/2022\/01\/11_dom_wieloczlonowy_plarchitekci-768x512.jpg 768w, https:\/\/milke.se\/wp-content\/uploads\/2022\/01\/11_dom_wieloczlonowy_plarchitekci-1024x683.jpg 1024w, https:\/\/milke.se\/wp-content\/uploads\/2022\/01\/11_dom_wieloczlonowy_plarchitekci-1536x1024.jpg 1536w, https:\/\/milke.se\/wp-content\/uploads\/2022\/01\/11_dom_wieloczlonowy_plarchitekci-2048x1365.jpg 2048w, https:\/\/milke.se\/wp-content\/uploads\/2022\/01\/11_dom_wieloczlonowy_plarchitekci-360x240.jpg 360w, https:\/\/milke.se\/wp-content\/uploads\/2022\/01\/11_dom_wieloczlonowy_plarchitekci-565x377.jpg 565w, https:\/\/milke.se\/wp-content\/uploads\/2022\/01\/11_dom_wieloczlonowy_plarchitekci-937x625.jpg 937w\" sizes=\"auto, (max-width: 915px) 100vw, 915px\" \/><\/a><\/p>\n<p><a href=\"https:\/\/milke.se\/en\/portfolio\/dom-wieloczlonowy-pl-architekci\/\" target=\"_blank\" rel=\"noopener\"><img loading=\"lazy\" decoding=\"async\" class=\"alignnone wp-image-14261\" src=\"https:\/\/milke.se\/wp-content\/uploads\/2022\/01\/15_dom_wieloczlonowy_plarchitekci.jpg\" alt=\"\" width=\"452\" height=\"301\" srcset=\"https:\/\/milke.se\/wp-content\/uploads\/2022\/01\/15_dom_wieloczlonowy_plarchitekci.jpg 2051w, https:\/\/milke.se\/wp-content\/uploads\/2022\/01\/15_dom_wieloczlonowy_plarchitekci-300x200.jpg 300w, https:\/\/milke.se\/wp-content\/uploads\/2022\/01\/15_dom_wieloczlonowy_plarchitekci-768x512.jpg 768w, https:\/\/milke.se\/wp-content\/uploads\/2022\/01\/15_dom_wieloczlonowy_plarchitekci-1024x683.jpg 1024w, https:\/\/milke.se\/wp-content\/uploads\/2022\/01\/15_dom_wieloczlonowy_plarchitekci-1536x1024.jpg 1536w, https:\/\/milke.se\/wp-content\/uploads\/2022\/01\/15_dom_wieloczlonowy_plarchitekci-2048x1365.jpg 2048w, https:\/\/milke.se\/wp-content\/uploads\/2022\/01\/15_dom_wieloczlonowy_plarchitekci-360x240.jpg 360w, https:\/\/milke.se\/wp-content\/uploads\/2022\/01\/15_dom_wieloczlonowy_plarchitekci-565x377.jpg 565w, https:\/\/milke.se\/wp-content\/uploads\/2022\/01\/15_dom_wieloczlonowy_plarchitekci-937x625.jpg 937w\" sizes=\"auto, (max-width: 452px) 100vw, 452px\" \/><\/a> \u00a0 \u00a0<a href=\"https:\/\/milke.se\/en\/portfolio\/dom-wieloczlonowy-pl-architekci\/\" target=\"_blank\" rel=\"noopener\"><img loading=\"lazy\" decoding=\"async\" class=\"alignnone wp-image-14242\" src=\"https:\/\/milke.se\/wp-content\/uploads\/2022\/01\/3a_dom_wieloczlonowy_plarchitekci.jpg\" alt=\"\" width=\"452\" height=\"301\" srcset=\"https:\/\/milke.se\/wp-content\/uploads\/2022\/01\/3a_dom_wieloczlonowy_plarchitekci.jpg 2051w, https:\/\/milke.se\/wp-content\/uploads\/2022\/01\/3a_dom_wieloczlonowy_plarchitekci-300x200.jpg 300w, https:\/\/milke.se\/wp-content\/uploads\/2022\/01\/3a_dom_wieloczlonowy_plarchitekci-768x512.jpg 768w, https:\/\/milke.se\/wp-content\/uploads\/2022\/01\/3a_dom_wieloczlonowy_plarchitekci-1024x683.jpg 1024w, https:\/\/milke.se\/wp-content\/uploads\/2022\/01\/3a_dom_wieloczlonowy_plarchitekci-1536x1024.jpg 1536w, https:\/\/milke.se\/wp-content\/uploads\/2022\/01\/3a_dom_wieloczlonowy_plarchitekci-2048x1365.jpg 2048w, https:\/\/milke.se\/wp-content\/uploads\/2022\/01\/3a_dom_wieloczlonowy_plarchitekci-360x240.jpg 360w, https:\/\/milke.se\/wp-content\/uploads\/2022\/01\/3a_dom_wieloczlonowy_plarchitekci-565x377.jpg 565w, https:\/\/milke.se\/wp-content\/uploads\/2022\/01\/3a_dom_wieloczlonowy_plarchitekci-937x625.jpg 937w\" sizes=\"auto, (max-width: 452px) 100vw, 452px\" \/><\/a><\/p>\n<div class=\"page\" title=\"Page 11\">\n<div class=\"section\">\n<div class=\"layoutArea\">\n<div class=\"column\">\n<div class=\"page\" style=\"text-align: left;\" title=\"Page 6\">\n<div class=\"section\">\n<div class=\"layoutArea\">\n<div class=\"column\">\n<div class=\"page\" title=\"Page 6\">\n<div class=\"section\">\n<div class=\"layoutArea\">\n<div class=\"column\">\n<div class=\"page\" title=\"Page 9\">\n<div class=\"section\">\n<div class=\"layoutArea\">\n<h5 class=\"column\">G\u0142\u00f3wne zalety kafli betonowych MILKE:<\/h5>\n<\/div>\n<\/div>\n<\/div>\n<\/div>\n<\/div>\n<\/div>\n<\/div>\n<div class=\"page\" title=\"Page 9\">\n<div class=\"section\">\n<div class=\"layoutArea\">\n<div class=\"column\">\n<ul>\n<li>trwa\u0142o\u015b\u0107 \u2013\u00a0czyli wytrzyma\u0142o\u015b\u0107 na uderzenia i \u015bcieranie<\/li>\n<li>wytrzyma\u0142o\u015b\u0107 na warunki atmosferyczne \u2013\u00a0czyli mrozoodporno\u015b\u0107, niska nasia\u0328kliwo\u015b\u0107<\/li>\n<li>odporno\u015b\u0107 \u2013\u00a0zar\u00f3wno na korozj\u0119 biologiczn\u0105, jak i agresywne \u015brodowisko naraz\u0307one na permanentne dzia\u0142anie i kontakt z wod\u0105, oparami czy t\u0142uszczem<\/li>\n<li>niepalno\u015b\u0107 \u2013\u00a0w rozumieniu odporno\u015b\u0107 na ogien\u0301<\/li>\n<li>podwyz\u0307szona izolacja akustyczna i cieplna<\/li>\n<li>niska waga<\/li>\n<\/ul>\n<p><a href=\"https:\/\/milke.se\/en\/portfolio\/dom-wieloczlonowy-pl-architekci\/\" target=\"_blank\" rel=\"noopener\"><img loading=\"lazy\" decoding=\"async\" class=\"alignnone wp-image-14253\" src=\"https:\/\/milke.se\/wp-content\/uploads\/2022\/01\/8a_dom_wieloczlonowy_plarchitekci.jpg\" alt=\"\" width=\"452\" height=\"678\" srcset=\"https:\/\/milke.se\/wp-content\/uploads\/2022\/01\/8a_dom_wieloczlonowy_plarchitekci.jpg 1367w, https:\/\/milke.se\/wp-content\/uploads\/2022\/01\/8a_dom_wieloczlonowy_plarchitekci-200x300.jpg 200w, https:\/\/milke.se\/wp-content\/uploads\/2022\/01\/8a_dom_wieloczlonowy_plarchitekci-768x1152.jpg 768w, https:\/\/milke.se\/wp-content\/uploads\/2022\/01\/8a_dom_wieloczlonowy_plarchitekci-683x1024.jpg 683w, https:\/\/milke.se\/wp-content\/uploads\/2022\/01\/8a_dom_wieloczlonowy_plarchitekci-1024x1536.jpg 1024w, https:\/\/milke.se\/wp-content\/uploads\/2022\/01\/8a_dom_wieloczlonowy_plarchitekci-1365x2048.jpg 1365w, https:\/\/milke.se\/wp-content\/uploads\/2022\/01\/8a_dom_wieloczlonowy_plarchitekci-565x848.jpg 565w, https:\/\/milke.se\/wp-content\/uploads\/2022\/01\/8a_dom_wieloczlonowy_plarchitekci-937x1406.jpg 937w\" sizes=\"auto, (max-width: 452px) 100vw, 452px\" \/><\/a> \u00a0 \u00a0<a href=\"https:\/\/milke.se\/en\/portfolio\/dom-wieloczlonowy-pl-architekci\/\" target=\"_blank\" rel=\"noopener\"><img loading=\"lazy\" decoding=\"async\" class=\"alignnone wp-image-14243\" src=\"https:\/\/milke.se\/wp-content\/uploads\/2022\/01\/3b_dom_wieloczlonowy_plarchitekci.jpg\" alt=\"\" width=\"452\" height=\"678\" srcset=\"https:\/\/milke.se\/wp-content\/uploads\/2022\/01\/3b_dom_wieloczlonowy_plarchitekci.jpg 1367w, https:\/\/milke.se\/wp-content\/uploads\/2022\/01\/3b_dom_wieloczlonowy_plarchitekci-200x300.jpg 200w, https:\/\/milke.se\/wp-content\/uploads\/2022\/01\/3b_dom_wieloczlonowy_plarchitekci-768x1152.jpg 768w, https:\/\/milke.se\/wp-content\/uploads\/2022\/01\/3b_dom_wieloczlonowy_plarchitekci-683x1024.jpg 683w, https:\/\/milke.se\/wp-content\/uploads\/2022\/01\/3b_dom_wieloczlonowy_plarchitekci-1024x1536.jpg 1024w, https:\/\/milke.se\/wp-content\/uploads\/2022\/01\/3b_dom_wieloczlonowy_plarchitekci-1365x2048.jpg 1365w, https:\/\/milke.se\/wp-content\/uploads\/2022\/01\/3b_dom_wieloczlonowy_plarchitekci-565x848.jpg 565w, https:\/\/milke.se\/wp-content\/uploads\/2022\/01\/3b_dom_wieloczlonowy_plarchitekci-937x1406.jpg 937w\" sizes=\"auto, (max-width: 452px) 100vw, 452px\" \/><\/a><\/p>\n<blockquote><p>Kolory i odcienie<\/p><\/blockquote>\n<p>W MILKE ka\u017cdy kafel barwimy r\u0119cznie, co daje nam pe\u0142n\u0105 swobod\u0119 w kreowaniu unikatowych kolor\u00f3w. Te nadaj\u0105 elewacji wyj\u0105tkowy charakter. <span style=\"text-decoration: underline; color: #000080;\"><a style=\"color: #000080; text-decoration: underline;\" href=\"https:\/\/milke.se\/en\/kolory\/\" target=\"_blank\" rel=\"noopener\">Kafle Semioofo kieruj\u0105 si\u0119 tymi samymi zasadami odcieni, co nasze klasyczne p\u0142ytki ceglane<\/a><\/span> \u2013 ich mniejsi \u201ekoledzy\u201d. Dzi\u0119ki temu ka\u017cdy element posiada subtelnie r\u00f3\u017cni\u0105ce si\u0119 odcienie, co wprowadza dynamik\u0119 i naturalno\u015b\u0107 do ca\u0142ej powierzchni.<\/p>\n<p>Kafle z betonu architektonicznego oferuj\u0105 nieograniczone mo\u017cliwo\u015bci kolorystyczne, pozwalaj\u0105c na kreatywne eksperymenty. Mo\u017cesz zatem skupi\u0107 si\u0119 na kolorach podstawowych lub <span style=\"text-decoration: underline; color: #000080;\"><a style=\"color: #000080; text-decoration: underline;\" href=\"https:\/\/milke.se\/en\/product\/probki-produktow-kolor-indywidualny\/\" target=\"_blank\" rel=\"noopener\">znale\u017a\u0107 sw\u00f3j w\u0142asny, unikalny odcie\u0144 Semiroofo.<\/a><\/span><\/p>\n<blockquote class=\"wp-embedded-content\" data-secret=\"rxlzRaKAlz\"><p><a href=\"https:\/\/milke.se\/en\/kolory\/\">\u015aCI\u0104GAWKA KOLOR\u00d3W<\/a><\/p><\/blockquote>\n<\/div>\n<\/div>\n<\/div>\n<\/div>\n<\/div>\n<\/div>\n<\/div>\n<\/div>\n<\/div>\n<\/div>\n<\/div>\n<\/div>","protected":false},"excerpt":{"rendered":"<p style=\"text-align: left;\">Kafel elewacyjny Semiroofo to siostrzana wersja kafla dachowo-elewacyjnego Roofo, wyr\u00f3\u017cniaj\u0105ca si\u0119 prostym i efektywnym monta\u017cem metod\u0105 klejenia. Dzi\u0119ki temu rozwi\u0105zaniu prace monta\u017cowe s\u0105 szybsze i \u0142atwiejsze, co jednocze\u015bnie przek\u0142ada si\u0119 na ni\u017csze koszty realizacji projektu, przy zachowaniu wyj\u0105tkowego, nowoczesnego efektu wizualnego. <span style=\"text-decoration: underline;\"><span style=\"color: #000080;\"><a style=\"color: #000080; text-decoration: underline;\" href=\"https:\/\/milke.se\/en\/kolory\/\" target=\"_blank\" rel=\"noopener\">Dost\u0119pny w r\u00f3\u017cnych kolorach, typowych dla klasycznych cegie\u0142.<\/a><\/span><\/span>\u00a0Na 1m2 potrzeba 13 szt. kafla.<\/p>","protected":false},"featured_media":18415,"template":"","meta":[],"product_brand":[],"product_cat":[377],"product_tag":[69,365],"class_list":{"0":"post-10013","1":"product","2":"type-product","3":"status-publish","4":"has-post-thumbnail","6":"product_cat-kafel-ceglany","7":"product_tag-elewacja","8":"product_tag-semiroofo","9":"product_shipping_class-produkty-wysylane-na-paletach","11":"first","12":"instock","13":"taxable","14":"shipping-taxable","15":"purchasable","16":"product-type-variable","17":"layout-style-2","18":"col-md-4 col-sm-4 col-xs-6","19":"col-lg-3","20":"product-has-gallery","21":"product-style-default"},"yoast_head":"<!-- This site is optimized with the Yoast SEO plugin v27.5 - https:\/\/yoast.com\/product\/yoast-seo-wordpress\/ -->\n<title>Semiroofo - kafel elewacyjny - Sklep milke.se<\/title>\n<meta name=\"description\" content=\"Roofo jest produktem dach\u00f3wkowo\u2013elewacyjnym, co determinuje jego kszta\u0142t i wielko\u015b\u0107. Produkcja - manufaktura.\" \/>\n<meta name=\"robots\" content=\"index, follow, max-snippet:-1, max-image-preview:large, max-video-preview:-1\" \/>\n<link rel=\"canonical\" href=\"https:\/\/milke.se\/en\/product\/semiroofo-kafel-elewacyjny\/\" \/>\n<meta property=\"og:locale\" content=\"en_GB\" \/>\n<meta property=\"og:type\" content=\"article\" \/>\n<meta property=\"og:title\" content=\"Semiroofo - kafel elewacyjny - Sklep milke.se\" \/>\n<meta property=\"og:description\" content=\"Roofo jest produktem dach\u00f3wkowo\u2013elewacyjnym, co determinuje jego kszta\u0142t i wielko\u015b\u0107. Produkcja - manufaktura.\" \/>\n<meta property=\"og:url\" content=\"https:\/\/milke.se\/en\/product\/semiroofo-kafel-elewacyjny\/\" \/>\n<meta property=\"og:site_name\" content=\"Sklep milke.se\" \/>\n<meta property=\"article:modified_time\" content=\"2026-04-01T00:25:35+00:00\" \/>\n<meta property=\"og:image\" content=\"https:\/\/milke.se\/wp-content\/uploads\/2026\/04\/Kafel-Semiroofo-MILKE_2.png\" \/>\n\t<meta property=\"og:image:width\" content=\"1160\" \/>\n\t<meta property=\"og:image:height\" content=\"1380\" \/>\n\t<meta property=\"og:image:type\" content=\"image\/png\" \/>\n<meta name=\"twitter:card\" content=\"summary_large_image\" \/>\n<meta name=\"twitter:label1\" content=\"Estimated reading time\" \/>\n\t<meta name=\"twitter:data1\" content=\"4 minutes\" \/>\n<script type=\"application\/ld+json\" class=\"yoast-schema-graph\">{\"@context\":\"https:\\\/\\\/schema.org\",\"@graph\":[{\"@type\":\"WebPage\",\"@id\":\"https:\\\/\\\/milke.se\\\/produkt\\\/semiroofo-kafel-elewacyjny\\\/\",\"url\":\"https:\\\/\\\/milke.se\\\/produkt\\\/semiroofo-kafel-elewacyjny\\\/\",\"name\":\"Semiroofo - kafel elewacyjny - Sklep milke.se\",\"isPartOf\":{\"@id\":\"https:\\\/\\\/milke.se\\\/#website\"},\"primaryImageOfPage\":{\"@id\":\"https:\\\/\\\/milke.se\\\/produkt\\\/semiroofo-kafel-elewacyjny\\\/#primaryimage\"},\"image\":{\"@id\":\"https:\\\/\\\/milke.se\\\/produkt\\\/semiroofo-kafel-elewacyjny\\\/#primaryimage\"},\"thumbnailUrl\":\"https:\\\/\\\/milke.se\\\/wp-content\\\/uploads\\\/2026\\\/04\\\/Kafel-Semiroofo-MILKE_2.png\",\"datePublished\":\"2022-01-10T13:16:29+00:00\",\"dateModified\":\"2026-04-01T00:25:35+00:00\",\"description\":\"Roofo jest produktem dach\u00f3wkowo\u2013elewacyjnym, co determinuje jego kszta\u0142t i wielko\u015b\u0107. Produkcja - manufaktura.\",\"breadcrumb\":{\"@id\":\"https:\\\/\\\/milke.se\\\/produkt\\\/semiroofo-kafel-elewacyjny\\\/#breadcrumb\"},\"inLanguage\":\"en-GB\",\"potentialAction\":[{\"@type\":\"ReadAction\",\"target\":[\"https:\\\/\\\/milke.se\\\/produkt\\\/semiroofo-kafel-elewacyjny\\\/\"]}]},{\"@type\":\"ImageObject\",\"inLanguage\":\"en-GB\",\"@id\":\"https:\\\/\\\/milke.se\\\/produkt\\\/semiroofo-kafel-elewacyjny\\\/#primaryimage\",\"url\":\"https:\\\/\\\/milke.se\\\/wp-content\\\/uploads\\\/2026\\\/04\\\/Kafel-Semiroofo-MILKE_2.png\",\"contentUrl\":\"https:\\\/\\\/milke.se\\\/wp-content\\\/uploads\\\/2026\\\/04\\\/Kafel-Semiroofo-MILKE_2.png\",\"width\":1160,\"height\":1380},{\"@type\":\"BreadcrumbList\",\"@id\":\"https:\\\/\\\/milke.se\\\/produkt\\\/semiroofo-kafel-elewacyjny\\\/#breadcrumb\",\"itemListElement\":[{\"@type\":\"ListItem\",\"position\":1,\"name\":\"Strona g\u0142\u00f3wna\",\"item\":\"https:\\\/\\\/milke.se\\\/en\\\/\"},{\"@type\":\"ListItem\",\"position\":2,\"name\":\"Sklep\",\"item\":\"https:\\\/\\\/milke.se\\\/sklep\\\/\"},{\"@type\":\"ListItem\",\"position\":3,\"name\":\"Semiroofo &#8211; kafel elewacyjny\"}]},{\"@type\":\"WebSite\",\"@id\":\"https:\\\/\\\/milke.se\\\/#website\",\"url\":\"https:\\\/\\\/milke.se\\\/\",\"name\":\"Sklep milke.se\",\"description\":\"\",\"potentialAction\":[{\"@type\":\"SearchAction\",\"target\":{\"@type\":\"EntryPoint\",\"urlTemplate\":\"https:\\\/\\\/milke.se\\\/?s={search_term_string}\"},\"query-input\":{\"@type\":\"PropertyValueSpecification\",\"valueRequired\":true,\"valueName\":\"search_term_string\"}}],\"inLanguage\":\"en-GB\"}]}<\/script>\n<!-- \/ Yoast SEO plugin. -->","yoast_head_json":{"title":"Semiroofo - kafel elewacyjny - Sklep milke.se","description":"Roofo jest produktem dach\u00f3wkowo\u2013elewacyjnym, co determinuje jego kszta\u0142t i wielko\u015b\u0107. Produkcja - manufaktura.","robots":{"index":"index","follow":"follow","max-snippet":"max-snippet:-1","max-image-preview":"max-image-preview:large","max-video-preview":"max-video-preview:-1"},"canonical":"https:\/\/milke.se\/en\/product\/semiroofo-kafel-elewacyjny\/","og_locale":"en_GB","og_type":"article","og_title":"Semiroofo - kafel elewacyjny - Sklep milke.se","og_description":"Roofo jest produktem dach\u00f3wkowo\u2013elewacyjnym, co determinuje jego kszta\u0142t i wielko\u015b\u0107. Produkcja - manufaktura.","og_url":"https:\/\/milke.se\/en\/product\/semiroofo-kafel-elewacyjny\/","og_site_name":"Sklep milke.se","article_modified_time":"2026-04-01T00:25:35+00:00","og_image":[{"width":1160,"height":1380,"url":"https:\/\/milke.se\/wp-content\/uploads\/2026\/04\/Kafel-Semiroofo-MILKE_2.png","type":"image\/png"}],"twitter_card":"summary_large_image","twitter_misc":{"Estimated reading time":"4 minutes"},"schema":{"@context":"https:\/\/schema.org","@graph":[{"@type":"WebPage","@id":"https:\/\/milke.se\/produkt\/semiroofo-kafel-elewacyjny\/","url":"https:\/\/milke.se\/produkt\/semiroofo-kafel-elewacyjny\/","name":"Semiroofo - kafel elewacyjny - Sklep milke.se","isPartOf":{"@id":"https:\/\/milke.se\/#website"},"primaryImageOfPage":{"@id":"https:\/\/milke.se\/produkt\/semiroofo-kafel-elewacyjny\/#primaryimage"},"image":{"@id":"https:\/\/milke.se\/produkt\/semiroofo-kafel-elewacyjny\/#primaryimage"},"thumbnailUrl":"https:\/\/milke.se\/wp-content\/uploads\/2026\/04\/Kafel-Semiroofo-MILKE_2.png","datePublished":"2022-01-10T13:16:29+00:00","dateModified":"2026-04-01T00:25:35+00:00","description":"Roofo jest produktem dach\u00f3wkowo\u2013elewacyjnym, co determinuje jego kszta\u0142t i wielko\u015b\u0107. Produkcja - manufaktura.","breadcrumb":{"@id":"https:\/\/milke.se\/produkt\/semiroofo-kafel-elewacyjny\/#breadcrumb"},"inLanguage":"en-GB","potentialAction":[{"@type":"ReadAction","target":["https:\/\/milke.se\/produkt\/semiroofo-kafel-elewacyjny\/"]}]},{"@type":"ImageObject","inLanguage":"en-GB","@id":"https:\/\/milke.se\/produkt\/semiroofo-kafel-elewacyjny\/#primaryimage","url":"https:\/\/milke.se\/wp-content\/uploads\/2026\/04\/Kafel-Semiroofo-MILKE_2.png","contentUrl":"https:\/\/milke.se\/wp-content\/uploads\/2026\/04\/Kafel-Semiroofo-MILKE_2.png","width":1160,"height":1380},{"@type":"BreadcrumbList","@id":"https:\/\/milke.se\/produkt\/semiroofo-kafel-elewacyjny\/#breadcrumb","itemListElement":[{"@type":"ListItem","position":1,"name":"Strona g\u0142\u00f3wna","item":"https:\/\/milke.se\/en\/"},{"@type":"ListItem","position":2,"name":"Sklep","item":"https:\/\/milke.se\/sklep\/"},{"@type":"ListItem","position":3,"name":"Semiroofo &#8211; kafel elewacyjny"}]},{"@type":"WebSite","@id":"https:\/\/milke.se\/#website","url":"https:\/\/milke.se\/","name":"Shop milke.se","description":"","potentialAction":[{"@type":"SearchAction","target":{"@type":"EntryPoint","urlTemplate":"https:\/\/milke.se\/?s={search_term_string}"},"query-input":{"@type":"PropertyValueSpecification","valueRequired":true,"valueName":"search_term_string"}}],"inLanguage":"en-GB"}]}},"_links":{"self":[{"href":"https:\/\/milke.se\/en\/wp-json\/wp\/v2\/product\/10013","targetHints":{"allow":["GET"]}}],"collection":[{"href":"https:\/\/milke.se\/en\/wp-json\/wp\/v2\/product"}],"about":[{"href":"https:\/\/milke.se\/en\/wp-json\/wp\/v2\/types\/product"}],"wp:featuredmedia":[{"embeddable":true,"href":"https:\/\/milke.se\/en\/wp-json\/wp\/v2\/media\/18415"}],"wp:attachment":[{"href":"https:\/\/milke.se\/en\/wp-json\/wp\/v2\/media?parent=10013"}],"wp:term":[{"taxonomy":"product_brand","embeddable":true,"href":"https:\/\/milke.se\/en\/wp-json\/wp\/v2\/product_brand?post=10013"},{"taxonomy":"product_cat","embeddable":true,"href":"https:\/\/milke.se\/en\/wp-json\/wp\/v2\/product_cat?post=10013"},{"taxonomy":"product_tag","embeddable":true,"href":"https:\/\/milke.se\/en\/wp-json\/wp\/v2\/product_tag?post=10013"}],"curies":[{"name":"wp","href":"https:\/\/api.w.org\/{rel}","templated":true}]}}