{"id":15302,"date":"2024-09-14T14:45:11","date_gmt":"2024-09-14T12:45:11","guid":{"rendered":"https:\/\/milke.se\/?post_type=product&#038;p=15302"},"modified":"2026-04-01T02:29:55","modified_gmt":"2026-04-01T00:29:55","slug":"probki-plytek-long-dlugi-format","status":"publish","type":"product","link":"https:\/\/milke.se\/en\/product\/probki-plytek-long-dlugi-format\/","title":{"rendered":"Pr\u00f3bki P\u0142ytek LONG &#8211; D\u0142ugi Format"},"content":{"rendered":"<h2 style=\"text-align: left;\">Zanim zdecydujesz o pe\u0142nym zam\u00f3wieniu, sprawd\u017a, jak p\u0142ytki LONG b\u0119d\u0105 wygl\u0105da\u0142y na \u017cywo.\u00a0Pr\u00f3bki p\u0142ytek MILKE to najlepszy spos\u00f3b, by upewni\u0107 si\u0119, \u017ce wybrany materia\u0142 idealnie wpisuje si\u0119 w Twoj\u0105 wizj\u0119.<\/h2>\n<p>\u00a0<\/p>\n<h4 style=\"text-align: left;\">Dlaczego warto zam\u00f3wi\u0107 pr\u00f3bki p\u0142ytek LONG MILKE?<\/h4>\n<ul>\n<li style=\"text-align: left;\"><strong>Pe\u0142nowymiarowy produkt<\/strong> \u2013 ka\u017cda pr\u00f3bka to pe\u0142nowarto\u015bciowa p\u0142ytka LONG Klasyczny lub LONG RAW <span style=\"text-decoration: underline; color: #000080;\"><a style=\"color: #000080; text-decoration: underline;\" href=\"https:\/\/milke.se\/en\/kolory\/\" target=\"_blank\" rel=\"noopener\">w kolorze podstawowym<\/a><\/span>, gotowa do u\u017cytku. To nie miniatura, ale rzeczywisty element, kt\u00f3ry znajdzie si\u0119 na Twojej \u015bcianie.<\/li>\n<li style=\"text-align: left;\"><strong>Pewno\u015b\u0107 i oszcz\u0119dno\u015b\u0107 czasu<\/strong> \u2013 zobacz materia\u0142 na \u017cywo, zanim zdecydujesz si\u0119 na wi\u0119ksze zam\u00f3wienie. Ocenisz go w swojej przestrzeni i podejmiesz \u015bwiadom\u0105 decyzj\u0119.<\/li>\n<li style=\"text-align: left;\"><strong>Indywidualny zestaw pr\u00f3bek<\/strong> \u2013 sam wybierasz rodzaj p\u0142ytek oraz kolory, kt\u00f3re chcesz otrzyma\u0107. Paczk\u0119 kompletujemy zgodnie z Twoimi preferencjami.<\/li>\n<\/ul>\n<div id='gallery-1' class='gallery galleryid-15302 gallery-columns-2 gallery-size-large'><figure class='gallery-item'>\n\t\t\t<div class='gallery-icon landscape'>\n\t\t\t\t<a href='https:\/\/milke.se\/en\/kolory\/milke-plytka-long-kolor-antracytowy-4\/'><img loading=\"lazy\" decoding=\"async\" width=\"640\" height=\"427\" src=\"https:\/\/milke.se\/wp-content\/uploads\/2024\/03\/MILKE-plytka-LONG-kolor-antracytowy-4-1024x683.jpg\" class=\"attachment-large size-large\" alt=\"\" srcset=\"https:\/\/milke.se\/wp-content\/uploads\/2024\/03\/MILKE-plytka-LONG-kolor-antracytowy-4-1024x683.jpg 1024w, https:\/\/milke.se\/wp-content\/uploads\/2024\/03\/MILKE-plytka-LONG-kolor-antracytowy-4-300x200.jpg 300w, https:\/\/milke.se\/wp-content\/uploads\/2024\/03\/MILKE-plytka-LONG-kolor-antracytowy-4-768x512.jpg 768w, https:\/\/milke.se\/wp-content\/uploads\/2024\/03\/MILKE-plytka-LONG-kolor-antracytowy-4-1536x1024.jpg 1536w, https:\/\/milke.se\/wp-content\/uploads\/2024\/03\/MILKE-plytka-LONG-kolor-antracytowy-4-2048x1365.jpg 2048w, https:\/\/milke.se\/wp-content\/uploads\/2024\/03\/MILKE-plytka-LONG-kolor-antracytowy-4-360x240.jpg 360w, https:\/\/milke.se\/wp-content\/uploads\/2024\/03\/MILKE-plytka-LONG-kolor-antracytowy-4-565x377.jpg 565w, https:\/\/milke.se\/wp-content\/uploads\/2024\/03\/MILKE-plytka-LONG-kolor-antracytowy-4-937x625.jpg 937w\" sizes=\"auto, (max-width: 640px) 100vw, 640px\" \/><\/a>\n\t\t\t<\/div><\/figure><figure class='gallery-item'>\n\t\t\t<div class='gallery-icon landscape'>\n\t\t\t\t<a href='https:\/\/milke.se\/en\/kolory\/milke-plytka-long-kolor-ziemny-1\/'><img loading=\"lazy\" decoding=\"async\" width=\"640\" height=\"427\" src=\"https:\/\/milke.se\/wp-content\/uploads\/2024\/03\/MILKE-plytka-LONG-kolor-ziemny-1-1024x683.jpg\" class=\"attachment-large size-large\" alt=\"\" srcset=\"https:\/\/milke.se\/wp-content\/uploads\/2024\/03\/MILKE-plytka-LONG-kolor-ziemny-1-1024x683.jpg 1024w, https:\/\/milke.se\/wp-content\/uploads\/2024\/03\/MILKE-plytka-LONG-kolor-ziemny-1-300x200.jpg 300w, https:\/\/milke.se\/wp-content\/uploads\/2024\/03\/MILKE-plytka-LONG-kolor-ziemny-1-768x512.jpg 768w, https:\/\/milke.se\/wp-content\/uploads\/2024\/03\/MILKE-plytka-LONG-kolor-ziemny-1-360x240.jpg 360w, https:\/\/milke.se\/wp-content\/uploads\/2024\/03\/MILKE-plytka-LONG-kolor-ziemny-1-937x625.jpg 937w, https:\/\/milke.se\/wp-content\/uploads\/2024\/03\/MILKE-plytka-LONG-kolor-ziemny-1-1536x1024.jpg 1536w, https:\/\/milke.se\/wp-content\/uploads\/2024\/03\/MILKE-plytka-LONG-kolor-ziemny-1-2048x1365.jpg 2048w, https:\/\/milke.se\/wp-content\/uploads\/2024\/03\/MILKE-plytka-LONG-kolor-ziemny-1-565x377.jpg 565w\" sizes=\"auto, (max-width: 640px) 100vw, 640px\" \/><\/a>\n\t\t\t<\/div><\/figure>\n\t\t<\/div>\n\n<h4 style=\"text-align: left;\">Co otrzymasz zamawiaj\u0105c pr\u00f3bki p\u0142ytek LONG?<\/h4>\n<p style=\"text-align: left; padding-left: 40px;\">To zale\u017cy od Ciebie! <strong>Ka\u017cd\u0105 paczk\u0119 przygotowujemy na podstawie Twoich preferencji.<\/strong> Zestaw pr\u00f3bek w formacie LONG obejmuje 3 sztuki pe\u0142nowymiarowych p\u0142ytek, kt\u00f3re mo\u017cesz dowolnie \u0142\u0105czy\u0107. Mo\u017cesz wybra\u0107 zar\u00f3wno <span style=\"text-decoration: underline; color: #000080;\"><a style=\"color: #000080; text-decoration: underline;\" href=\"https:\/\/milke.se\/en\/product\/long-plytka-ceglana-dekoracyjna-dluga\/\" target=\"_blank\" rel=\"noopener\">LONG klasyczny<\/a><\/span>, jak i <span style=\"text-decoration: underline; color: #000080;\"><a style=\"color: #000080; text-decoration: underline;\" href=\"https:\/\/milke.se\/en\/product\/long-raw-plytka-ceglana-dekoracyjna-dluga\/\" target=\"_blank\" rel=\"noopener\">LONG RAW<\/a><\/span>, a tak\u017ce wskaza\u0107 preferowane kolory podstawowe. Paczka mo\u017ce zawiera\u0107 <strong>3 p\u0142ytki<\/strong> tego samego rodzaju i koloru lub r\u00f3\u017cne kombinacje.<\/p>\n<h4 style=\"text-align: left;\">Kolory podstawowe<\/h4>\n<p style=\"padding-left: 40px; text-align: left;\">Wybieraj\u0105c pr\u00f3bki p\u0142ytek LONG <span style=\"text-decoration: underline; color: #000080;\"><a style=\"color: #000080; text-decoration: underline;\" href=\"https:\/\/milke.se\/en\/kolory\/\" target=\"_blank\" rel=\"noopener\">masz dost\u0119p do szerokiej palety 15 kolor\u00f3w podstawowych<\/a><\/span>: bia\u0142y, biel skalna, szary, K2, mocca, ziemny, magdalenka, piaskowy, w\u0142oski, jasny pomara\u0144czowy, pomara\u0144czowy, naturalny, gotycki, br\u0105zowy, antracytowy.<\/p>\n<blockquote class=\"wp-embedded-content\" data-secret=\"dRemIOViMF\"><p><a href=\"https:\/\/milke.se\/en\/kolory\/\">\u015aCI\u0104GAWKA KOLOR\u00d3W<\/a><\/p><\/blockquote>\n<h4 style=\"text-align: left;\">Jak zam\u00f3wi\u0107 pr\u00f3bki?<\/h4>\n<ol style=\"text-align: left;\">\n<li>Dodaj pr\u00f3bki do koszyka.<\/li>\n<li>Przejd\u017a do koszyka i uzupe\u0142nij swoje dane.<\/li>\n<li>W pozycji <strong>\u201eUWAGI DO ZAM\u00d3WIENIA\u201d<\/strong> wpisz, kt\u00f3re rodzaje p\u0142ytek i kolory podstawowe wybra\u0142e\u015b.Przyk\u0142ad:<\/li>\n<\/ol>\n<p><span style=\"text-decoration: underline;\"><span style=\"color: #333399; text-decoration: underline;\"><a href=\"https:\/\/milke.se\/wp-content\/uploads\/2020\/05\/Przyklad-2-probki.png\"><img loading=\"lazy\" decoding=\"async\" class=\"aligncenter wp-image-14463\" src=\"https:\/\/milke.se\/wp-content\/uploads\/2020\/05\/Przyklad-2-probki.png\" alt=\"\" width=\"841\" height=\"100\" srcset=\"https:\/\/milke.se\/wp-content\/uploads\/2020\/05\/Przyklad-2-probki.png 2128w, https:\/\/milke.se\/wp-content\/uploads\/2020\/05\/Przyklad-2-probki-300x36.png 300w, https:\/\/milke.se\/wp-content\/uploads\/2020\/05\/Przyklad-2-probki-768x92.png 768w, https:\/\/milke.se\/wp-content\/uploads\/2020\/05\/Przyklad-2-probki-1024x122.png 1024w, https:\/\/milke.se\/wp-content\/uploads\/2020\/05\/Przyklad-2-probki-1536x183.png 1536w, https:\/\/milke.se\/wp-content\/uploads\/2020\/05\/Przyklad-2-probki-2048x244.png 2048w, https:\/\/milke.se\/wp-content\/uploads\/2020\/05\/Przyklad-2-probki-565x67.png 565w, https:\/\/milke.se\/wp-content\/uploads\/2020\/05\/Przyklad-2-probki-937x112.png 937w\" sizes=\"auto, (max-width: 841px) 100vw, 841px\" \/><\/a><\/span><\/span><\/p>\n<div id='gallery-2' class='gallery galleryid-15302 gallery-columns-2 gallery-size-large'><figure class='gallery-item'>\n\t\t\t<div class='gallery-icon landscape'>\n\t\t\t\t<a href='https:\/\/milke.se\/en\/kolory\/milke-plytka-long-klasyczny-kolor-biel-skalna-2\/'><img loading=\"lazy\" decoding=\"async\" width=\"640\" height=\"427\" src=\"https:\/\/milke.se\/wp-content\/uploads\/2024\/03\/MILKE-plytka-LONG-klasyczny-kolor-biel-skalna-2-1024x683.jpg\" class=\"attachment-large size-large\" alt=\"\" srcset=\"https:\/\/milke.se\/wp-content\/uploads\/2024\/03\/MILKE-plytka-LONG-klasyczny-kolor-biel-skalna-2-1024x683.jpg 1024w, https:\/\/milke.se\/wp-content\/uploads\/2024\/03\/MILKE-plytka-LONG-klasyczny-kolor-biel-skalna-2-300x200.jpg 300w, https:\/\/milke.se\/wp-content\/uploads\/2024\/03\/MILKE-plytka-LONG-klasyczny-kolor-biel-skalna-2-2048x1365.jpg 2048w, https:\/\/milke.se\/wp-content\/uploads\/2024\/03\/MILKE-plytka-LONG-klasyczny-kolor-biel-skalna-2-360x240.jpg 360w, https:\/\/milke.se\/wp-content\/uploads\/2024\/03\/MILKE-plytka-LONG-klasyczny-kolor-biel-skalna-2-768x512.jpg 768w, https:\/\/milke.se\/wp-content\/uploads\/2024\/03\/MILKE-plytka-LONG-klasyczny-kolor-biel-skalna-2-1536x1024.jpg 1536w, https:\/\/milke.se\/wp-content\/uploads\/2024\/03\/MILKE-plytka-LONG-klasyczny-kolor-biel-skalna-2-565x377.jpg 565w, https:\/\/milke.se\/wp-content\/uploads\/2024\/03\/MILKE-plytka-LONG-klasyczny-kolor-biel-skalna-2-937x625.jpg 937w\" sizes=\"auto, (max-width: 640px) 100vw, 640px\" \/><\/a>\n\t\t\t<\/div><\/figure><figure class='gallery-item'>\n\t\t\t<div class='gallery-icon landscape'>\n\t\t\t\t<a href='https:\/\/milke.se\/en\/kolory\/milke-plytka-long-klasyczny-kolor-wloski-1\/'><img loading=\"lazy\" decoding=\"async\" width=\"640\" height=\"427\" src=\"https:\/\/milke.se\/wp-content\/uploads\/2024\/03\/MILKE-plytka-LONG-klasyczny-kolor-wloski-1-1024x683.jpg\" class=\"attachment-large size-large\" alt=\"\" srcset=\"https:\/\/milke.se\/wp-content\/uploads\/2024\/03\/MILKE-plytka-LONG-klasyczny-kolor-wloski-1-1024x683.jpg 1024w, https:\/\/milke.se\/wp-content\/uploads\/2024\/03\/MILKE-plytka-LONG-klasyczny-kolor-wloski-1-300x200.jpg 300w, https:\/\/milke.se\/wp-content\/uploads\/2024\/03\/MILKE-plytka-LONG-klasyczny-kolor-wloski-1-768x512.jpg 768w, https:\/\/milke.se\/wp-content\/uploads\/2024\/03\/MILKE-plytka-LONG-klasyczny-kolor-wloski-1-1536x1024.jpg 1536w, https:\/\/milke.se\/wp-content\/uploads\/2024\/03\/MILKE-plytka-LONG-klasyczny-kolor-wloski-1-2048x1365.jpg 2048w, https:\/\/milke.se\/wp-content\/uploads\/2024\/03\/MILKE-plytka-LONG-klasyczny-kolor-wloski-1-360x240.jpg 360w, https:\/\/milke.se\/wp-content\/uploads\/2024\/03\/MILKE-plytka-LONG-klasyczny-kolor-wloski-1-565x377.jpg 565w, https:\/\/milke.se\/wp-content\/uploads\/2024\/03\/MILKE-plytka-LONG-klasyczny-kolor-wloski-1-937x625.jpg 937w\" sizes=\"auto, (max-width: 640px) 100vw, 640px\" \/><\/a>\n\t\t\t<\/div><\/figure>\n\t\t<\/div>\n\n<h4>Dodatkowe informacje<\/h4>\n<ul>\n<li style=\"text-align: left;\">Pr\u00f3bki wysy\u0142amy kurierem lub mo\u017cesz je odebra\u0107 u nas osobi\u015bcie <span style=\"text-decoration: underline;\"><span style=\"color: #333399;\"><a style=\"color: #333399; text-decoration: underline;\" href=\"https:\/\/milke.sekontakt\/\" target=\"_blank\" rel=\"noopener\">(po wcze\u015bniejszym ustaleniu terminu).<\/a>\n<p><\/span><\/span><\/li>\n<li style=\"text-align: left;\"><span style=\"text-decoration: underline;\"><span style=\"color: #333399; text-decoration: underline;\"><a style=\"color: #333399; text-decoration: underline;\" href=\"https:\/\/milke.se\/en\/product\/probki-produktow-kolor-indywidualny\/\" target=\"_blank\" rel=\"noopener\">Szukasz p\u0142ytek w kolorach indywidualnych?<\/a><\/span><\/span> Skontaktuj si\u0119 z nami \u2013 wsp\u00f3lnie dobierzemy najlepsze rozwi\u0105zanie!<\/li>\n<li style=\"text-align: left;\">Pr\u00f3bki obejmuj\u0105 p\u0142ytki, a nie naro\u017cniki.<\/li>\n<li style=\"text-align: left;\">Chcesz zam\u00f3wi\u0107 pr\u00f3bki kafli Semiroofo lub Roofo? \u2013 odezwij si\u0119 do nas\u00a0na adres: <span style=\"color: #000000;\">biuro@milke.se.<\/span><\/li>\n<li style=\"text-align: left;\">Architektom oferujemy specjalne zestawy pr\u00f3bek \u2013 napisz do nas na: <span style=\"color: #000000;\">biuro@milke.se.\n<p><\/span><\/li>\n<li style=\"text-align: left;\">W przypadku zagranicznych zam\u00f3wie\u0144, napisz na: <span style=\"color: #000000;\">biuro@milke.se. <\/span>Przeka\u017cemy szczeg\u00f3\u0142y dotycz\u0105ce koszt\u00f3w przesy\u0142ki.<\/li>\n<\/ul>","protected":false},"excerpt":{"rendered":"<p style=\"text-align: left;\"><span style=\"text-decoration: underline; color: #000000;\">Wybierz spo\u015br\u00f3d rodzaj\u00f3w: LONG klasyczny i LONG RAW.<\/span>\u00a0Miksuj je dowolnie i wska\u017c kolory podstawowe, kt\u00f3re chcesz otrzyma\u0107. W paczce znajduj\u0105 si\u0119 3 szt. p\u0142ytek.<\/p>","protected":false},"featured_media":18453,"template":"","meta":[],"product_brand":[],"product_cat":[129],"product_tag":[130,234,131],"class_list":{"0":"post-15302","1":"product","2":"type-product","3":"status-publish","4":"has-post-thumbnail","6":"product_cat-probki","7":"product_tag-probki","8":"product_tag-probki-produktow","9":"product_tag-sample","10":"product_shipping_class-produkty-w-opakowaniach-wysylane-pojedynczo","12":"first","13":"instock","14":"taxable","15":"shipping-taxable","16":"purchasable","17":"product-type-simple","18":"layout-style-2","19":"col-md-4 col-sm-4 col-xs-6","20":"col-lg-3","21":"product-has-gallery","22":"product-style-default"},"yoast_head":"<!-- This site is optimized with the Yoast SEO plugin v27.5 - https:\/\/yoast.com\/product\/yoast-seo-wordpress\/ -->\n<title>Pr\u00f3bki P\u0142ytek LONG - D\u0142ugi Format - Sklep milke.se<\/title>\n<meta name=\"description\" content=\"Chcesz z\u0142o\u017cy\u0107 zam\u00f3wienie na produkty MILKE lub TEKT? Zastanawiasz si\u0119 jak dany produkt wygl\u0105da w rzeczywisto\u015bci? &gt;&gt;&gt; Zam\u00f3w pr\u00f3bki!\" \/>\n<meta name=\"robots\" content=\"index, follow, max-snippet:-1, max-image-preview:large, max-video-preview:-1\" \/>\n<link rel=\"canonical\" href=\"http:\/\/milke.se\/en\/product\/probki-plytek-long-dlugi-format\/\" \/>\n<meta property=\"og:locale\" content=\"en_GB\" \/>\n<meta property=\"og:type\" content=\"article\" \/>\n<meta property=\"og:title\" content=\"Pr\u00f3bki P\u0142ytek LONG - D\u0142ugi Format - Sklep milke.se\" \/>\n<meta property=\"og:description\" content=\"Chcesz z\u0142o\u017cy\u0107 zam\u00f3wienie na produkty MILKE lub TEKT? Zastanawiasz si\u0119 jak dany produkt wygl\u0105da w rzeczywisto\u015bci? &gt;&gt;&gt; Zam\u00f3w pr\u00f3bki!\" \/>\n<meta property=\"og:url\" content=\"http:\/\/milke.se\/en\/product\/probki-plytek-long-dlugi-format\/\" \/>\n<meta property=\"og:site_name\" content=\"Sklep milke.se\" \/>\n<meta property=\"article:modified_time\" content=\"2026-04-01T00:29:55+00:00\" \/>\n<meta property=\"og:image\" content=\"http:\/\/milke.se\/wp-content\/uploads\/2026\/04\/Plytki-LONG-MILKE_10-861x1024.png\" \/>\n\t<meta property=\"og:image:width\" content=\"861\" \/>\n\t<meta property=\"og:image:height\" content=\"1024\" \/>\n\t<meta property=\"og:image:type\" content=\"image\/png\" \/>\n<meta name=\"twitter:card\" content=\"summary_large_image\" \/>\n<meta name=\"twitter:label1\" content=\"Estimated reading time\" \/>\n\t<meta name=\"twitter:data1\" content=\"3 minutes\" \/>\n<script type=\"application\/ld+json\" class=\"yoast-schema-graph\">{\"@context\":\"https:\\\/\\\/schema.org\",\"@graph\":[{\"@type\":\"WebPage\",\"@id\":\"http:\\\/\\\/milke.se\\\/produkt\\\/probki-plytek-long-dlugi-format\\\/\",\"url\":\"http:\\\/\\\/milke.se\\\/produkt\\\/probki-plytek-long-dlugi-format\\\/\",\"name\":\"Pr\u00f3bki P\u0142ytek LONG - D\u0142ugi Format - Sklep milke.se\",\"isPartOf\":{\"@id\":\"https:\\\/\\\/milke.se\\\/en\\\/#website\"},\"primaryImageOfPage\":{\"@id\":\"http:\\\/\\\/milke.se\\\/produkt\\\/probki-plytek-long-dlugi-format\\\/#primaryimage\"},\"image\":{\"@id\":\"http:\\\/\\\/milke.se\\\/produkt\\\/probki-plytek-long-dlugi-format\\\/#primaryimage\"},\"thumbnailUrl\":\"https:\\\/\\\/milke.se\\\/wp-content\\\/uploads\\\/2026\\\/04\\\/Plytki-LONG-MILKE_10.png\",\"datePublished\":\"2024-09-14T12:45:11+00:00\",\"dateModified\":\"2026-04-01T00:29:55+00:00\",\"description\":\"Chcesz z\u0142o\u017cy\u0107 zam\u00f3wienie na produkty MILKE lub TEKT? Zastanawiasz si\u0119 jak dany produkt wygl\u0105da w rzeczywisto\u015bci? &gt;&gt;&gt; Zam\u00f3w pr\u00f3bki!\",\"breadcrumb\":{\"@id\":\"http:\\\/\\\/milke.se\\\/produkt\\\/probki-plytek-long-dlugi-format\\\/#breadcrumb\"},\"inLanguage\":\"en-GB\",\"potentialAction\":[{\"@type\":\"ReadAction\",\"target\":[\"http:\\\/\\\/milke.se\\\/produkt\\\/probki-plytek-long-dlugi-format\\\/\"]}]},{\"@type\":\"ImageObject\",\"inLanguage\":\"en-GB\",\"@id\":\"http:\\\/\\\/milke.se\\\/produkt\\\/probki-plytek-long-dlugi-format\\\/#primaryimage\",\"url\":\"https:\\\/\\\/milke.se\\\/wp-content\\\/uploads\\\/2026\\\/04\\\/Plytki-LONG-MILKE_10.png\",\"contentUrl\":\"https:\\\/\\\/milke.se\\\/wp-content\\\/uploads\\\/2026\\\/04\\\/Plytki-LONG-MILKE_10.png\",\"width\":1160,\"height\":1380},{\"@type\":\"BreadcrumbList\",\"@id\":\"http:\\\/\\\/milke.se\\\/produkt\\\/probki-plytek-long-dlugi-format\\\/#breadcrumb\",\"itemListElement\":[{\"@type\":\"ListItem\",\"position\":1,\"name\":\"Strona g\u0142\u00f3wna\",\"item\":\"https:\\\/\\\/milke.se\\\/en\\\/\"},{\"@type\":\"ListItem\",\"position\":2,\"name\":\"Sklep\",\"item\":\"http:\\\/\\\/milke.se\\\/sklep\\\/\"},{\"@type\":\"ListItem\",\"position\":3,\"name\":\"Pr\u00f3bki P\u0142ytek LONG &#8211; D\u0142ugi Format\"}]},{\"@type\":\"WebSite\",\"@id\":\"https:\\\/\\\/milke.se\\\/en\\\/#website\",\"url\":\"https:\\\/\\\/milke.se\\\/en\\\/\",\"name\":\"Sklep milke.se\",\"description\":\"\",\"potentialAction\":[{\"@type\":\"SearchAction\",\"target\":{\"@type\":\"EntryPoint\",\"urlTemplate\":\"https:\\\/\\\/milke.se\\\/en\\\/?s={search_term_string}\"},\"query-input\":{\"@type\":\"PropertyValueSpecification\",\"valueRequired\":true,\"valueName\":\"search_term_string\"}}],\"inLanguage\":\"en-GB\"}]}<\/script>\n<!-- \/ Yoast SEO plugin. -->","yoast_head_json":{"title":"Pr\u00f3bki P\u0142ytek LONG - D\u0142ugi Format - Sklep milke.se","description":"Chcesz z\u0142o\u017cy\u0107 zam\u00f3wienie na produkty MILKE lub TEKT? Zastanawiasz si\u0119 jak dany produkt wygl\u0105da w rzeczywisto\u015bci? &gt;&gt;&gt; Zam\u00f3w pr\u00f3bki!","robots":{"index":"index","follow":"follow","max-snippet":"max-snippet:-1","max-image-preview":"max-image-preview:large","max-video-preview":"max-video-preview:-1"},"canonical":"http:\/\/milke.se\/en\/product\/probki-plytek-long-dlugi-format\/","og_locale":"en_GB","og_type":"article","og_title":"Pr\u00f3bki P\u0142ytek LONG - D\u0142ugi Format - Sklep milke.se","og_description":"Chcesz z\u0142o\u017cy\u0107 zam\u00f3wienie na produkty MILKE lub TEKT? Zastanawiasz si\u0119 jak dany produkt wygl\u0105da w rzeczywisto\u015bci? &gt;&gt;&gt; Zam\u00f3w pr\u00f3bki!","og_url":"http:\/\/milke.se\/en\/product\/probki-plytek-long-dlugi-format\/","og_site_name":"Sklep milke.se","article_modified_time":"2026-04-01T00:29:55+00:00","og_image":[{"width":861,"height":1024,"url":"http:\/\/milke.se\/wp-content\/uploads\/2026\/04\/Plytki-LONG-MILKE_10-861x1024.png","type":"image\/png"}],"twitter_card":"summary_large_image","twitter_misc":{"Estimated reading time":"3 minutes"},"schema":{"@context":"https:\/\/schema.org","@graph":[{"@type":"WebPage","@id":"http:\/\/milke.se\/produkt\/probki-plytek-long-dlugi-format\/","url":"http:\/\/milke.se\/produkt\/probki-plytek-long-dlugi-format\/","name":"Pr\u00f3bki P\u0142ytek LONG - D\u0142ugi Format - Sklep milke.se","isPartOf":{"@id":"https:\/\/milke.se\/en\/#website"},"primaryImageOfPage":{"@id":"http:\/\/milke.se\/produkt\/probki-plytek-long-dlugi-format\/#primaryimage"},"image":{"@id":"http:\/\/milke.se\/produkt\/probki-plytek-long-dlugi-format\/#primaryimage"},"thumbnailUrl":"https:\/\/milke.se\/wp-content\/uploads\/2026\/04\/Plytki-LONG-MILKE_10.png","datePublished":"2024-09-14T12:45:11+00:00","dateModified":"2026-04-01T00:29:55+00:00","description":"Chcesz z\u0142o\u017cy\u0107 zam\u00f3wienie na produkty MILKE lub TEKT? Zastanawiasz si\u0119 jak dany produkt wygl\u0105da w rzeczywisto\u015bci? &gt;&gt;&gt; Zam\u00f3w pr\u00f3bki!","breadcrumb":{"@id":"http:\/\/milke.se\/produkt\/probki-plytek-long-dlugi-format\/#breadcrumb"},"inLanguage":"en-GB","potentialAction":[{"@type":"ReadAction","target":["http:\/\/milke.se\/produkt\/probki-plytek-long-dlugi-format\/"]}]},{"@type":"ImageObject","inLanguage":"en-GB","@id":"http:\/\/milke.se\/produkt\/probki-plytek-long-dlugi-format\/#primaryimage","url":"https:\/\/milke.se\/wp-content\/uploads\/2026\/04\/Plytki-LONG-MILKE_10.png","contentUrl":"https:\/\/milke.se\/wp-content\/uploads\/2026\/04\/Plytki-LONG-MILKE_10.png","width":1160,"height":1380},{"@type":"BreadcrumbList","@id":"http:\/\/milke.se\/produkt\/probki-plytek-long-dlugi-format\/#breadcrumb","itemListElement":[{"@type":"ListItem","position":1,"name":"Strona g\u0142\u00f3wna","item":"https:\/\/milke.se\/en\/"},{"@type":"ListItem","position":2,"name":"Sklep","item":"http:\/\/milke.se\/sklep\/"},{"@type":"ListItem","position":3,"name":"Pr\u00f3bki P\u0142ytek LONG &#8211; D\u0142ugi Format"}]},{"@type":"WebSite","@id":"https:\/\/milke.se\/en\/#website","url":"https:\/\/milke.se\/en\/","name":"Shop milke.se","description":"","potentialAction":[{"@type":"SearchAction","target":{"@type":"EntryPoint","urlTemplate":"https:\/\/milke.se\/en\/?s={search_term_string}"},"query-input":{"@type":"PropertyValueSpecification","valueRequired":true,"valueName":"search_term_string"}}],"inLanguage":"en-GB"}]}},"_links":{"self":[{"href":"https:\/\/milke.se\/en\/wp-json\/wp\/v2\/product\/15302","targetHints":{"allow":["GET"]}}],"collection":[{"href":"https:\/\/milke.se\/en\/wp-json\/wp\/v2\/product"}],"about":[{"href":"https:\/\/milke.se\/en\/wp-json\/wp\/v2\/types\/product"}],"wp:featuredmedia":[{"embeddable":true,"href":"https:\/\/milke.se\/en\/wp-json\/wp\/v2\/media\/18453"}],"wp:attachment":[{"href":"https:\/\/milke.se\/en\/wp-json\/wp\/v2\/media?parent=15302"}],"wp:term":[{"taxonomy":"product_brand","embeddable":true,"href":"https:\/\/milke.se\/en\/wp-json\/wp\/v2\/product_brand?post=15302"},{"taxonomy":"product_cat","embeddable":true,"href":"https:\/\/milke.se\/en\/wp-json\/wp\/v2\/product_cat?post=15302"},{"taxonomy":"product_tag","embeddable":true,"href":"https:\/\/milke.se\/en\/wp-json\/wp\/v2\/product_tag?post=15302"}],"curies":[{"name":"wp","href":"https:\/\/api.w.org\/{rel}","templated":true}]}}