{"id":6775,"date":"2020-11-20T09:13:30","date_gmt":"2020-11-20T08:13:30","guid":{"rendered":"https:\/\/milke.se\/?post_type=product&#038;p=6775"},"modified":"2026-04-01T02:16:46","modified_gmt":"2026-04-01T00:16:46","slug":"ruby-plytka-ceglana-dekoracyjna-waska","status":"publish","type":"product","link":"https:\/\/milke.se\/en\/product\/ruby-plytka-ceglana-dekoracyjna-waska\/","title":{"rendered":"Ruby - decorative narrow brick tile"},"content":{"rendered":"<h4 style=\"text-align: left;\">Ruby to odpowied\u017a na potrzeby Architekt\u00f3w i Inwestor\u00f3w poszukuj\u0105cych innowacyjnych rozwi\u0105za\u0144 dla fasad i elewacji, a tak\u017ce tych, kt\u00f3rzy pragn\u0105 tworzy\u0107 wyj\u0105tkowe i klimatyczne wn\u0119trza.<\/h4>\n<div>\n<div class=\"flex max-w-full flex-col flex-grow\">\n<div class=\"min-h-[20px] text-message flex w-full flex-col items-end gap-2 break-words [.text-message+&amp;]:mt-5 overflow-x-auto whitespace-normal\" dir=\"auto\" data-message-author-role=\"assistant\" data-message-id=\"430319ec-0e72-4ba6-8f08-58bdd67d150e\">\n<div class=\"flex w-full flex-col gap-1 empty:hidden first:pt-[3px]\">\n<div class=\"markdown prose w-full break-words dark:prose-invert light\">\n<p style=\"text-align: left;\">Inspiruj\u0105c si\u0119 sprawdzonymi wzorcami z kraj\u00f3w Beneluksu, takich jak Belgia i Holandia, wyd\u0142u\u017cyli\u015bmy kszta\u0142t Ruby, nadaj\u0105c jej jeszcze bardziej indywidualny charakter. Dzi\u0119ki temu Ruby otwiera nowe mo\u017cliwo\u015bci kszta\u0142towania przestrzeni, \u0142\u0105cz\u0105c estetyk\u0119 z funkcjonalno\u015bci\u0105.<\/p>\n<\/div>\n<\/div>\n<\/div>\n<\/div>\n<\/div>\n<p><a href=\"https:\/\/milke.se\/wp-content\/uploads\/2025\/06\/plytka-RUBY_MILKE_5.jpg\" target=\"_blank\" rel=\"noopener\"><img loading=\"lazy\" decoding=\"async\" class=\"alignnone wp-image-14139\" src=\"https:\/\/milke.se\/wp-content\/uploads\/2025\/06\/plytka-RUBY_MILKE_5.jpg\" alt=\"\" width=\"915\" height=\"611\" srcset=\"https:\/\/milke.se\/wp-content\/uploads\/2025\/06\/plytka-RUBY_MILKE_5.jpg 1437w, https:\/\/milke.se\/wp-content\/uploads\/2025\/06\/plytka-RUBY_MILKE_5-300x200.jpg 300w, https:\/\/milke.se\/wp-content\/uploads\/2025\/06\/plytka-RUBY_MILKE_5-768x513.jpg 768w, https:\/\/milke.se\/wp-content\/uploads\/2025\/06\/plytka-RUBY_MILKE_5-1024x684.jpg 1024w, https:\/\/milke.se\/wp-content\/uploads\/2025\/06\/plytka-RUBY_MILKE_5-360x240.jpg 360w, https:\/\/milke.se\/wp-content\/uploads\/2025\/06\/plytka-RUBY_MILKE_5-565x377.jpg 565w, https:\/\/milke.se\/wp-content\/uploads\/2025\/06\/plytka-RUBY_MILKE_5-937x626.jpg 937w\" sizes=\"auto, (max-width: 915px) 100vw, 915px\" \/><\/a><\/p>\n<p><a href=\"https:\/\/milke.se\/wp-content\/uploads\/2025\/06\/plytka-RUBY_MILKE_2.jpg\" target=\"_blank\" rel=\"noopener noreferrer\"><img loading=\"lazy\" decoding=\"async\" class=\"alignnone wp-image-14140\" src=\"https:\/\/milke.se\/wp-content\/uploads\/2025\/06\/plytka-RUBY_MILKE_2.jpg\" alt=\"\" width=\"451\" height=\"301\" srcset=\"https:\/\/milke.se\/wp-content\/uploads\/2025\/06\/plytka-RUBY_MILKE_2.jpg 1438w, https:\/\/milke.se\/wp-content\/uploads\/2025\/06\/plytka-RUBY_MILKE_2-300x200.jpg 300w, https:\/\/milke.se\/wp-content\/uploads\/2025\/06\/plytka-RUBY_MILKE_2-768x513.jpg 768w, https:\/\/milke.se\/wp-content\/uploads\/2025\/06\/plytka-RUBY_MILKE_2-1024x684.jpg 1024w, https:\/\/milke.se\/wp-content\/uploads\/2025\/06\/plytka-RUBY_MILKE_2-360x240.jpg 360w, https:\/\/milke.se\/wp-content\/uploads\/2025\/06\/plytka-RUBY_MILKE_2-565x377.jpg 565w, https:\/\/milke.se\/wp-content\/uploads\/2025\/06\/plytka-RUBY_MILKE_2-937x626.jpg 937w\" sizes=\"auto, (max-width: 451px) 100vw, 451px\" \/> \u00a0 \u00a0<\/a><a href=\"https:\/\/milke.se\/wp-content\/uploads\/2025\/06\/plytka-RUBY_MILKE_3.jpg\" target=\"_blank\" rel=\"noopener\"><img loading=\"lazy\" decoding=\"async\" class=\"alignnone wp-image-14141\" src=\"https:\/\/milke.se\/wp-content\/uploads\/2025\/06\/plytka-RUBY_MILKE_3.jpg\" alt=\"\" width=\"451\" height=\"301\" srcset=\"https:\/\/milke.se\/wp-content\/uploads\/2025\/06\/plytka-RUBY_MILKE_3.jpg 1437w, https:\/\/milke.se\/wp-content\/uploads\/2025\/06\/plytka-RUBY_MILKE_3-300x200.jpg 300w, https:\/\/milke.se\/wp-content\/uploads\/2025\/06\/plytka-RUBY_MILKE_3-768x513.jpg 768w, https:\/\/milke.se\/wp-content\/uploads\/2025\/06\/plytka-RUBY_MILKE_3-1024x684.jpg 1024w, https:\/\/milke.se\/wp-content\/uploads\/2025\/06\/plytka-RUBY_MILKE_3-360x240.jpg 360w, https:\/\/milke.se\/wp-content\/uploads\/2025\/06\/plytka-RUBY_MILKE_3-565x377.jpg 565w, https:\/\/milke.se\/wp-content\/uploads\/2025\/06\/plytka-RUBY_MILKE_3-937x626.jpg 937w\" sizes=\"auto, (max-width: 451px) 100vw, 451px\" \/><\/a><\/p>\n<p><a href=\"https:\/\/milke.se\/en\/portfolio\/plytka-waska-ruby-milke-benelux\/\"><img loading=\"lazy\" decoding=\"async\" class=\"alignnone wp-image-11939\" src=\"https:\/\/milke.se\/wp-content\/uploads\/2025\/06\/Plytka-Ruby-MILKE-102.png\" alt=\"\" width=\"451\" height=\"292\" \/>\u00a0\u00a0\u00a0 <\/a><a href=\"https:\/\/milke.se\/en\/portfolio\/plytka-waska-ruby-milke-benelux\/\" target=\"_blank\" rel=\"noopener\"><img loading=\"lazy\" decoding=\"async\" class=\"alignnone wp-image-11941\" src=\"https:\/\/milke.se\/wp-content\/uploads\/2025\/06\/Plytka-Ruby-MILKE-104.png\" alt=\"\" width=\"451\" height=\"292\" \/><\/a><\/p>\n<blockquote>\n<p style=\"text-align: center;\">P\u0142ytka Ruby technicznie<\/p>\n<\/blockquote>\n<p style=\"text-align: left;\">P\u0142ytki Ruby to efekt r\u0119cznej produkcji, w kt\u00f3rej beton architektoniczny barwiony w masie zyskuje wyj\u0105tkowe w\u0142a\u015bciwo\u015bci &#8211; lekko\u015b\u0107 po\u0142\u0105czon\u0105 z wysok\u0105 wytrzyma\u0142o\u015bci\u0105. P\u0142ytki dekoracyjne Ruby wyr\u00f3\u017cniaj\u0105 si\u0119 smuklejszym, wyd\u0142u\u017conym formatem w por\u00f3wnaniu do tradycyjnej ceg\u0142y, co nadaje im nowoczesny, ale wci\u0105\u017c rzemie\u015blniczy charakter.<\/p>\n<p style=\"text-align: left;\"><span style=\"color: #000000;\">Aktualna wielko\u015b\u0107 (+\/- 0,5 cm): wysoko\u015b\u0107 ~ 4,7-5 cm, d\u0142ugo\u015b\u0107 ~ 26 cm, grubo\u015b\u0107 ~ 1-1,4 cm.<\/p>\n<p>Na 1m2 potrzeba 65 szt. p\u0142ytek (przy 6-8mm fudze).<\/p>\n<p>Na 1mb potrzeba 18 szt. naro\u017cnik\u00f3w (przy 6-8mm fudze).<\/p>\n<p><\/span><\/p>\n<p style=\"text-align: left;\">Seria Ruby obejmuje tak\u017ce elementy dodatkowe, takie jak p\u0142ytki po\u0142\u00f3wkowe, naro\u017cniki w wersji klasycznej i parapetowej oraz nadpro\u017ca, kt\u00f3re umo\u017cliwiaj\u0105 kompleksowe wyko\u0144czenie projektu.<\/p>\n<p><a href=\"https:\/\/milke.se\/en\/portfolio\/plytka-waska-ruby-milke-benelux\/\" target=\"_blank\" rel=\"noopener\"><img loading=\"lazy\" decoding=\"async\" class=\"alignnone wp-image-11940\" src=\"https:\/\/milke.se\/wp-content\/uploads\/2025\/06\/Plytka-Ruby-MILKE-103.png\" alt=\"\" width=\"451\" height=\"292\" \/>\u00a0\u00a0\u00a0 <\/a><a href=\"https:\/\/milke.se\/en\/portfolio\/plytka-waska-ruby-milke-benelux\/\" target=\"_blank\" rel=\"noopener\"><img loading=\"lazy\" decoding=\"async\" class=\"alignnone wp-image-11938\" src=\"https:\/\/milke.se\/wp-content\/uploads\/2025\/06\/Plytka-Ruby-MILKE-100.png\" alt=\"\" width=\"451\" height=\"292\" \/><\/a><\/p>\n<p style=\"font-weight: 400; text-align: left;\">Architektura ka\u017cdego kraju ma swoje unikalne cechy, a Ruby czerpie inspiracj\u0119 z region\u00f3w, gdzie ceg\u0142a jest w\u0119\u017csza i s\u0142u\u017cy do wyko\u0144cze\u0144 bardziej subtelnych detali architektonicznych. Dzi\u0119ki p\u0142ytkom Ruby mo\u017cesz stworzy\u0107 niebanalne efekty wizualne, kt\u00f3re wykraczaj\u0105 poza tradycyjne zastosowanie ceg\u0142y.<\/p>\n<p style=\"font-weight: 400; text-align: left;\">W MILKE dostrzegamy rosn\u0105c\u0105 kreatywno\u015b\u0107 naszych Klient\u00f3w, kt\u00f3rzy coraz \u015bmielej eksperymentuj\u0105 nie tylko z rozmiarem cegie\u0142, ale tak\u017ce z ich uk\u0142adem na fasadach. Coraz cz\u0119\u015bciej spotykamy si\u0119 z projektami, w kt\u00f3rych r\u00f3\u017cne orientacje element\u00f3w &#8211; horyzontalne i wertykalne &#8211; wsp\u00f3\u0142graj\u0105 ze sob\u0105, podkre\u015blaj\u0105c unikalny charakter architektury.<\/p>\n<blockquote><p>P\u0142ytki ceglane MILKE s\u0105 jednym z tych wa\u017cnych sk\u0142adnik\u00f3w, kt\u00f3re stawiaj\u0105 kropk\u0119 nad \u201ei\u201d Twojej realizacji, nadaj\u0105c jej charakter i podkre\u015blaj\u0105c jej indywidualno\u015b\u0107.<\/p><\/blockquote>\n<h5 style=\"text-align: left;\">P\u0142ytki ceglane Ryby MILKE mo\u017cesz wykorzysta\u0107:<\/h5>\n<ul>\n<li style=\"font-weight: 400; text-align: left;\">we wn\u0119trzach, jak i na zewn\u0105trz budynk\u00f3w<\/li>\n<li style=\"font-weight: 400; text-align: left;\">na \u015bcianach, fasadach i elewacjach<\/li>\n<li style=\"font-weight: 400; text-align: left;\">w pomieszczeniach suchych i mokrych<\/li>\n<li style=\"font-weight: 400; text-align: left;\">w pokoju, kuchni, \u0142azience i na kominku<\/li>\n<\/ul>\n<p><iframe loading=\"lazy\" title=\"Ruby \u2013 p\u0142ytka ceglana dekoracyjna w\u0105ska\" width=\"640\" height=\"360\" src=\"https:\/\/www.youtube.com\/embed\/cRm9MPfqnyA?feature=oembed\" frameborder=\"0\" allow=\"accelerometer; autoplay; clipboard-write; encrypted-media; gyroscope; picture-in-picture; web-share\" referrerpolicy=\"strict-origin-when-cross-origin\" allowfullscreen><\/iframe><\/p>\n<p><iframe loading=\"lazy\" title=\"Ruby \u2013 p\u0142ytka ceglana dekoracyjna w\u0105ska (z placu budowy)\" width=\"640\" height=\"360\" src=\"https:\/\/www.youtube.com\/embed\/X6gNuJWL0_E?feature=oembed\" frameborder=\"0\" allow=\"accelerometer; autoplay; clipboard-write; encrypted-media; gyroscope; picture-in-picture; web-share\" referrerpolicy=\"strict-origin-when-cross-origin\" allowfullscreen><\/iframe><\/p>\n<blockquote><p>P\u0142ytk\u0119 Ruby produkujemy r\u0119cznie<\/p><\/blockquote>\n<p style=\"text-align: left;\">P\u0142ytk\u0119 Ruby wytwarzamy r\u0119cznie, bazuj\u0105c na tradycyjnych metodach manufaktury. Baz\u0105 dla naszego wzoru Ruby s\u0105 sprawdzone rozwi\u0105zania kraj\u00f3w Beneluxu, takich jak Belgia czy Holandia.\u00a0Ruby wyr\u00f3\u017cnia si\u0119 subtelnym licem, z delikatnymi nier\u00f3wno\u015bciami i zag\u0142\u0119bieniami, kt\u00f3re nadaj\u0105 \u015bcianie wyj\u0105tkowy charakter. Smuk\u0142y format tej p\u0142ytki, o wysoko\u015bci 5 cm idealnie wpisuje si\u0119 w klimat niewielkich \u015bcian i wprowadza do przestrzeni lekko\u015b\u0107. Na mniejszych \u015bcianach Ruby tworzy przytulny klimat, a na wi\u0119kszych powierzchniach pozwala zachowa\u0107 sp\u00f3jny, harmonijny wygl\u0105d ca\u0142ej kompozycji.<\/p>\n<blockquote><p>Kolory i odcienie<\/p><\/blockquote>\n<p style=\"text-align: left;\">W MILKE ka\u017cd\u0105 p\u0142ytk\u0119 dekoracyjn\u0105 barwimy r\u0119cznie, co daje nam pe\u0142n\u0105 swobod\u0119 w kreowaniu unikatowych kolor\u00f3w. Dzi\u0119ki temu ka\u017cdy element ma subtelnie r\u00f3\u017cni\u0105ce si\u0119 odcienie. Ponadto smugi, jak i ja\u015bniejsze czy ciemniejsze przebarwienia \u015bwiadomie pot\u0119gowane na etapie produkcji sprawiaj\u0105, \u017ce ka\u017cda z cegie\u0142ek jest unikatowa i jedyna w swoim rodzaju. Twoja \u015bciana zyskuje pe\u0142n\u0105 oryginalno\u015b\u0107.<\/p>\n<blockquote class=\"wp-embedded-content\" data-secret=\"dzKBMejRLx\"><p><a href=\"https:\/\/milke.se\/en\/kolory\/\">\u015aCI\u0104GAWKA KOLOR\u00d3W<\/a><\/p><\/blockquote>\n<p style=\"text-align: left;\">P\u0142ytki ceglane wykonane z betonu oferuj\u0105 nieograniczone mo\u017cliwo\u015bci kolorystyczne i pozwalaj\u0105 na eksperymenty z r\u00f3\u017cnorodnymi teksturami. Tworzenie niestandardowych kszta\u0142t\u00f3w, jak i specjalnych element\u00f3w o okre\u015blonej formie czy rozmiarze, staje si\u0119 prostsze i bardziej elastyczne.<\/p>\n<div class=\"page\" style=\"text-align: left;\" title=\"Page 4\">\n<div class=\"section\">\n<div class=\"layoutArea\">\n<blockquote>\n<div class=\"column\">Co wi\u0119cej, zastosowanie betonu przek\u0142ada si\u0119 na l\u017cejsz\u0105 wag\u0119 produktu, co czyni go nie tylko estetycznym, ale r\u00f3wnie\u017c praktycznym wyborem.<\/div>\n<\/blockquote>\n<\/div>\n<\/div>\n<\/div>\n<p><a href=\"https:\/\/milke.se\/wp-content\/uploads\/2025\/06\/Plytka-Ruby-MILKE-108.png\"><img loading=\"lazy\" decoding=\"async\" class=\"alignnone wp-image-11945\" src=\"https:\/\/milke.se\/wp-content\/uploads\/2025\/06\/Plytka-Ruby-MILKE-108.png\" alt=\"\" width=\"451\" height=\"292\" \/> \u00a0 \u00a0<\/a><a href=\"https:\/\/milke.se\/wp-content\/uploads\/2025\/06\/Plytka-Ruby-MILKE-107.png\"><img loading=\"lazy\" decoding=\"async\" class=\"alignnone wp-image-11944\" src=\"https:\/\/milke.se\/wp-content\/uploads\/2025\/06\/Plytka-Ruby-MILKE-107.png\" alt=\"\" width=\"451\" height=\"292\" \/><\/a><\/p>\n<div class=\"page\" style=\"text-align: left;\" title=\"Page 6\">\n<div class=\"section\">\n<div class=\"layoutArea\">\n<div class=\"column\">\n<div class=\"page\" style=\"text-align: left;\" title=\"Page 6\">\n<div class=\"section\">\n<div class=\"layoutArea\">\n<div class=\"column\">\n<div class=\"page\" title=\"Page 9\">\n<div class=\"section\">\n<div class=\"layoutArea\">\n<h5 class=\"column\">G\u0142\u00f3wne zalety\u00a0dekoracyjnych\u00a0p\u0142ytek betonowych MILKE:<\/h5>\n<\/div>\n<\/div>\n<\/div>\n<\/div>\n<\/div>\n<\/div>\n<\/div>\n<div class=\"page\" title=\"Page 9\">\n<div class=\"section\">\n<div class=\"layoutArea\">\n<div class=\"column\">\n<ul>\n<li style=\"text-align: left;\">trwa\u0142o\u015b\u0107 &#8211;\u00a0czyli wytrzyma\u0142o\u015b\u0107 na uderzenia i \u015bcieranie<\/li>\n<li style=\"text-align: left;\">wytrzyma\u0142o\u015b\u0107 na warunki atmosferyczne &#8211;\u00a0czyli mrozoodporno\u015b\u0107, niska nasia\u0328kliwo\u015b\u0107<\/li>\n<li style=\"text-align: left;\">odporno\u015b\u0107 &#8211;\u00a0zar\u00f3wno na korozj\u0119 biologiczn\u0105, jak i agresywne \u015brodowisko naraz\u0307one na permanentne dzia\u0142anie i kontakt z wod\u0105, oparami czy t\u0142uszczem<\/li>\n<li style=\"text-align: left;\">niepalno\u015b\u0107 &#8211;\u00a0w rozumieniu odporno\u015b\u0107 na ogien\u0301<\/li>\n<li style=\"text-align: left;\">podwyz\u0307szona izolacja akustyczna i cieplna<\/li>\n<li style=\"text-align: left;\">niska waga<\/li>\n<\/ul>\n<\/div>\n<\/div>\n<\/div>\n<\/div>\n<\/div>\n<\/div>\n<\/div>\n<\/div>\n<div class=\"page\" title=\"Page 17\">\n<div class=\"section\">\n<div class=\"layoutArea\">\n<blockquote><p>KARTA TECHNICZNA<\/p><\/blockquote>\n<p style=\"text-align: left;\">Poniewa\u017c zale\u017cy nam na tym, aby\u015b by\u0142 zadowolony ze swojej ceglanej \u015bciany &#8211; zapoznaj si\u0119 z<span style=\"color: #000080;\"><a style=\"color: #000080;\" href=\"https:\/\/milke.se\/wp-content\/uploads\/2022\/12\/Ruby-Karta-Techniczna-MILKE-0.3.pdf.zip\"> <span style=\"text-decoration: underline;\">KART\u0104 TECHNICZN\u0104 P\u0141YTKI RUBY.<\/span> <\/a><\/span>Pami\u0119taj, \u017ce <span style=\"text-decoration: underline; color: #000080;\"><a style=\"color: #000080; text-decoration: underline;\" href=\"https:\/\/milke.sekontakt\/\" target=\"_blank\" rel=\"noopener\">w ka\u017cdej chwili mo\u017cesz si\u0119 z nami skontaktowa\u0107<\/a><\/span> i porozmawia\u0107 na temat. Odpowiemy na pytania i doradzimy.<\/p>\n<blockquote class=\"wp-embedded-content\" data-secret=\"8v0IKZ1Cbq\"><p><a href=\"https:\/\/milke.se\/en\/product\/probki-plytek-ceglanych-klasyczny-format\/\">Pr\u00f3bki P\u0142ytek Ceglanych &#8211; Klasyczny Format<\/a><\/p><\/blockquote>\n<\/div>\n<\/div>\n<\/div>","protected":false},"excerpt":{"rendered":"<p style=\"font-weight: 400; text-align: left;\">Ruby to p\u0142ytka o smuk\u0142ych, eleganckich proporcjach, wyr\u00f3\u017cniaj\u0105ca si\u0119 w\u0119\u017cszym i wyd\u0142u\u017conym formatem w por\u00f3wnaniu do tradycyjnej ceg\u0142y. <span style=\"text-decoration: underline; color: #000080;\"><a style=\"color: #000080; text-decoration: underline;\" href=\"https:\/\/milke.se\/en\/kolory\/\" target=\"_blank\" rel=\"noopener\">Dost\u0119pna w r\u00f3\u017cnych kolorach.<\/a><\/span>\u00a0Na 1m2 potrzeba 65 szt. p\u0142ytek (przy 6-8mm fudze).<\/p>","protected":false},"featured_media":18362,"template":"","meta":[],"product_brand":[],"product_cat":[225],"product_tag":[157,159,284,362],"class_list":{"0":"post-6775","1":"product","2":"type-product","3":"status-publish","4":"has-post-thumbnail","6":"product_cat-plytka-ceglana","7":"product_tag-plytka-elewacyjna","8":"product_tag-plytka-scienna","9":"product_tag-plytka-waska","10":"product_tag-ruby","11":"product_shipping_class-produkty-wysylane-na-paletach","13":"first","14":"instock","15":"taxable","16":"shipping-taxable","17":"purchasable","18":"product-type-variable","19":"layout-style-2","20":"col-md-4 col-sm-4 col-xs-6","21":"col-lg-3","22":"product-has-gallery","23":"product-style-default"},"yoast_head":"<!-- This site is optimized with the Yoast SEO plugin v27.4 - https:\/\/yoast.com\/product\/yoast-seo-wordpress\/ -->\n<title>Ruby - p\u0142ytka ceglana dekoracyjna w\u0105ska - Sklep milke.se<\/title>\n<meta name=\"description\" content=\"Smuk\u0142a p\u0142ytka ceglana Ruby, to suma naszych do\u015bwiadcze\u0144 z urozmaiconego lica Starej Ceg\u0142y oraz prostok\u0105tnego kszta\u0142tu Nowej Ceg\u0142y.\" \/>\n<meta name=\"robots\" content=\"index, follow, max-snippet:-1, max-image-preview:large, max-video-preview:-1\" \/>\n<link rel=\"canonical\" href=\"https:\/\/milke.se\/en\/product\/ruby-plytka-ceglana-dekoracyjna-waska\/\" \/>\n<meta property=\"og:locale\" content=\"en_GB\" \/>\n<meta property=\"og:type\" content=\"article\" \/>\n<meta property=\"og:title\" content=\"Ruby - p\u0142ytka ceglana dekoracyjna w\u0105ska - Sklep milke.se\" \/>\n<meta property=\"og:description\" content=\"Smuk\u0142a p\u0142ytka ceglana Ruby, to suma naszych do\u015bwiadcze\u0144 z urozmaiconego lica Starej Ceg\u0142y oraz prostok\u0105tnego kszta\u0142tu Nowej Ceg\u0142y.\" \/>\n<meta property=\"og:url\" content=\"https:\/\/milke.se\/en\/product\/ruby-plytka-ceglana-dekoracyjna-waska\/\" \/>\n<meta property=\"og:site_name\" content=\"Sklep milke.se\" \/>\n<meta property=\"article:modified_time\" content=\"2026-04-01T00:16:46+00:00\" \/>\n<meta property=\"og:image\" content=\"https:\/\/milke.se\/wp-content\/uploads\/2026\/04\/Plytka-ceglana-RUBY-MILKE-6.png\" \/>\n\t<meta property=\"og:image:width\" content=\"754\" \/>\n\t<meta property=\"og:image:height\" content=\"898\" \/>\n\t<meta property=\"og:image:type\" content=\"image\/png\" \/>\n<meta name=\"twitter:card\" content=\"summary_large_image\" \/>\n<meta name=\"twitter:label1\" content=\"Estimated reading time\" \/>\n\t<meta name=\"twitter:data1\" content=\"6 minutes\" \/>\n<script type=\"application\/ld+json\" class=\"yoast-schema-graph\">{\"@context\":\"https:\\\/\\\/schema.org\",\"@graph\":[{\"@type\":\"WebPage\",\"@id\":\"https:\\\/\\\/milke.se\\\/produkt\\\/ruby-plytka-ceglana-dekoracyjna-waska\\\/\",\"url\":\"https:\\\/\\\/milke.se\\\/produkt\\\/ruby-plytka-ceglana-dekoracyjna-waska\\\/\",\"name\":\"Ruby - p\u0142ytka ceglana dekoracyjna w\u0105ska - Sklep milke.se\",\"isPartOf\":{\"@id\":\"https:\\\/\\\/milke.se\\\/#website\"},\"primaryImageOfPage\":{\"@id\":\"https:\\\/\\\/milke.se\\\/produkt\\\/ruby-plytka-ceglana-dekoracyjna-waska\\\/#primaryimage\"},\"image\":{\"@id\":\"https:\\\/\\\/milke.se\\\/produkt\\\/ruby-plytka-ceglana-dekoracyjna-waska\\\/#primaryimage\"},\"thumbnailUrl\":\"https:\\\/\\\/milke.se\\\/wp-content\\\/uploads\\\/2026\\\/04\\\/Plytka-ceglana-RUBY-MILKE-6.png\",\"datePublished\":\"2020-11-20T08:13:30+00:00\",\"dateModified\":\"2026-04-01T00:16:46+00:00\",\"description\":\"Smuk\u0142a p\u0142ytka ceglana Ruby, to suma naszych do\u015bwiadcze\u0144 z urozmaiconego lica Starej Ceg\u0142y oraz prostok\u0105tnego kszta\u0142tu Nowej Ceg\u0142y.\",\"breadcrumb\":{\"@id\":\"https:\\\/\\\/milke.se\\\/produkt\\\/ruby-plytka-ceglana-dekoracyjna-waska\\\/#breadcrumb\"},\"inLanguage\":\"en-GB\",\"potentialAction\":[{\"@type\":\"ReadAction\",\"target\":[\"https:\\\/\\\/milke.se\\\/produkt\\\/ruby-plytka-ceglana-dekoracyjna-waska\\\/\"]}]},{\"@type\":\"ImageObject\",\"inLanguage\":\"en-GB\",\"@id\":\"https:\\\/\\\/milke.se\\\/produkt\\\/ruby-plytka-ceglana-dekoracyjna-waska\\\/#primaryimage\",\"url\":\"https:\\\/\\\/milke.se\\\/wp-content\\\/uploads\\\/2026\\\/04\\\/Plytka-ceglana-RUBY-MILKE-6.png\",\"contentUrl\":\"https:\\\/\\\/milke.se\\\/wp-content\\\/uploads\\\/2026\\\/04\\\/Plytka-ceglana-RUBY-MILKE-6.png\",\"width\":754,\"height\":898},{\"@type\":\"BreadcrumbList\",\"@id\":\"https:\\\/\\\/milke.se\\\/produkt\\\/ruby-plytka-ceglana-dekoracyjna-waska\\\/#breadcrumb\",\"itemListElement\":[{\"@type\":\"ListItem\",\"position\":1,\"name\":\"Strona g\u0142\u00f3wna\",\"item\":\"https:\\\/\\\/milke.se\\\/\"},{\"@type\":\"ListItem\",\"position\":2,\"name\":\"Sklep\",\"item\":\"https:\\\/\\\/milke.se\\\/sklep\\\/\"},{\"@type\":\"ListItem\",\"position\":3,\"name\":\"Ruby &#8211; p\u0142ytka ceglana dekoracyjna w\u0105ska\"}]},{\"@type\":\"WebSite\",\"@id\":\"https:\\\/\\\/milke.se\\\/#website\",\"url\":\"https:\\\/\\\/milke.se\\\/\",\"name\":\"Sklep milke.se\",\"description\":\"\",\"potentialAction\":[{\"@type\":\"SearchAction\",\"target\":{\"@type\":\"EntryPoint\",\"urlTemplate\":\"https:\\\/\\\/milke.se\\\/?s={search_term_string}\"},\"query-input\":{\"@type\":\"PropertyValueSpecification\",\"valueRequired\":true,\"valueName\":\"search_term_string\"}}],\"inLanguage\":\"en-GB\"}]}<\/script>\n<!-- \/ Yoast SEO plugin. -->","yoast_head_json":{"title":"Ruby - p\u0142ytka ceglana dekoracyjna w\u0105ska - Sklep milke.se","description":"Smuk\u0142a p\u0142ytka ceglana Ruby, to suma naszych do\u015bwiadcze\u0144 z urozmaiconego lica Starej Ceg\u0142y oraz prostok\u0105tnego kszta\u0142tu Nowej Ceg\u0142y.","robots":{"index":"index","follow":"follow","max-snippet":"max-snippet:-1","max-image-preview":"max-image-preview:large","max-video-preview":"max-video-preview:-1"},"canonical":"https:\/\/milke.se\/en\/product\/ruby-plytka-ceglana-dekoracyjna-waska\/","og_locale":"en_GB","og_type":"article","og_title":"Ruby - p\u0142ytka ceglana dekoracyjna w\u0105ska - Sklep milke.se","og_description":"Smuk\u0142a p\u0142ytka ceglana Ruby, to suma naszych do\u015bwiadcze\u0144 z urozmaiconego lica Starej Ceg\u0142y oraz prostok\u0105tnego kszta\u0142tu Nowej Ceg\u0142y.","og_url":"https:\/\/milke.se\/en\/product\/ruby-plytka-ceglana-dekoracyjna-waska\/","og_site_name":"Sklep milke.se","article_modified_time":"2026-04-01T00:16:46+00:00","og_image":[{"width":754,"height":898,"url":"https:\/\/milke.se\/wp-content\/uploads\/2026\/04\/Plytka-ceglana-RUBY-MILKE-6.png","type":"image\/png"}],"twitter_card":"summary_large_image","twitter_misc":{"Estimated reading time":"6 minutes"},"schema":{"@context":"https:\/\/schema.org","@graph":[{"@type":"WebPage","@id":"https:\/\/milke.se\/produkt\/ruby-plytka-ceglana-dekoracyjna-waska\/","url":"https:\/\/milke.se\/produkt\/ruby-plytka-ceglana-dekoracyjna-waska\/","name":"Ruby - p\u0142ytka ceglana dekoracyjna w\u0105ska - Sklep milke.se","isPartOf":{"@id":"https:\/\/milke.se\/#website"},"primaryImageOfPage":{"@id":"https:\/\/milke.se\/produkt\/ruby-plytka-ceglana-dekoracyjna-waska\/#primaryimage"},"image":{"@id":"https:\/\/milke.se\/produkt\/ruby-plytka-ceglana-dekoracyjna-waska\/#primaryimage"},"thumbnailUrl":"https:\/\/milke.se\/wp-content\/uploads\/2026\/04\/Plytka-ceglana-RUBY-MILKE-6.png","datePublished":"2020-11-20T08:13:30+00:00","dateModified":"2026-04-01T00:16:46+00:00","description":"Smuk\u0142a p\u0142ytka ceglana Ruby, to suma naszych do\u015bwiadcze\u0144 z urozmaiconego lica Starej Ceg\u0142y oraz prostok\u0105tnego kszta\u0142tu Nowej Ceg\u0142y.","breadcrumb":{"@id":"https:\/\/milke.se\/produkt\/ruby-plytka-ceglana-dekoracyjna-waska\/#breadcrumb"},"inLanguage":"en-GB","potentialAction":[{"@type":"ReadAction","target":["https:\/\/milke.se\/produkt\/ruby-plytka-ceglana-dekoracyjna-waska\/"]}]},{"@type":"ImageObject","inLanguage":"en-GB","@id":"https:\/\/milke.se\/produkt\/ruby-plytka-ceglana-dekoracyjna-waska\/#primaryimage","url":"https:\/\/milke.se\/wp-content\/uploads\/2026\/04\/Plytka-ceglana-RUBY-MILKE-6.png","contentUrl":"https:\/\/milke.se\/wp-content\/uploads\/2026\/04\/Plytka-ceglana-RUBY-MILKE-6.png","width":754,"height":898},{"@type":"BreadcrumbList","@id":"https:\/\/milke.se\/produkt\/ruby-plytka-ceglana-dekoracyjna-waska\/#breadcrumb","itemListElement":[{"@type":"ListItem","position":1,"name":"Strona g\u0142\u00f3wna","item":"https:\/\/milke.se\/"},{"@type":"ListItem","position":2,"name":"Sklep","item":"https:\/\/milke.se\/sklep\/"},{"@type":"ListItem","position":3,"name":"Ruby &#8211; p\u0142ytka ceglana dekoracyjna w\u0105ska"}]},{"@type":"WebSite","@id":"https:\/\/milke.se\/#website","url":"https:\/\/milke.se\/","name":"Shop milke.se","description":"","potentialAction":[{"@type":"SearchAction","target":{"@type":"EntryPoint","urlTemplate":"https:\/\/milke.se\/?s={search_term_string}"},"query-input":{"@type":"PropertyValueSpecification","valueRequired":true,"valueName":"search_term_string"}}],"inLanguage":"en-GB"}]}},"_links":{"self":[{"href":"https:\/\/milke.se\/en\/wp-json\/wp\/v2\/product\/6775","targetHints":{"allow":["GET"]}}],"collection":[{"href":"https:\/\/milke.se\/en\/wp-json\/wp\/v2\/product"}],"about":[{"href":"https:\/\/milke.se\/en\/wp-json\/wp\/v2\/types\/product"}],"wp:featuredmedia":[{"embeddable":true,"href":"https:\/\/milke.se\/en\/wp-json\/wp\/v2\/media\/18362"}],"wp:attachment":[{"href":"https:\/\/milke.se\/en\/wp-json\/wp\/v2\/media?parent=6775"}],"wp:term":[{"taxonomy":"product_brand","embeddable":true,"href":"https:\/\/milke.se\/en\/wp-json\/wp\/v2\/product_brand?post=6775"},{"taxonomy":"product_cat","embeddable":true,"href":"https:\/\/milke.se\/en\/wp-json\/wp\/v2\/product_cat?post=6775"},{"taxonomy":"product_tag","embeddable":true,"href":"https:\/\/milke.se\/en\/wp-json\/wp\/v2\/product_tag?post=6775"}],"curies":[{"name":"wp","href":"https:\/\/api.w.org\/{rel}","templated":true}]}}