{"id":7900,"date":"2021-04-14T09:49:05","date_gmt":"2021-04-14T07:49:05","guid":{"rendered":"https:\/\/milke.se\/?post_type=product&#038;p=7900"},"modified":"2026-04-01T02:06:21","modified_gmt":"2026-04-01T00:06:21","slug":"poradnik-montazu-pdf","status":"publish","type":"product","link":"https:\/\/milke.se\/en\/product\/poradnik-montazu-pdf\/","title":{"rendered":"GUIDE FOR INSTALLING BRICK TILES (PDF)"},"content":{"rendered":"<div dir=\"auto\">\n<div class=\"page\" title=\"Page 3\">\n<div class=\"section\">\n<div class=\"layoutArea\">\n<div class=\"column\">\n<h3 style=\"text-align: left;\">Po etapie poszukiwania inspiracji, tworzenia projektu i zaopatrzenia si\u0119 w niezb\u0119dne materia\u0142y \u2013 nadchodzi moment, aby urzeczywistni\u0107 swoje marzenia.<\/h3>\n<p style=\"text-align: left;\"><span style=\"text-decoration: underline; color: #000000;\">Poradnik ten przygotowalis\u0301my z mys\u0301l\u0105 o Inwestorach, Architektach, Wykonawcach oraz wszystkich, kt\u00f3rzy trzymaja\u0328 w r\u0119ku p\u0142ytki ceglane MILKE i nie zawahaj\u0105 si\u0119 ich uz\u0307y\u0107.<\/span> Zebralis\u0301my tu wiedz\u0119, wskaz\u00f3wki i podpowiedzi, kt\u00f3re pomog\u0105 doprowadzi\u0107 Twoj\u0105 realizacj\u0119 do szcz\u0119\u015bliwego fina\u0142u \u2013 zalez\u0307y nam na tym r\u00f3wnie mocno, jak Tobie.<\/p>\n<blockquote>\n<p style=\"text-align: center;\">Zawsze powtarzamy, z\u0307e 50% sukcesu to odpowiednio dobrany produkt,<\/p>\n<p>a drugie 50% to jego w\u0142as\u0301ciwy montaz\u0307.<\/p>\n<\/blockquote>\n<div id='gallery-1' class='gallery galleryid-7900 gallery-columns-1 gallery-size-large'><figure class='gallery-item'>\n\t\t\t<div class='gallery-icon landscape'>\n\t\t\t\t<a href='https:\/\/milke.se\/en\/?attachment_id=14938'><img loading=\"lazy\" decoding=\"async\" width=\"640\" height=\"453\" src=\"https:\/\/milke.se\/wp-content\/uploads\/2021\/04\/Poradnik-Montazu-MILKE_strona-4-1024x725.png\" class=\"attachment-large size-large\" alt=\"\" srcset=\"https:\/\/milke.se\/wp-content\/uploads\/2021\/04\/Poradnik-Montazu-MILKE_strona-4-1024x725.png 1024w, https:\/\/milke.se\/wp-content\/uploads\/2021\/04\/Poradnik-Montazu-MILKE_strona-4-300x212.png 300w, https:\/\/milke.se\/wp-content\/uploads\/2021\/04\/Poradnik-Montazu-MILKE_strona-4-768x544.png 768w, https:\/\/milke.se\/wp-content\/uploads\/2021\/04\/Poradnik-Montazu-MILKE_strona-4-1536x1088.png 1536w, https:\/\/milke.se\/wp-content\/uploads\/2021\/04\/Poradnik-Montazu-MILKE_strona-4-2048x1450.png 2048w, https:\/\/milke.se\/wp-content\/uploads\/2021\/04\/Poradnik-Montazu-MILKE_strona-4-565x400.png 565w, https:\/\/milke.se\/wp-content\/uploads\/2021\/04\/Poradnik-Montazu-MILKE_strona-4-937x664.png 937w\" sizes=\"auto, (max-width: 640px) 100vw, 640px\" \/><\/a>\n\t\t\t<\/div><\/figure>\n\t\t<\/div>\n\n<\/div>\n<\/div>\n<\/div>\n<\/div>\n<\/div>\n<div class=\"o9v6fnle cxmmr5t8 oygrvhab hcukyx3x c1et5uql ii04i59q\">\n<h5 dir=\"auto\" style=\"text-align: left;\">Polecamy pobra\u0107 Poradnik Monta\u017cu (za darmo), bo razem z nim b\u0119dziesz m\u00f3g\u0142 odpowiedzie\u0107 sobie na pytania:<\/h5>\n<ul style=\"text-align: left;\">\n<li dir=\"auto\">Co warto zrobi\u0107 zanim kupi\u0119 ceg\u0142\u0119?<\/li>\n<li dir=\"auto\">Na co mam zwr\u00f3ci\u0107 uwag\u0119 zanim zabior\u0119 si\u0119 do pracy, b\u0105d\u017a zanim do pracy zabierze si\u0119 m\u00f3j Monta\u017cysta?<\/li>\n<li dir=\"auto\">Czy warto rozplanowa\u0107 u\u0142o\u017cenie p\u0142ytek na \u015bcianie?<\/li>\n<li dir=\"auto\">Czy wiem, jaki typ \u0142\u0105czenia cegie\u0142 chc\u0119 mie\u0107 u siebie?<\/li>\n<li dir=\"auto\">Czy wiem, jaki efekt fugi chc\u0119 uzyska\u0107?<\/li>\n<li dir=\"auto\">Jak po\u0142o\u017cy\u0107 p\u0142ytki ceglane na \u015bcian\u0119?<\/li>\n<li dir=\"auto\">Czy wiem, jak czy\u015bci\u0107 ceg\u0142y?<\/li>\n<li dir=\"auto\">A jak mam impregnowa\u0107 i konserwowa\u0107 p\u0142ytki?<\/li>\n<li dir=\"auto\">Czy gdybym chcia\u0142, to p\u0142ytki mog\u0119 pomalowa\u0107?<\/li>\n<li dir=\"auto\">A gdy b\u0119d\u0119 chcia\u0142 powiesi\u0107 co\u015b na ceglanej \u015bcianie \u2013 czy wiem, jak si\u0119 do tego zabra\u0107?<\/li>\n<\/ul>\n<div dir=\"auto\" style=\"text-align: left;\">Jak widzisz, Poradnik opowiada o wielu \u017cyciowych sytuacjach i na pewno znajdziesz tam cho\u0107 jedn\u0105 wskaz\u00f3wk\u0119, kt\u00f3ra pozwoli Ci cieszy\u0107 si\u0119 efektem ceglanej \u015bciany na d\u0142ugie lata.<\/div>\n<div dir=\"auto\"><\/div>\n<\/div>\n<div dir=\"auto\">\n<div id='gallery-2' class='gallery galleryid-7900 gallery-columns-1 gallery-size-large'><figure class='gallery-item'>\n\t\t\t<div class='gallery-icon landscape'>\n\t\t\t\t<a href='https:\/\/milke.se\/en\/?attachment_id=14945'><img loading=\"lazy\" decoding=\"async\" width=\"640\" height=\"453\" src=\"https:\/\/milke.se\/wp-content\/uploads\/2021\/04\/Poradnik-Montazu-MILKE_strona-5-1024x724.png\" class=\"attachment-large size-large\" alt=\"\" srcset=\"https:\/\/milke.se\/wp-content\/uploads\/2021\/04\/Poradnik-Montazu-MILKE_strona-5-1024x724.png 1024w, https:\/\/milke.se\/wp-content\/uploads\/2021\/04\/Poradnik-Montazu-MILKE_strona-5-300x212.png 300w, https:\/\/milke.se\/wp-content\/uploads\/2021\/04\/Poradnik-Montazu-MILKE_strona-5-768x543.png 768w, https:\/\/milke.se\/wp-content\/uploads\/2021\/04\/Poradnik-Montazu-MILKE_strona-5-1536x1086.png 1536w, https:\/\/milke.se\/wp-content\/uploads\/2021\/04\/Poradnik-Montazu-MILKE_strona-5-2048x1448.png 2048w, https:\/\/milke.se\/wp-content\/uploads\/2021\/04\/Poradnik-Montazu-MILKE_strona-5-565x400.png 565w, https:\/\/milke.se\/wp-content\/uploads\/2021\/04\/Poradnik-Montazu-MILKE_strona-5-937x663.png 937w\" sizes=\"auto, (max-width: 640px) 100vw, 640px\" \/><\/a>\n\t\t\t<\/div><\/figure><figure class='gallery-item'>\n\t\t\t<div class='gallery-icon landscape'>\n\t\t\t\t<a href='https:\/\/milke.se\/en\/?attachment_id=14937'><img loading=\"lazy\" decoding=\"async\" width=\"640\" height=\"454\" src=\"https:\/\/milke.se\/wp-content\/uploads\/2021\/04\/Poradnik-Montazu-MILKE_strona-3-1024x726.png\" class=\"attachment-large size-large\" alt=\"\" srcset=\"https:\/\/milke.se\/wp-content\/uploads\/2021\/04\/Poradnik-Montazu-MILKE_strona-3-1024x726.png 1024w, https:\/\/milke.se\/wp-content\/uploads\/2021\/04\/Poradnik-Montazu-MILKE_strona-3-300x213.png 300w, https:\/\/milke.se\/wp-content\/uploads\/2021\/04\/Poradnik-Montazu-MILKE_strona-3-768x544.png 768w, https:\/\/milke.se\/wp-content\/uploads\/2021\/04\/Poradnik-Montazu-MILKE_strona-3-1536x1089.png 1536w, https:\/\/milke.se\/wp-content\/uploads\/2021\/04\/Poradnik-Montazu-MILKE_strona-3-2048x1451.png 2048w, https:\/\/milke.se\/wp-content\/uploads\/2021\/04\/Poradnik-Montazu-MILKE_strona-3-565x400.png 565w, https:\/\/milke.se\/wp-content\/uploads\/2021\/04\/Poradnik-Montazu-MILKE_strona-3-937x664.png 937w\" sizes=\"auto, (max-width: 640px) 100vw, 640px\" \/><\/a>\n\t\t\t<\/div><\/figure>\n\t\t<\/div>\n\n<\/div>\n<div class=\"o9v6fnle cxmmr5t8 oygrvhab hcukyx3x c1et5uql ii04i59q\">\n<blockquote>\n<p dir=\"auto\">73 strony praktycznej wiedzy, podanej w otwarty i bezpo\u015bredni spos\u00f3b,<\/p>\n<p>tak aby\u015b mia\u0142 pe\u0142n\u0105 kontrol\u0119 nad swoim remontem czy budow\u0105.<\/p>\n<\/blockquote>\n<div class=\"page\" title=\"Page 3\">\n<div class=\"section\">\n<div class=\"layoutArea\">\n<div class=\"column\">\n<p style=\"text-align: left;\">Ponadto wszystkie zdj\u0119cia, jak i filmy zamieszczone w Poradniku sa\u0328 interaktywne \u2013 wystarczy klikn\u0105\u0107, aby przenie\u015b\u0107 si\u0119 do dodatkowych materia\u0142o\u0301w\u00a0i zdoby\u0107 wi\u0119cej informacji na interesuj\u0105cy Ci\u0119 temat.<\/p>\n<div id='gallery-3' class='gallery galleryid-7900 gallery-columns-1 gallery-size-large'><figure class='gallery-item'>\n\t\t\t<div class='gallery-icon landscape'>\n\t\t\t\t<a href='https:\/\/milke.se\/en\/?attachment_id=14936'><img loading=\"lazy\" decoding=\"async\" width=\"640\" height=\"453\" src=\"https:\/\/milke.se\/wp-content\/uploads\/2021\/04\/Poradnik-Montazu-MILKE_strona-2-1024x725.png\" class=\"attachment-large size-large\" alt=\"\" srcset=\"https:\/\/milke.se\/wp-content\/uploads\/2021\/04\/Poradnik-Montazu-MILKE_strona-2-1024x725.png 1024w, https:\/\/milke.se\/wp-content\/uploads\/2021\/04\/Poradnik-Montazu-MILKE_strona-2-300x212.png 300w, https:\/\/milke.se\/wp-content\/uploads\/2021\/04\/Poradnik-Montazu-MILKE_strona-2-768x543.png 768w, https:\/\/milke.se\/wp-content\/uploads\/2021\/04\/Poradnik-Montazu-MILKE_strona-2-1536x1087.png 1536w, https:\/\/milke.se\/wp-content\/uploads\/2021\/04\/Poradnik-Montazu-MILKE_strona-2-2048x1449.png 2048w, https:\/\/milke.se\/wp-content\/uploads\/2021\/04\/Poradnik-Montazu-MILKE_strona-2-565x400.png 565w, https:\/\/milke.se\/wp-content\/uploads\/2021\/04\/Poradnik-Montazu-MILKE_strona-2-937x663.png 937w\" sizes=\"auto, (max-width: 640px) 100vw, 640px\" \/><\/a>\n\t\t\t<\/div><\/figure><figure class='gallery-item'>\n\t\t\t<div class='gallery-icon landscape'>\n\t\t\t\t<a href='https:\/\/milke.se\/en\/?attachment_id=14935'><img loading=\"lazy\" decoding=\"async\" width=\"640\" height=\"453\" src=\"https:\/\/milke.se\/wp-content\/uploads\/2021\/04\/Poradnik-Montazu-MILKE_strona-1-1024x725.png\" class=\"attachment-large size-large\" alt=\"\" srcset=\"https:\/\/milke.se\/wp-content\/uploads\/2021\/04\/Poradnik-Montazu-MILKE_strona-1-1024x725.png 1024w, https:\/\/milke.se\/wp-content\/uploads\/2021\/04\/Poradnik-Montazu-MILKE_strona-1-300x212.png 300w, https:\/\/milke.se\/wp-content\/uploads\/2021\/04\/Poradnik-Montazu-MILKE_strona-1-768x544.png 768w, https:\/\/milke.se\/wp-content\/uploads\/2021\/04\/Poradnik-Montazu-MILKE_strona-1-1536x1088.png 1536w, https:\/\/milke.se\/wp-content\/uploads\/2021\/04\/Poradnik-Montazu-MILKE_strona-1-2048x1450.png 2048w, https:\/\/milke.se\/wp-content\/uploads\/2021\/04\/Poradnik-Montazu-MILKE_strona-1-565x400.png 565w, https:\/\/milke.se\/wp-content\/uploads\/2021\/04\/Poradnik-Montazu-MILKE_strona-1-937x664.png 937w\" sizes=\"auto, (max-width: 640px) 100vw, 640px\" \/><\/a>\n\t\t\t<\/div><\/figure>\n\t\t<\/div>\n\n<\/div>\n<\/div>\n<\/div>\n<\/div>\n<\/div>","protected":false},"excerpt":{"rendered":"<p style=\"text-align: left;\"><span style=\"text-decoration: underline; color: #000000;\">Dodaj do koszyka i pobierz bezp\u0142atny Poradnik Monta\u017cu p\u0142ytek betonowych.<\/span>\u00a0Przygotowalis\u0301my go z mys\u0301l\u0105 o Inwestorach, Architektach, Wykonawcach oraz wszystkich, kt\u00f3rzy trzymaja\u0328 w r\u0119ku p\u0142ytki ceglane MILKE i nie zawahaj\u0105 si\u0119 ich uz\u0307y\u0107.<\/p>","protected":false},"featured_media":18395,"template":"","meta":[],"product_brand":[],"product_cat":[379],"product_tag":[255,256,254,140],"class_list":{"0":"post-7900","1":"product","2":"type-product","3":"status-publish","4":"has-post-thumbnail","6":"product_cat-poradnik-montazu","7":"product_tag-instrukcja-montazu","8":"product_tag-jak-montowac","9":"product_tag-montaz","10":"product_tag-poradnik","12":"first","13":"instock","14":"downloadable","15":"virtual","16":"taxable","17":"purchasable","18":"product-type-simple","19":"new","20":"layout-style-2","21":"col-md-4 col-sm-4 col-xs-6","22":"col-lg-3","23":"product-style-default"},"yoast_head":"<!-- This site is optimized with the Yoast SEO plugin v27.5 - https:\/\/yoast.com\/product\/yoast-seo-wordpress\/ -->\n<title>PORADNIK MONTA\u017bU p\u0142ytek ceglanych (PDF) - Sklep milke.se<\/title>\n<meta name=\"description\" content=\"Pobierz bezp\u0142atny Poradnik Monta\u017cu p\u0142ytek ceglanych betonowych. Znajdziesz w nim wszystko co powiniene\u015b wiedzie\u0107, zanim klikniesz KUPUJ\u0118.\" \/>\n<meta name=\"robots\" content=\"index, follow, max-snippet:-1, max-image-preview:large, max-video-preview:-1\" \/>\n<link rel=\"canonical\" href=\"https:\/\/milke.se\/en\/product\/poradnik-montazu-pdf\/\" \/>\n<meta property=\"og:locale\" content=\"en_GB\" \/>\n<meta property=\"og:type\" content=\"article\" \/>\n<meta property=\"og:title\" content=\"PORADNIK MONTA\u017bU p\u0142ytek ceglanych (PDF) - Sklep milke.se\" \/>\n<meta property=\"og:description\" content=\"Pobierz bezp\u0142atny Poradnik Monta\u017cu p\u0142ytek ceglanych betonowych. Znajdziesz w nim wszystko co powiniene\u015b wiedzie\u0107, zanim klikniesz KUPUJ\u0118.\" \/>\n<meta property=\"og:url\" content=\"https:\/\/milke.se\/en\/product\/poradnik-montazu-pdf\/\" \/>\n<meta property=\"og:site_name\" content=\"Sklep milke.se\" \/>\n<meta property=\"article:modified_time\" content=\"2026-04-01T00:06:21+00:00\" \/>\n<meta property=\"og:image\" content=\"https:\/\/milke.se\/wp-content\/uploads\/2026\/04\/MILKE-Poradnik-Montazu-plytek-betonowych-2024_okladka.png\" \/>\n\t<meta property=\"og:image:width\" content=\"1160\" \/>\n\t<meta property=\"og:image:height\" content=\"1380\" \/>\n\t<meta property=\"og:image:type\" content=\"image\/png\" \/>\n<meta name=\"twitter:card\" content=\"summary_large_image\" \/>\n<meta name=\"twitter:label1\" content=\"Estimated reading time\" \/>\n\t<meta name=\"twitter:data1\" content=\"2 minutes\" \/>\n<script type=\"application\/ld+json\" class=\"yoast-schema-graph\">{\"@context\":\"https:\\\/\\\/schema.org\",\"@graph\":[{\"@type\":\"WebPage\",\"@id\":\"https:\\\/\\\/milke.se\\\/produkt\\\/poradnik-montazu-pdf\\\/\",\"url\":\"https:\\\/\\\/milke.se\\\/produkt\\\/poradnik-montazu-pdf\\\/\",\"name\":\"PORADNIK MONTA\u017bU p\u0142ytek ceglanych (PDF) - Sklep milke.se\",\"isPartOf\":{\"@id\":\"https:\\\/\\\/milke.se\\\/#website\"},\"primaryImageOfPage\":{\"@id\":\"https:\\\/\\\/milke.se\\\/produkt\\\/poradnik-montazu-pdf\\\/#primaryimage\"},\"image\":{\"@id\":\"https:\\\/\\\/milke.se\\\/produkt\\\/poradnik-montazu-pdf\\\/#primaryimage\"},\"thumbnailUrl\":\"https:\\\/\\\/milke.se\\\/wp-content\\\/uploads\\\/2026\\\/04\\\/MILKE-Poradnik-Montazu-plytek-betonowych-2024_okladka.png\",\"datePublished\":\"2021-04-14T07:49:05+00:00\",\"dateModified\":\"2026-04-01T00:06:21+00:00\",\"description\":\"Pobierz bezp\u0142atny Poradnik Monta\u017cu p\u0142ytek ceglanych betonowych. Znajdziesz w nim wszystko co powiniene\u015b wiedzie\u0107, zanim klikniesz KUPUJ\u0118.\",\"breadcrumb\":{\"@id\":\"https:\\\/\\\/milke.se\\\/produkt\\\/poradnik-montazu-pdf\\\/#breadcrumb\"},\"inLanguage\":\"en-GB\",\"potentialAction\":[{\"@type\":\"ReadAction\",\"target\":[\"https:\\\/\\\/milke.se\\\/produkt\\\/poradnik-montazu-pdf\\\/\"]}]},{\"@type\":\"ImageObject\",\"inLanguage\":\"en-GB\",\"@id\":\"https:\\\/\\\/milke.se\\\/produkt\\\/poradnik-montazu-pdf\\\/#primaryimage\",\"url\":\"https:\\\/\\\/milke.se\\\/wp-content\\\/uploads\\\/2026\\\/04\\\/MILKE-Poradnik-Montazu-plytek-betonowych-2024_okladka.png\",\"contentUrl\":\"https:\\\/\\\/milke.se\\\/wp-content\\\/uploads\\\/2026\\\/04\\\/MILKE-Poradnik-Montazu-plytek-betonowych-2024_okladka.png\",\"width\":1160,\"height\":1380},{\"@type\":\"BreadcrumbList\",\"@id\":\"https:\\\/\\\/milke.se\\\/produkt\\\/poradnik-montazu-pdf\\\/#breadcrumb\",\"itemListElement\":[{\"@type\":\"ListItem\",\"position\":1,\"name\":\"Strona g\u0142\u00f3wna\",\"item\":\"https:\\\/\\\/milke.se\\\/\"},{\"@type\":\"ListItem\",\"position\":2,\"name\":\"Sklep\",\"item\":\"https:\\\/\\\/milke.se\\\/sklep\\\/\"},{\"@type\":\"ListItem\",\"position\":3,\"name\":\"PORADNIK MONTA\u017bU p\u0142ytek ceglanych (PDF)\"}]},{\"@type\":\"WebSite\",\"@id\":\"https:\\\/\\\/milke.se\\\/#website\",\"url\":\"https:\\\/\\\/milke.se\\\/\",\"name\":\"Sklep milke.se\",\"description\":\"\",\"potentialAction\":[{\"@type\":\"SearchAction\",\"target\":{\"@type\":\"EntryPoint\",\"urlTemplate\":\"https:\\\/\\\/milke.se\\\/?s={search_term_string}\"},\"query-input\":{\"@type\":\"PropertyValueSpecification\",\"valueRequired\":true,\"valueName\":\"search_term_string\"}}],\"inLanguage\":\"en-GB\"}]}<\/script>\n<!-- \/ Yoast SEO plugin. -->","yoast_head_json":{"title":"PORADNIK MONTA\u017bU p\u0142ytek ceglanych (PDF) - Sklep milke.se","description":"Pobierz bezp\u0142atny Poradnik Monta\u017cu p\u0142ytek ceglanych betonowych. Znajdziesz w nim wszystko co powiniene\u015b wiedzie\u0107, zanim klikniesz KUPUJ\u0118.","robots":{"index":"index","follow":"follow","max-snippet":"max-snippet:-1","max-image-preview":"max-image-preview:large","max-video-preview":"max-video-preview:-1"},"canonical":"https:\/\/milke.se\/en\/product\/poradnik-montazu-pdf\/","og_locale":"en_GB","og_type":"article","og_title":"PORADNIK MONTA\u017bU p\u0142ytek ceglanych (PDF) - Sklep milke.se","og_description":"Pobierz bezp\u0142atny Poradnik Monta\u017cu p\u0142ytek ceglanych betonowych. Znajdziesz w nim wszystko co powiniene\u015b wiedzie\u0107, zanim klikniesz KUPUJ\u0118.","og_url":"https:\/\/milke.se\/en\/product\/poradnik-montazu-pdf\/","og_site_name":"Sklep milke.se","article_modified_time":"2026-04-01T00:06:21+00:00","og_image":[{"width":1160,"height":1380,"url":"https:\/\/milke.se\/wp-content\/uploads\/2026\/04\/MILKE-Poradnik-Montazu-plytek-betonowych-2024_okladka.png","type":"image\/png"}],"twitter_card":"summary_large_image","twitter_misc":{"Estimated reading time":"2 minutes"},"schema":{"@context":"https:\/\/schema.org","@graph":[{"@type":"WebPage","@id":"https:\/\/milke.se\/produkt\/poradnik-montazu-pdf\/","url":"https:\/\/milke.se\/produkt\/poradnik-montazu-pdf\/","name":"PORADNIK MONTA\u017bU p\u0142ytek ceglanych (PDF) - Sklep milke.se","isPartOf":{"@id":"https:\/\/milke.se\/#website"},"primaryImageOfPage":{"@id":"https:\/\/milke.se\/produkt\/poradnik-montazu-pdf\/#primaryimage"},"image":{"@id":"https:\/\/milke.se\/produkt\/poradnik-montazu-pdf\/#primaryimage"},"thumbnailUrl":"https:\/\/milke.se\/wp-content\/uploads\/2026\/04\/MILKE-Poradnik-Montazu-plytek-betonowych-2024_okladka.png","datePublished":"2021-04-14T07:49:05+00:00","dateModified":"2026-04-01T00:06:21+00:00","description":"Pobierz bezp\u0142atny Poradnik Monta\u017cu p\u0142ytek ceglanych betonowych. Znajdziesz w nim wszystko co powiniene\u015b wiedzie\u0107, zanim klikniesz KUPUJ\u0118.","breadcrumb":{"@id":"https:\/\/milke.se\/produkt\/poradnik-montazu-pdf\/#breadcrumb"},"inLanguage":"en-GB","potentialAction":[{"@type":"ReadAction","target":["https:\/\/milke.se\/produkt\/poradnik-montazu-pdf\/"]}]},{"@type":"ImageObject","inLanguage":"en-GB","@id":"https:\/\/milke.se\/produkt\/poradnik-montazu-pdf\/#primaryimage","url":"https:\/\/milke.se\/wp-content\/uploads\/2026\/04\/MILKE-Poradnik-Montazu-plytek-betonowych-2024_okladka.png","contentUrl":"https:\/\/milke.se\/wp-content\/uploads\/2026\/04\/MILKE-Poradnik-Montazu-plytek-betonowych-2024_okladka.png","width":1160,"height":1380},{"@type":"BreadcrumbList","@id":"https:\/\/milke.se\/produkt\/poradnik-montazu-pdf\/#breadcrumb","itemListElement":[{"@type":"ListItem","position":1,"name":"Strona g\u0142\u00f3wna","item":"https:\/\/milke.se\/"},{"@type":"ListItem","position":2,"name":"Sklep","item":"https:\/\/milke.se\/sklep\/"},{"@type":"ListItem","position":3,"name":"PORADNIK MONTA\u017bU p\u0142ytek ceglanych (PDF)"}]},{"@type":"WebSite","@id":"https:\/\/milke.se\/#website","url":"https:\/\/milke.se\/","name":"Shop milke.se","description":"","potentialAction":[{"@type":"SearchAction","target":{"@type":"EntryPoint","urlTemplate":"https:\/\/milke.se\/?s={search_term_string}"},"query-input":{"@type":"PropertyValueSpecification","valueRequired":true,"valueName":"search_term_string"}}],"inLanguage":"en-GB"}]}},"_links":{"self":[{"href":"https:\/\/milke.se\/en\/wp-json\/wp\/v2\/product\/7900","targetHints":{"allow":["GET"]}}],"collection":[{"href":"https:\/\/milke.se\/en\/wp-json\/wp\/v2\/product"}],"about":[{"href":"https:\/\/milke.se\/en\/wp-json\/wp\/v2\/types\/product"}],"wp:featuredmedia":[{"embeddable":true,"href":"https:\/\/milke.se\/en\/wp-json\/wp\/v2\/media\/18395"}],"wp:attachment":[{"href":"https:\/\/milke.se\/en\/wp-json\/wp\/v2\/media?parent=7900"}],"wp:term":[{"taxonomy":"product_brand","embeddable":true,"href":"https:\/\/milke.se\/en\/wp-json\/wp\/v2\/product_brand?post=7900"},{"taxonomy":"product_cat","embeddable":true,"href":"https:\/\/milke.se\/en\/wp-json\/wp\/v2\/product_cat?post=7900"},{"taxonomy":"product_tag","embeddable":true,"href":"https:\/\/milke.se\/en\/wp-json\/wp\/v2\/product_tag?post=7900"}],"curies":[{"name":"wp","href":"https:\/\/api.w.org\/{rel}","templated":true}]}}