{"id":938,"date":"2019-09-24T20:58:12","date_gmt":"2019-09-24T18:58:12","guid":{"rendered":"https:\/\/milke.se\/?post_type=product&#038;p=938"},"modified":"2026-04-01T02:16:47","modified_gmt":"2026-04-01T00:16:47","slug":"stemp-plytka-ceglana-dekoracyjna","status":"publish","type":"product","link":"https:\/\/milke.se\/en\/product\/stemp-plytka-ceglana-dekoracyjna\/","title":{"rendered":"Stemp - decorative brick tile"},"content":{"rendered":"<div class=\"page\" title=\"Page 13\">\n<div class=\"section\">\n<div class=\"layoutArea\">\n<div class=\"column\">\n<h4 style=\"text-align: left;\">P\u0142ytka dekoracyjna Stemp to efekt kreatywnej wsp\u00f3\u0142pracy Wojtka Milke i Piotra Frankowicza, zrodzony z potrzeby stworzenia wyj\u0105tkowego produktu.<\/h4>\n<p style=\"text-align: left;\">Celem by\u0142o opracowanie ultracienkiej p\u0142ytki ceglanej w precyzyjnym kszta\u0142cie prostok\u0105ta, kt\u00f3ra jednocze\u015bnie wyr\u00f3\u017cnia\u0142aby si\u0119 interesuj\u0105c\u0105 faktur\u0105. Inspiracj\u0105 sta\u0142y si\u0119 rozmowy z Architektami, kt\u00f3re doprowadzi\u0142y do wprowadzenia naturalnego akcentu na licu ceg\u0142y. Dzi\u0119ki technologii stemplowania betonu architektonicznego uda\u0142o si\u0119 uzyska\u0107 subteln\u0105, delikatn\u0105 faktur\u0119, kt\u00f3ra nadaje p\u0142ytce Stemp unikalny charakter i elegancj\u0119.<\/p>\n<p><a href=\"https:\/\/milke.se\/wp-content\/uploads\/2019\/09\/Plytka-Stemp-MILKE-100.png\"><img loading=\"lazy\" decoding=\"async\" class=\"alignnone wp-image-11951\" src=\"https:\/\/milke.se\/wp-content\/uploads\/2019\/09\/Plytka-Stemp-MILKE-100.png\" alt=\"\" width=\"915\" height=\"592\" srcset=\"https:\/\/milke.se\/wp-content\/uploads\/2019\/09\/Plytka-Stemp-MILKE-100.png 1500w, https:\/\/milke.se\/wp-content\/uploads\/2019\/09\/Plytka-Stemp-MILKE-100-300x194.png 300w, https:\/\/milke.se\/wp-content\/uploads\/2019\/09\/Plytka-Stemp-MILKE-100-1024x662.png 1024w, https:\/\/milke.se\/wp-content\/uploads\/2019\/09\/Plytka-Stemp-MILKE-100-768x497.png 768w, https:\/\/milke.se\/wp-content\/uploads\/2019\/09\/Plytka-Stemp-MILKE-100-565x365.png 565w, https:\/\/milke.se\/wp-content\/uploads\/2019\/09\/Plytka-Stemp-MILKE-100-937x606.png 937w\" sizes=\"auto, (max-width: 915px) 100vw, 915px\" \/><\/a><\/p>\n<blockquote>\n<p style=\"text-align: center;\">Stemp technicznie<\/p>\n<\/blockquote>\n<p style=\"font-weight: 400; text-align: left;\">Dekoracyjne cegie\u0142ki MILKE s\u0105 r\u0119cznie formowane z barwionego w masie betonu architektonicznego, co zapewnia unikalny wygl\u0105d i wysok\u0105 jako\u015b\u0107. L\u017cejsza konstrukcja p\u0142ytki betonowej to nie tylko uk\u0142on w stron\u0119 komfortu monta\u017cu, ale tak\u017ce gwarancja zachowania trwa\u0142o\u015bci i odporno\u015bci na lata.<\/p>\n<p style=\"font-weight: 400; text-align: left;\"><span style=\"text-decoration: underline;\"><span style=\"color: #000000; text-decoration: underline;\">P\u0142ytka Stemp, w eleganckim prostok\u0105tnym formacie, wyr\u00f3\u017cnia si\u0119 precyzyjnym trzymaniem wymiar\u00f3w, co znacz\u0105co u\u0142atwia prace monta\u017cowe. <\/span><\/span><\/p>\n<p style=\"font-weight: 400; text-align: left;\"><span style=\"color: #000000;\">Aktualna wielko\u015b\u0107 (+\/- 0,5 cm): wysoko\u015b\u0107 ~ 6,5 cm, d\u0142ugo\u015b\u0107 ~ 26,5 cm, grubo\u015b\u0107 ~ 1,2-1,3 cm.<\/p>\n<p>Na 1m2 potrzeba 52 szt. p\u0142ytek (przy 10mm fudze) lub\u00a058 szt. przy monta\u017cu bezfugowym.<\/p>\n<p><\/span><\/p>\n<p style=\"text-align: left;\">Seri\u0119 uzupe\u0142niaj\u0105 dodatkowe elementy, takie jak p\u0142ytki po\u0142\u00f3wkowe, naro\u017cniki w wersji klasycznej, parapetowej oraz nadpro\u017ca, co pozwala na kompleksowe wyko\u0144czenie ka\u017cdej przestrzeni.<\/p>\n<p>\u00a0<\/p>\n<h5 style=\"text-align: left;\">P\u0142ytki ceglane Stemp MILKE mo\u017cesz wykorzysta\u0107:<\/h5>\n<ul>\n<li style=\"font-weight: 400; text-align: left;\">we wn\u0119trzach, jak i na zewn\u0105trz budynk\u00f3w<\/li>\n<li style=\"font-weight: 400; text-align: left;\">na \u015bcianach, fasadach i elewacjach<\/li>\n<li style=\"font-weight: 400; text-align: left;\">w pomieszczeniach suchych i mokrych<\/li>\n<li style=\"font-weight: 400; text-align: left;\">w pokoju, kuchni, \u0142azience i na kominku<\/li>\n<\/ul>\n<blockquote><p>P\u0142ytk\u0119 Stemp produkujemy r\u0119cznie<\/p><\/blockquote>\n<p style=\"font-weight: 400; text-align: left;\">Proces produkcji ozdobnych p\u0142ytek MILKE to manufaktura, w kt\u00f3rej ka\u017cdy etap jest wykonywany r\u0119cznie. U\u017cywaj\u0105c techniki stemplowania mieszanki betonowej, nadajemy ka\u017cdej p\u0142ytce Stemp wyj\u0105tkowy, niepowtarzalny wz\u00f3r. To w\u0142a\u015bnie r\u0119czna praca sprawia, \u017ce ka\u017cda p\u0142ytka odzwierciedla indywidualny charakter i kunszt jej tw\u00f3rcy, tworz\u0105c jedyny w swoim rodzaju efekt.<\/p>\n<blockquote><p>Kolory i odcienie<\/p><\/blockquote>\n<p style=\"text-align: left;\">W MILKE ka\u017cd\u0105 p\u0142ytk\u0119 dekoracyjn\u0105 barwimy r\u0119cznie, co daje nam pe\u0142n\u0105 swobod\u0119 w kreowaniu unikatowych kolor\u00f3w. Dzi\u0119ki temu ka\u017cdy element ma subtelnie r\u00f3\u017cni\u0105ce si\u0119 odcienie. Ponadto smugi, jak i ja\u015bniejsze czy ciemniejsze przebarwienia \u015bwiadomie pot\u0119gowane na etapie produkcji sprawiaj\u0105, \u017ce ka\u017cda z cegie\u0142ek jest unikatowa i jedyna w swoim rodzaju. Twoja \u015bciana zyskuje pe\u0142n\u0105 oryginalno\u015b\u0107.<\/p>\n<blockquote class=\"wp-embedded-content\" data-secret=\"rJlkikuEVZ\"><p><a href=\"https:\/\/milke.se\/en\/kolory\/\">\u015aCI\u0104GAWKA KOLOR\u00d3W<\/a><\/p><\/blockquote>\n<p style=\"text-align: left;\">P\u0142ytki ceglane wykonane z betonu oferuj\u0105 nieograniczone mo\u017cliwo\u015bci kolorystyczne i pozwalaj\u0105 na eksperymenty z r\u00f3\u017cnorodnymi teksturami. Tworzenie niestandardowych kszta\u0142t\u00f3w, jak i specjalnych element\u00f3w o okre\u015blonej formie czy rozmiarze, staje si\u0119 prostsze i bardziej elastyczne.<\/p>\n<div class=\"page\" style=\"text-align: left;\" title=\"Page 4\">\n<div class=\"section\">\n<div class=\"layoutArea\">\n<blockquote>\n<div class=\"column\">Co wi\u0119cej, zastosowanie betonu przek\u0142ada si\u0119 na l\u017cejsz\u0105 wag\u0119 produktu, co czyni go nie tylko estetycznym, ale r\u00f3wnie\u017c praktycznym wyborem.<\/div>\n<\/blockquote>\n<\/div>\n<\/div>\n<\/div>\n<div class=\"page\" style=\"text-align: left;\" title=\"Page 6\">\n<div class=\"section\">\n<div class=\"layoutArea\">\n<div class=\"column\">\n<div class=\"page\" style=\"text-align: left;\" title=\"Page 6\">\n<div class=\"section\">\n<div class=\"layoutArea\">\n<div class=\"column\">\n<div class=\"page\" title=\"Page 9\">\n<div class=\"section\">\n<div class=\"layoutArea\">\n<h5><\/h5>\n<h5 class=\"column\">G\u0142\u00f3wne zalety\u00a0dekoracyjnych\u00a0p\u0142ytek betonowych MILKE:<\/h5>\n<\/div>\n<\/div>\n<\/div>\n<\/div>\n<\/div>\n<\/div>\n<\/div>\n<div class=\"page\" title=\"Page 9\">\n<div class=\"section\">\n<div class=\"layoutArea\">\n<div class=\"column\">\n<ul>\n<li style=\"text-align: left;\">trwa\u0142o\u015b\u0107 \u2013\u00a0czyli wytrzyma\u0142o\u015b\u0107 na uderzenia i \u015bcieranie<\/li>\n<li style=\"text-align: left;\">wytrzyma\u0142o\u015b\u0107 na warunki atmosferyczne \u2013 czyli mrozoodporno\u015b\u0107, niska nasi\u0105kliwo\u015b\u0107<\/li>\n<li style=\"text-align: left;\">odporno\u015b\u0107 \u2013\u00a0zar\u00f3wno na korozj\u0119 biologiczn\u0105, jak i agresywne \u015brodowisko naraz\u0307one na permanentne dzia\u0142anie i kontakt z wod\u0105, oparami czy t\u0142uszczem<\/li>\n<li style=\"text-align: left;\">niepalno\u015b\u0107 \u2013 w rozumieniu odporno\u015b\u0107 na ogie\u0144<\/li>\n<li style=\"text-align: left;\">podwy\u017cszona izolacja akustyczna i cieplna<\/li>\n<li style=\"text-align: left;\">niska waga<\/li>\n<\/ul>\n<\/div>\n<\/div>\n<\/div>\n<\/div>\n<\/div>\n<\/div>\n<\/div>\n<\/div>\n<\/div>\n<div class=\"section\">\n<div class=\"layoutArea\">\n<blockquote><p>Zam\u00f3w Pr\u00f3bki<\/p><\/blockquote>\n<p style=\"text-align: left;\">\n<blockquote class=\"wp-embedded-content\" data-secret=\"yk4lGCNGzQ\"><p><a href=\"https:\/\/milke.se\/en\/product\/probki-plytek-ceglanych-klasyczny-format\/\">Brick Tile Samples - Classic Format<\/a><\/p><\/blockquote>\n<\/div>\n<\/div>\n<\/div>\n<\/div>\n<\/div>","protected":false},"excerpt":{"rendered":"<p style=\"text-align: left;\">P\u0142ytka dekoracyjna Stemp to cz\u0119\u015b\u0107 rodziny kafli ceglanych, kt\u00f3re wyr\u00f3\u017cniaj\u0105 si\u0119 stemplowaniem naturalnym materia\u0142em. Cho\u0107 nawi\u0105zuje do tradycyjnej ceg\u0142y, wprowadza nowoczesny akcent dzi\u0119ki precyzyjnemu, prostok\u0105tnemu kszta\u0142towi i unikalnemu wzorowi.\u00a0<span style=\"text-decoration: underline;\"><span style=\"color: #000080;\"><a style=\"color: #000080; text-decoration: underline;\" href=\"https:\/\/milke.se\/en\/kolory\/\" target=\"_blank\" rel=\"noopener\">Dost\u0119pna w r\u00f3\u017cnych kolorach.<\/a><\/span><\/span>\u00a0Na 1m2 potrzeba 52 szt. p\u0142ytek (przy 10mm fudze) lub\u00a058 szt. przy monta\u017cu bezfugowym.<\/p>","protected":false},"featured_media":18268,"template":"","meta":[],"product_brand":[],"product_cat":[225],"product_tag":[157,159,107],"class_list":{"0":"post-938","1":"product","2":"type-product","3":"status-publish","4":"has-post-thumbnail","6":"product_cat-plytka-ceglana","7":"product_tag-plytka-elewacyjna","8":"product_tag-plytka-scienna","9":"product_tag-stemp","10":"product_shipping_class-produkty-wysylane-na-paletach","12":"first","13":"instock","14":"taxable","15":"shipping-taxable","16":"purchasable","17":"product-type-variable","18":"layout-style-2","19":"col-md-4 col-sm-4 col-xs-6","20":"col-lg-3","21":"product-has-gallery","22":"product-style-default"},"yoast_head":"<!-- This site is optimized with the Yoast SEO plugin v27.5 - https:\/\/yoast.com\/product\/yoast-seo-wordpress\/ -->\n<title>Stemp - p\u0142ytka ceglana dekoracyjna - Sklep milke.se<\/title>\n<meta name=\"description\" content=\"P\u0142ytka Stemp nale\u017cy do rodziny kafli ceg\u0142opodobnych. Nawi\u0105zuje do tradycyjnej ceg\u0142y, jednak prze\u0142amuje j\u0105 nowoczesnym wzorem i precyzyjnym kszta\u0142tem.\" \/>\n<meta name=\"robots\" content=\"index, follow, max-snippet:-1, max-image-preview:large, max-video-preview:-1\" \/>\n<link rel=\"canonical\" href=\"https:\/\/milke.se\/en\/product\/stemp-plytka-ceglana-dekoracyjna\/\" \/>\n<meta property=\"og:locale\" content=\"en_GB\" \/>\n<meta property=\"og:type\" content=\"article\" \/>\n<meta property=\"og:title\" content=\"Stemp - p\u0142ytka ceglana dekoracyjna - Sklep milke.se\" \/>\n<meta property=\"og:description\" content=\"P\u0142ytka Stemp nale\u017cy do rodziny kafli ceg\u0142opodobnych. Nawi\u0105zuje do tradycyjnej ceg\u0142y, jednak prze\u0142amuje j\u0105 nowoczesnym wzorem i precyzyjnym kszta\u0142tem.\" \/>\n<meta property=\"og:url\" content=\"https:\/\/milke.se\/en\/product\/stemp-plytka-ceglana-dekoracyjna\/\" \/>\n<meta property=\"og:site_name\" content=\"Sklep milke.se\" \/>\n<meta property=\"article:modified_time\" content=\"2026-04-01T00:16:47+00:00\" \/>\n<meta property=\"og:image\" content=\"https:\/\/milke.se\/wp-content\/uploads\/2026\/04\/STEMP-plytka-MILKE.png\" \/>\n\t<meta property=\"og:image:width\" content=\"756\" \/>\n\t<meta property=\"og:image:height\" content=\"896\" \/>\n\t<meta property=\"og:image:type\" content=\"image\/png\" \/>\n<meta name=\"twitter:card\" content=\"summary_large_image\" \/>\n<meta name=\"twitter:label1\" content=\"Estimated reading time\" \/>\n\t<meta name=\"twitter:data1\" content=\"3 minutes\" \/>\n<script type=\"application\/ld+json\" class=\"yoast-schema-graph\">{\"@context\":\"https:\\\/\\\/schema.org\",\"@graph\":[{\"@type\":\"WebPage\",\"@id\":\"https:\\\/\\\/milke.se\\\/produkt\\\/stemp-plytka-ceglana-dekoracyjna\\\/\",\"url\":\"https:\\\/\\\/milke.se\\\/produkt\\\/stemp-plytka-ceglana-dekoracyjna\\\/\",\"name\":\"Stemp - p\u0142ytka ceglana dekoracyjna - Sklep milke.se\",\"isPartOf\":{\"@id\":\"https:\\\/\\\/milke.se\\\/en\\\/#website\"},\"primaryImageOfPage\":{\"@id\":\"https:\\\/\\\/milke.se\\\/produkt\\\/stemp-plytka-ceglana-dekoracyjna\\\/#primaryimage\"},\"image\":{\"@id\":\"https:\\\/\\\/milke.se\\\/produkt\\\/stemp-plytka-ceglana-dekoracyjna\\\/#primaryimage\"},\"thumbnailUrl\":\"https:\\\/\\\/milke.se\\\/wp-content\\\/uploads\\\/2026\\\/04\\\/STEMP-plytka-MILKE.png\",\"datePublished\":\"2019-09-24T18:58:12+00:00\",\"dateModified\":\"2026-04-01T00:16:47+00:00\",\"description\":\"P\u0142ytka Stemp nale\u017cy do rodziny kafli ceg\u0142opodobnych. Nawi\u0105zuje do tradycyjnej ceg\u0142y, jednak prze\u0142amuje j\u0105 nowoczesnym wzorem i precyzyjnym kszta\u0142tem.\",\"breadcrumb\":{\"@id\":\"https:\\\/\\\/milke.se\\\/produkt\\\/stemp-plytka-ceglana-dekoracyjna\\\/#breadcrumb\"},\"inLanguage\":\"en-GB\",\"potentialAction\":[{\"@type\":\"ReadAction\",\"target\":[\"https:\\\/\\\/milke.se\\\/produkt\\\/stemp-plytka-ceglana-dekoracyjna\\\/\"]}]},{\"@type\":\"ImageObject\",\"inLanguage\":\"en-GB\",\"@id\":\"https:\\\/\\\/milke.se\\\/produkt\\\/stemp-plytka-ceglana-dekoracyjna\\\/#primaryimage\",\"url\":\"https:\\\/\\\/milke.se\\\/wp-content\\\/uploads\\\/2026\\\/04\\\/STEMP-plytka-MILKE.png\",\"contentUrl\":\"https:\\\/\\\/milke.se\\\/wp-content\\\/uploads\\\/2026\\\/04\\\/STEMP-plytka-MILKE.png\",\"width\":756,\"height\":896},{\"@type\":\"BreadcrumbList\",\"@id\":\"https:\\\/\\\/milke.se\\\/produkt\\\/stemp-plytka-ceglana-dekoracyjna\\\/#breadcrumb\",\"itemListElement\":[{\"@type\":\"ListItem\",\"position\":1,\"name\":\"Strona g\u0142\u00f3wna\",\"item\":\"https:\\\/\\\/milke.se\\\/\"},{\"@type\":\"ListItem\",\"position\":2,\"name\":\"Sklep\",\"item\":\"https:\\\/\\\/milke.se\\\/sklep\\\/\"},{\"@type\":\"ListItem\",\"position\":3,\"name\":\"Stemp &#8211; p\u0142ytka ceglana dekoracyjna\"}]},{\"@type\":\"WebSite\",\"@id\":\"https:\\\/\\\/milke.se\\\/en\\\/#website\",\"url\":\"https:\\\/\\\/milke.se\\\/en\\\/\",\"name\":\"Sklep milke.se\",\"description\":\"\",\"potentialAction\":[{\"@type\":\"SearchAction\",\"target\":{\"@type\":\"EntryPoint\",\"urlTemplate\":\"https:\\\/\\\/milke.se\\\/en\\\/?s={search_term_string}\"},\"query-input\":{\"@type\":\"PropertyValueSpecification\",\"valueRequired\":true,\"valueName\":\"search_term_string\"}}],\"inLanguage\":\"en-GB\"}]}<\/script>\n<!-- \/ Yoast SEO plugin. -->","yoast_head_json":{"title":"Stemp - p\u0142ytka ceglana dekoracyjna - Sklep milke.se","description":"P\u0142ytka Stemp nale\u017cy do rodziny kafli ceg\u0142opodobnych. Nawi\u0105zuje do tradycyjnej ceg\u0142y, jednak prze\u0142amuje j\u0105 nowoczesnym wzorem i precyzyjnym kszta\u0142tem.","robots":{"index":"index","follow":"follow","max-snippet":"max-snippet:-1","max-image-preview":"max-image-preview:large","max-video-preview":"max-video-preview:-1"},"canonical":"https:\/\/milke.se\/en\/product\/stemp-plytka-ceglana-dekoracyjna\/","og_locale":"en_GB","og_type":"article","og_title":"Stemp - p\u0142ytka ceglana dekoracyjna - Sklep milke.se","og_description":"P\u0142ytka Stemp nale\u017cy do rodziny kafli ceg\u0142opodobnych. Nawi\u0105zuje do tradycyjnej ceg\u0142y, jednak prze\u0142amuje j\u0105 nowoczesnym wzorem i precyzyjnym kszta\u0142tem.","og_url":"https:\/\/milke.se\/en\/product\/stemp-plytka-ceglana-dekoracyjna\/","og_site_name":"Sklep milke.se","article_modified_time":"2026-04-01T00:16:47+00:00","og_image":[{"width":756,"height":896,"url":"https:\/\/milke.se\/wp-content\/uploads\/2026\/04\/STEMP-plytka-MILKE.png","type":"image\/png"}],"twitter_card":"summary_large_image","twitter_misc":{"Estimated reading time":"3 minutes"},"schema":{"@context":"https:\/\/schema.org","@graph":[{"@type":"WebPage","@id":"https:\/\/milke.se\/produkt\/stemp-plytka-ceglana-dekoracyjna\/","url":"https:\/\/milke.se\/produkt\/stemp-plytka-ceglana-dekoracyjna\/","name":"Stemp - p\u0142ytka ceglana dekoracyjna - Sklep milke.se","isPartOf":{"@id":"https:\/\/milke.se\/en\/#website"},"primaryImageOfPage":{"@id":"https:\/\/milke.se\/produkt\/stemp-plytka-ceglana-dekoracyjna\/#primaryimage"},"image":{"@id":"https:\/\/milke.se\/produkt\/stemp-plytka-ceglana-dekoracyjna\/#primaryimage"},"thumbnailUrl":"https:\/\/milke.se\/wp-content\/uploads\/2026\/04\/STEMP-plytka-MILKE.png","datePublished":"2019-09-24T18:58:12+00:00","dateModified":"2026-04-01T00:16:47+00:00","description":"P\u0142ytka Stemp nale\u017cy do rodziny kafli ceg\u0142opodobnych. Nawi\u0105zuje do tradycyjnej ceg\u0142y, jednak prze\u0142amuje j\u0105 nowoczesnym wzorem i precyzyjnym kszta\u0142tem.","breadcrumb":{"@id":"https:\/\/milke.se\/produkt\/stemp-plytka-ceglana-dekoracyjna\/#breadcrumb"},"inLanguage":"en-GB","potentialAction":[{"@type":"ReadAction","target":["https:\/\/milke.se\/produkt\/stemp-plytka-ceglana-dekoracyjna\/"]}]},{"@type":"ImageObject","inLanguage":"en-GB","@id":"https:\/\/milke.se\/produkt\/stemp-plytka-ceglana-dekoracyjna\/#primaryimage","url":"https:\/\/milke.se\/wp-content\/uploads\/2026\/04\/STEMP-plytka-MILKE.png","contentUrl":"https:\/\/milke.se\/wp-content\/uploads\/2026\/04\/STEMP-plytka-MILKE.png","width":756,"height":896},{"@type":"BreadcrumbList","@id":"https:\/\/milke.se\/produkt\/stemp-plytka-ceglana-dekoracyjna\/#breadcrumb","itemListElement":[{"@type":"ListItem","position":1,"name":"Strona g\u0142\u00f3wna","item":"https:\/\/milke.se\/"},{"@type":"ListItem","position":2,"name":"Sklep","item":"https:\/\/milke.se\/sklep\/"},{"@type":"ListItem","position":3,"name":"Stemp &#8211; p\u0142ytka ceglana dekoracyjna"}]},{"@type":"WebSite","@id":"https:\/\/milke.se\/en\/#website","url":"https:\/\/milke.se\/en\/","name":"Shop milke.se","description":"","potentialAction":[{"@type":"SearchAction","target":{"@type":"EntryPoint","urlTemplate":"https:\/\/milke.se\/en\/?s={search_term_string}"},"query-input":{"@type":"PropertyValueSpecification","valueRequired":true,"valueName":"search_term_string"}}],"inLanguage":"en-GB"}]}},"_links":{"self":[{"href":"https:\/\/milke.se\/en\/wp-json\/wp\/v2\/product\/938","targetHints":{"allow":["GET"]}}],"collection":[{"href":"https:\/\/milke.se\/en\/wp-json\/wp\/v2\/product"}],"about":[{"href":"https:\/\/milke.se\/en\/wp-json\/wp\/v2\/types\/product"}],"wp:featuredmedia":[{"embeddable":true,"href":"https:\/\/milke.se\/en\/wp-json\/wp\/v2\/media\/18268"}],"wp:attachment":[{"href":"https:\/\/milke.se\/en\/wp-json\/wp\/v2\/media?parent=938"}],"wp:term":[{"taxonomy":"product_brand","embeddable":true,"href":"https:\/\/milke.se\/en\/wp-json\/wp\/v2\/product_brand?post=938"},{"taxonomy":"product_cat","embeddable":true,"href":"https:\/\/milke.se\/en\/wp-json\/wp\/v2\/product_cat?post=938"},{"taxonomy":"product_tag","embeddable":true,"href":"https:\/\/milke.se\/en\/wp-json\/wp\/v2\/product_tag?post=938"}],"curies":[{"name":"wp","href":"https:\/\/api.w.org\/{rel}","templated":true}]}}