{"id":947,"date":"2019-09-24T21:12:59","date_gmt":"2019-09-24T19:12:59","guid":{"rendered":"https:\/\/milke.se\/?post_type=product&#038;p=947"},"modified":"2026-04-01T02:16:47","modified_gmt":"2026-04-01T00:16:47","slug":"trawer-2cm-plytka-ceglana-dekoracyjna","status":"publish","type":"product","link":"https:\/\/milke.se\/en\/product\/trawer-2cm-plytka-ceglana-dekoracyjna\/","title":{"rendered":"Trawer 2cm &#8211; p\u0142ytka ceglana dekoracyjna"},"content":{"rendered":"<h4 style=\"text-align: left;\">Koncepcja powstania p\u0142ytki Trawer zrodzi\u0142a si\u0119 z inspiracji pomys\u0142em jednego z naszych Klient\u00f3w, kt\u00f3ry poszukiwa\u0142 motywu zaczerpni\u0119tego z natury, pasuj\u0105cego do minimalistycznej estetyki p\u0142ytek ceglanych.<\/h4>\n<div>\n<div class=\"page\" title=\"Page 15\">\n<div class=\"layoutArea\">\n<div class=\"column\" style=\"text-align: left;\">\n<p style=\"font-weight: 400;\">Wybrali\u015bmy wz\u00f3r nawi\u0105zuj\u0105cy do charakterystycznej struktury ska\u0142y, kt\u00f3ry zyska\u0142 tak du\u017ce uznanie w\u015br\u00f3d naszych zaprzyja\u017anionych Architekt\u00f3w, \u017ce postanowili\u015bmy w\u0142\u0105czy\u0107 go do sta\u0142ej oferty. Si\u0142\u0105 p\u0142ytek dekoracyjnych Trawer jest\u00a0regularny format i niewielka grubo\u015b\u0107, co pozwala na tworzenie precyzyjnych, minimalistycznych kompozycji. Beton architektoniczny, z kt\u00f3rego s\u0105 wykonane, daje nam ogromn\u0105 swobod\u0119 w eksploracji jego mo\u017cliwo\u015bci plastycznych. W kolejnym kroku rozwoju serii Trawer opracowali\u015bmy p\u0142ytki o podw\u00f3jnej grubo\u015bci, co pozwala Architektom tworzy\u0107 bardziej przestrzenne i dynamiczne aran\u017cacje, podkre\u015blaj\u0105c nowoczesny charakter projekt\u00f3w.<\/p>\n<\/div>\n<\/div>\n<\/div>\n<div><a href=\"https:\/\/milke.se\/wp-content\/uploads\/2019\/09\/Plytka-Trawer-MILKE-100.png\"><img loading=\"lazy\" decoding=\"async\" class=\"alignnone wp-image-11952\" src=\"https:\/\/milke.se\/wp-content\/uploads\/2019\/09\/Plytka-Trawer-MILKE-100.png\" alt=\"\" width=\"451\" height=\"292\" srcset=\"https:\/\/milke.se\/wp-content\/uploads\/2019\/09\/Plytka-Trawer-MILKE-100.png 1500w, https:\/\/milke.se\/wp-content\/uploads\/2019\/09\/Plytka-Trawer-MILKE-100-300x194.png 300w, https:\/\/milke.se\/wp-content\/uploads\/2019\/09\/Plytka-Trawer-MILKE-100-1024x662.png 1024w, https:\/\/milke.se\/wp-content\/uploads\/2019\/09\/Plytka-Trawer-MILKE-100-768x497.png 768w, https:\/\/milke.se\/wp-content\/uploads\/2019\/09\/Plytka-Trawer-MILKE-100-565x365.png 565w, https:\/\/milke.se\/wp-content\/uploads\/2019\/09\/Plytka-Trawer-MILKE-100-1140x740.png 1140w, https:\/\/milke.se\/wp-content\/uploads\/2019\/09\/Plytka-Trawer-MILKE-100-937x606.png 937w\" sizes=\"auto, (max-width: 451px) 100vw, 451px\" \/>\u00a0\u00a0\u00a0 <\/a><a href=\"https:\/\/milke.se\/wp-content\/uploads\/2019\/09\/Plytka-Trawer-MILKE-101.png\"><img loading=\"lazy\" decoding=\"async\" class=\"alignnone wp-image-11953\" src=\"https:\/\/milke.se\/wp-content\/uploads\/2019\/09\/Plytka-Trawer-MILKE-101.png\" alt=\"\" width=\"451\" height=\"292\" srcset=\"https:\/\/milke.se\/wp-content\/uploads\/2019\/09\/Plytka-Trawer-MILKE-101.png 1500w, https:\/\/milke.se\/wp-content\/uploads\/2019\/09\/Plytka-Trawer-MILKE-101-300x194.png 300w, https:\/\/milke.se\/wp-content\/uploads\/2019\/09\/Plytka-Trawer-MILKE-101-1024x662.png 1024w, https:\/\/milke.se\/wp-content\/uploads\/2019\/09\/Plytka-Trawer-MILKE-101-768x497.png 768w, https:\/\/milke.se\/wp-content\/uploads\/2019\/09\/Plytka-Trawer-MILKE-101-565x365.png 565w, https:\/\/milke.se\/wp-content\/uploads\/2019\/09\/Plytka-Trawer-MILKE-101-1140x740.png 1140w, https:\/\/milke.se\/wp-content\/uploads\/2019\/09\/Plytka-Trawer-MILKE-101-937x606.png 937w\" sizes=\"auto, (max-width: 451px) 100vw, 451px\" \/><\/a><\/div>\n<div class=\"page\" title=\"Page 15\">\n<div class=\"layoutArea\">\n<div class=\"section\">\n<div class=\"layoutArea\">\n<blockquote><p>Trawer technicznie<\/p><\/blockquote>\n<p style=\"text-align: left;\">P\u0142ytki dekoracyjne MILKE s\u0105 r\u0119cznie formowane z betonu architektonicznego barwionego w masie, co gwarantuje wysok\u0105 jako\u015b\u0107 i trwa\u0142o\u015b\u0107. L\u017cejsza konstrukcja p\u0142ytek betonowych zapewnia \u0142atwiejszy monta\u017c, jednocze\u015bnie spe\u0142niaj\u0105c najwy\u017csze standardy wytrzyma\u0142o\u015bciowe.<\/p>\n<p style=\"text-align: left;\"><span style=\"text-decoration: underline; color: #000000;\">P\u0142ytka Trawer ma precyzyjny prostok\u0105tny kszta\u0142t, co u\u0142atwia prace monta\u017cowe, a dzi\u0119ki dw\u00f3m wersjom grubo\u015bci (1 cm i 2 cm), daje mo\u017cliwo\u015b\u0107 tworzenia interesuj\u0105cych, przestrzennych efekt\u00f3w na powierzchni.<\/span><\/p>\n<p style=\"text-align: left;\"><span style=\"color: #000000;\">Aktualna wielko\u015b\u0107 p\u0142ytki 1cm (+\/- 0,5 cm): wysoko\u015b\u0107 ~ 6,5 cm, d\u0142ugo\u015b\u0107 ~ 26,5 cm, grubo\u015b\u0107 ~ 1 cm.<\/p>\n<p>Na 1m2 potrzeba 52 szt. p\u0142ytek (przy 10mm fudze) lub 58 szt. przy monta\u017cu bezfugowym.<span style=\"text-decoration: underline;\"><span style=\"color: #333399; text-decoration: underline;\"><\/p>\n<p><a style=\"color: #333399; text-decoration: underline;\" href=\"https:\/\/milke.se\/en\/product\/trawer-1cm-plytka-ceglana-dekoracyjna\/\" target=\"_blank\" rel=\"noopener\">P\u0142ytka Trawer 1cm<\/a>.<\/p>\n<p><\/span><\/span><\/span><\/p>\n<p>Seria Trawer jest wzbogacona o elementy dodatkowe, takie jak p\u0142ytki po\u0142\u00f3wkowe, naro\u017cniki w wersji klasycznej, parapetowej oraz nadpro\u017ca, co pozwala na pe\u0142ne i kompleksowe wyko\u0144czenie ka\u017cdej przestrzeni.<\/p>\n<p>\u00a0<\/p>\n<h5 style=\"text-align: left;\">P\u0142ytki ceglane Trawer MILKE mo\u017cesz wykorzysta\u0107:<\/h5>\n<ul>\n<li style=\"font-weight: 400; text-align: left;\">we wn\u0119trzach, jak i na zewn\u0105trz budynk\u00f3w<\/li>\n<li style=\"font-weight: 400; text-align: left;\">na \u015bcianach, fasadach i elewacjach<\/li>\n<li style=\"font-weight: 400; text-align: left;\">w pomieszczeniach suchych i mokrych<\/li>\n<li style=\"font-weight: 400; text-align: left;\">w pokoju, kuchni, \u0142azience i na kominku<\/li>\n<\/ul>\n<blockquote><p>P\u0142ytk\u0119 Trawer produkujemy r\u0119cznie<\/p><\/blockquote>\n<p style=\"font-weight: 400; text-align: left;\">Proces produkcji ozdobnych p\u0142ytek Trawer MILKE to pe\u0142na manufaktura, w kt\u00f3rej ka\u017cdy detal jest dopracowany r\u0119cznie. P\u0142ytki inspirowane struktur\u0105 naturalnego trawertynu oddaj\u0105 surowo\u015b\u0107 i pi\u0119kno tej charakterystycznej ska\u0142y. Dzi\u0119ki zastosowaniu betonu architektonicznego uzyskujemy wyj\u0105tkow\u0105 faktur\u0119, kt\u00f3ra wiernie odzwierciedla nieregularne powierzchnie trawertynu, nadaj\u0105c ka\u017cdej p\u0142ytce unikalny wygl\u0105d. R\u0119czne stemplowanie betonu pozwala na stworzenie precyzyjnych wzor\u00f3w, zachowuj\u0105c przy tym lekko\u015b\u0107 i trwa\u0142o\u015b\u0107 materia\u0142u, co czyni Trawer idealnym wyborem do nowoczesnych, minimalistycznych projekt\u00f3w.<\/p>\n<blockquote><p>Kolory i odcienie<\/p><\/blockquote>\n<p style=\"text-align: left;\">W MILKE ka\u017cd\u0105 p\u0142ytk\u0119 dekoracyjn\u0105 barwimy r\u0119cznie, co daje nam pe\u0142n\u0105 swobod\u0119 w kreowaniu unikatowych kolor\u00f3w. Dzi\u0119ki temu ka\u017cdy element ma subtelnie r\u00f3\u017cni\u0105ce si\u0119 odcienie. Ponadto smugi, jak i ja\u015bniejsze czy ciemniejsze przebarwienia \u015bwiadomie pot\u0119gowane na etapie produkcji sprawiaj\u0105, \u017ce ka\u017cda z cegie\u0142ek jest unikatowa i jedyna w swoim rodzaju. Twoja \u015bciana zyskuje pe\u0142n\u0105 oryginalno\u015b\u0107.<\/p>\n<blockquote class=\"wp-embedded-content\" data-secret=\"fBqDDlH3No\"><p><a href=\"https:\/\/milke.se\/en\/kolory\/\">\u015aCI\u0104GAWKA KOLOR\u00d3W<\/a><\/p><\/blockquote>\n<p style=\"text-align: left;\">P\u0142ytki ceglane wykonane z betonu oferuj\u0105 nieograniczone mo\u017cliwo\u015bci kolorystyczne i pozwalaj\u0105 na eksperymenty z r\u00f3\u017cnorodnymi teksturami. Tworzenie niestandardowych kszta\u0142t\u00f3w, jak i specjalnych element\u00f3w o okre\u015blonej formie czy rozmiarze, staje si\u0119 prostsze i bardziej elastyczne.<\/p>\n<div class=\"page\" style=\"text-align: left;\" title=\"Page 4\">\n<div class=\"section\">\n<div class=\"layoutArea\">\n<blockquote>\n<div class=\"column\">Co wi\u0119cej, zastosowanie betonu przek\u0142ada si\u0119 na l\u017cejsz\u0105 wag\u0119 produktu, co czyni go nie tylko estetycznym, ale r\u00f3wnie\u017c praktycznym wyborem.<\/div>\n<\/blockquote>\n<\/div>\n<\/div>\n<\/div>\n<div class=\"page\" style=\"text-align: left;\" title=\"Page 6\">\n<div class=\"section\">\n<div class=\"layoutArea\">\n<div class=\"column\">\n<div class=\"page\" style=\"text-align: left;\" title=\"Page 6\">\n<div class=\"section\">\n<div class=\"layoutArea\">\n<div class=\"column\">\n<div class=\"page\" title=\"Page 9\">\n<div class=\"section\">\n<div class=\"layoutArea\">\n<h5 class=\"column\">G\u0142\u00f3wne zalety\u00a0dekoracyjnych\u00a0p\u0142ytek betonowych MILKE:<\/h5>\n<\/div>\n<\/div>\n<\/div>\n<\/div>\n<\/div>\n<\/div>\n<\/div>\n<div class=\"page\" title=\"Page 9\">\n<div class=\"section\">\n<div class=\"layoutArea\">\n<div class=\"column\">\n<ul>\n<li style=\"text-align: left;\">trwa\u0142o\u015b\u0107 \u2013\u00a0czyli wytrzyma\u0142o\u015b\u0107 na uderzenia i \u015bcieranie<\/li>\n<li style=\"text-align: left;\">wytrzyma\u0142o\u015b\u0107 na warunki atmosferyczne \u2013 czyli mrozoodporno\u015b\u0107, niska nasi\u0105kliwo\u015b\u0107<\/li>\n<li style=\"text-align: left;\">odporno\u015b\u0107 \u2013\u00a0zar\u00f3wno na korozj\u0119 biologiczn\u0105, jak i agresywne \u015brodowisko naraz\u0307one na permanentne dzia\u0142anie i kontakt z wod\u0105, oparami czy t\u0142uszczem<\/li>\n<li style=\"text-align: left;\">niepalno\u015b\u0107 \u2013 w rozumieniu odporno\u015b\u0107 na ogie\u0144<\/li>\n<li style=\"text-align: left;\">podwy\u017cszona izolacja akustyczna i cieplna<\/li>\n<li style=\"text-align: left;\">niska waga<\/li>\n<\/ul>\n<\/div>\n<\/div>\n<\/div>\n<\/div>\n<\/div>\n<\/div>\n<\/div>\n<\/div>\n<\/div>\n<\/div>\n<\/div>\n<blockquote><p>Zam\u00f3w Pr\u00f3bki<\/p><\/blockquote>\n<p style=\"text-align: left;\">\n<blockquote class=\"wp-embedded-content\" data-secret=\"osmTZCCOtW\"><p><a href=\"https:\/\/milke.se\/en\/product\/probki-plytek-ceglanych-klasyczny-format\/\">Brick Tile Samples - Classic Format<\/a><\/p><\/blockquote>\n<\/div>\n<\/div>\n<div class=\"page\" title=\"Page 15\"><\/div>\n<div title=\"Page 15\"><\/div>","protected":false},"excerpt":{"rendered":"<p style=\"text-align: left;\">P\u0142ytka dekoracyjna Trawer to cz\u0119\u015b\u0107 rodziny kafli o precyzyjnym, prostok\u0105tnym kszta\u0142cie, kt\u00f3rych lico nawi\u0105zuje do naturalnej faktury trawertynu. Dzi\u0119ki temu powierzchnia zyskuje elegancki, surowy charakter. <span style=\"text-decoration: underline;\"><span style=\"color: #000080;\"><a style=\"color: #000080; text-decoration: underline;\" href=\"https:\/\/milke.se\/en\/kolory\/\" target=\"_blank\" rel=\"noopener\">Dost\u0119pna w r\u00f3\u017cnych kolorach.<\/a><\/span><\/span>\u00a0Na 1m2 potrzeba 52 szt. p\u0142ytek (przy 10mm fudze) lub 58 szt. przy monta\u017cu bezfugowym.<\/p>","protected":false},"featured_media":18271,"template":"","meta":[],"product_brand":[],"product_cat":[225],"product_tag":[160,159,106],"class_list":{"0":"post-947","1":"product","2":"type-product","3":"status-publish","4":"has-post-thumbnail","6":"product_cat-plytka-ceglana","7":"product_tag-plytka-dekoracyjna","8":"product_tag-plytka-scienna","9":"product_tag-trawer","10":"product_shipping_class-produkty-wysylane-na-paletach","12":"first","13":"instock","14":"taxable","15":"shipping-taxable","16":"purchasable","17":"product-type-variable","18":"layout-style-2","19":"col-md-4 col-sm-4 col-xs-6","20":"col-lg-3","21":"product-style-default"},"yoast_head":"<!-- This site is optimized with the Yoast SEO plugin v27.5 - https:\/\/yoast.com\/product\/yoast-seo-wordpress\/ -->\n<title>Trawer 2cm - p\u0142ytka ceglana dekoracyjna - Sklep milke.se<\/title>\n<meta name=\"description\" content=\"P\u0142ytka Trawer nale\u017cy do rodziny kafli ceg\u0142opodobnych. Nawi\u0105zuje do tradycyjnej ceg\u0142y, jednak prze\u0142amuje j\u0105 struktur\u0105 imituj\u0105c\u0105 trawertyn.\" \/>\n<meta name=\"robots\" content=\"index, follow, max-snippet:-1, max-image-preview:large, max-video-preview:-1\" \/>\n<link rel=\"canonical\" href=\"https:\/\/milke.se\/en\/product\/trawer-2cm-plytka-ceglana-dekoracyjna\/\" \/>\n<meta property=\"og:locale\" content=\"en_GB\" \/>\n<meta property=\"og:type\" content=\"article\" \/>\n<meta property=\"og:title\" content=\"Trawer 2cm - p\u0142ytka ceglana dekoracyjna - Sklep milke.se\" \/>\n<meta property=\"og:description\" content=\"P\u0142ytka Trawer nale\u017cy do rodziny kafli ceg\u0142opodobnych. Nawi\u0105zuje do tradycyjnej ceg\u0142y, jednak prze\u0142amuje j\u0105 struktur\u0105 imituj\u0105c\u0105 trawertyn.\" \/>\n<meta property=\"og:url\" content=\"https:\/\/milke.se\/en\/product\/trawer-2cm-plytka-ceglana-dekoracyjna\/\" \/>\n<meta property=\"og:site_name\" content=\"Sklep milke.se\" \/>\n<meta property=\"article:modified_time\" content=\"2026-04-01T00:16:47+00:00\" \/>\n<meta property=\"og:image\" content=\"https:\/\/milke.se\/wp-content\/uploads\/2026\/04\/TRAWER-plytka-MILKE.png\" \/>\n\t<meta property=\"og:image:width\" content=\"756\" \/>\n\t<meta property=\"og:image:height\" content=\"899\" \/>\n\t<meta property=\"og:image:type\" content=\"image\/png\" \/>\n<meta name=\"twitter:card\" content=\"summary_large_image\" \/>\n<meta name=\"twitter:label1\" content=\"Estimated reading time\" \/>\n\t<meta name=\"twitter:data1\" content=\"4 minutes\" \/>\n<script type=\"application\/ld+json\" class=\"yoast-schema-graph\">{\"@context\":\"https:\\\/\\\/schema.org\",\"@graph\":[{\"@type\":\"WebPage\",\"@id\":\"https:\\\/\\\/milke.se\\\/produkt\\\/trawer-2cm-plytka-ceglana-dekoracyjna\\\/\",\"url\":\"https:\\\/\\\/milke.se\\\/produkt\\\/trawer-2cm-plytka-ceglana-dekoracyjna\\\/\",\"name\":\"Trawer 2cm - p\u0142ytka ceglana dekoracyjna - Sklep milke.se\",\"isPartOf\":{\"@id\":\"https:\\\/\\\/milke.se\\\/en\\\/#website\"},\"primaryImageOfPage\":{\"@id\":\"https:\\\/\\\/milke.se\\\/produkt\\\/trawer-2cm-plytka-ceglana-dekoracyjna\\\/#primaryimage\"},\"image\":{\"@id\":\"https:\\\/\\\/milke.se\\\/produkt\\\/trawer-2cm-plytka-ceglana-dekoracyjna\\\/#primaryimage\"},\"thumbnailUrl\":\"https:\\\/\\\/milke.se\\\/wp-content\\\/uploads\\\/2026\\\/04\\\/TRAWER-plytka-MILKE.png\",\"datePublished\":\"2019-09-24T19:12:59+00:00\",\"dateModified\":\"2026-04-01T00:16:47+00:00\",\"description\":\"P\u0142ytka Trawer nale\u017cy do rodziny kafli ceg\u0142opodobnych. Nawi\u0105zuje do tradycyjnej ceg\u0142y, jednak prze\u0142amuje j\u0105 struktur\u0105 imituj\u0105c\u0105 trawertyn.\",\"breadcrumb\":{\"@id\":\"https:\\\/\\\/milke.se\\\/produkt\\\/trawer-2cm-plytka-ceglana-dekoracyjna\\\/#breadcrumb\"},\"inLanguage\":\"en-GB\",\"potentialAction\":[{\"@type\":\"ReadAction\",\"target\":[\"https:\\\/\\\/milke.se\\\/produkt\\\/trawer-2cm-plytka-ceglana-dekoracyjna\\\/\"]}]},{\"@type\":\"ImageObject\",\"inLanguage\":\"en-GB\",\"@id\":\"https:\\\/\\\/milke.se\\\/produkt\\\/trawer-2cm-plytka-ceglana-dekoracyjna\\\/#primaryimage\",\"url\":\"https:\\\/\\\/milke.se\\\/wp-content\\\/uploads\\\/2026\\\/04\\\/TRAWER-plytka-MILKE.png\",\"contentUrl\":\"https:\\\/\\\/milke.se\\\/wp-content\\\/uploads\\\/2026\\\/04\\\/TRAWER-plytka-MILKE.png\",\"width\":756,\"height\":899},{\"@type\":\"BreadcrumbList\",\"@id\":\"https:\\\/\\\/milke.se\\\/produkt\\\/trawer-2cm-plytka-ceglana-dekoracyjna\\\/#breadcrumb\",\"itemListElement\":[{\"@type\":\"ListItem\",\"position\":1,\"name\":\"Strona g\u0142\u00f3wna\",\"item\":\"https:\\\/\\\/milke.se\\\/en\\\/\"},{\"@type\":\"ListItem\",\"position\":2,\"name\":\"Sklep\",\"item\":\"http:\\\/\\\/milke.se\\\/sklep\\\/\"},{\"@type\":\"ListItem\",\"position\":3,\"name\":\"Trawer 2cm &#8211; p\u0142ytka ceglana dekoracyjna\"}]},{\"@type\":\"WebSite\",\"@id\":\"https:\\\/\\\/milke.se\\\/en\\\/#website\",\"url\":\"https:\\\/\\\/milke.se\\\/en\\\/\",\"name\":\"Sklep milke.se\",\"description\":\"\",\"potentialAction\":[{\"@type\":\"SearchAction\",\"target\":{\"@type\":\"EntryPoint\",\"urlTemplate\":\"https:\\\/\\\/milke.se\\\/en\\\/?s={search_term_string}\"},\"query-input\":{\"@type\":\"PropertyValueSpecification\",\"valueRequired\":true,\"valueName\":\"search_term_string\"}}],\"inLanguage\":\"en-GB\"}]}<\/script>\n<!-- \/ Yoast SEO plugin. -->","yoast_head_json":{"title":"Trawer 2cm - p\u0142ytka ceglana dekoracyjna - Sklep milke.se","description":"P\u0142ytka Trawer nale\u017cy do rodziny kafli ceg\u0142opodobnych. Nawi\u0105zuje do tradycyjnej ceg\u0142y, jednak prze\u0142amuje j\u0105 struktur\u0105 imituj\u0105c\u0105 trawertyn.","robots":{"index":"index","follow":"follow","max-snippet":"max-snippet:-1","max-image-preview":"max-image-preview:large","max-video-preview":"max-video-preview:-1"},"canonical":"https:\/\/milke.se\/en\/product\/trawer-2cm-plytka-ceglana-dekoracyjna\/","og_locale":"en_GB","og_type":"article","og_title":"Trawer 2cm - p\u0142ytka ceglana dekoracyjna - Sklep milke.se","og_description":"P\u0142ytka Trawer nale\u017cy do rodziny kafli ceg\u0142opodobnych. Nawi\u0105zuje do tradycyjnej ceg\u0142y, jednak prze\u0142amuje j\u0105 struktur\u0105 imituj\u0105c\u0105 trawertyn.","og_url":"https:\/\/milke.se\/en\/product\/trawer-2cm-plytka-ceglana-dekoracyjna\/","og_site_name":"Sklep milke.se","article_modified_time":"2026-04-01T00:16:47+00:00","og_image":[{"width":756,"height":899,"url":"https:\/\/milke.se\/wp-content\/uploads\/2026\/04\/TRAWER-plytka-MILKE.png","type":"image\/png"}],"twitter_card":"summary_large_image","twitter_misc":{"Estimated reading time":"4 minutes"},"schema":{"@context":"https:\/\/schema.org","@graph":[{"@type":"WebPage","@id":"https:\/\/milke.se\/produkt\/trawer-2cm-plytka-ceglana-dekoracyjna\/","url":"https:\/\/milke.se\/produkt\/trawer-2cm-plytka-ceglana-dekoracyjna\/","name":"Trawer 2cm - p\u0142ytka ceglana dekoracyjna - Sklep milke.se","isPartOf":{"@id":"https:\/\/milke.se\/en\/#website"},"primaryImageOfPage":{"@id":"https:\/\/milke.se\/produkt\/trawer-2cm-plytka-ceglana-dekoracyjna\/#primaryimage"},"image":{"@id":"https:\/\/milke.se\/produkt\/trawer-2cm-plytka-ceglana-dekoracyjna\/#primaryimage"},"thumbnailUrl":"https:\/\/milke.se\/wp-content\/uploads\/2026\/04\/TRAWER-plytka-MILKE.png","datePublished":"2019-09-24T19:12:59+00:00","dateModified":"2026-04-01T00:16:47+00:00","description":"P\u0142ytka Trawer nale\u017cy do rodziny kafli ceg\u0142opodobnych. Nawi\u0105zuje do tradycyjnej ceg\u0142y, jednak prze\u0142amuje j\u0105 struktur\u0105 imituj\u0105c\u0105 trawertyn.","breadcrumb":{"@id":"https:\/\/milke.se\/produkt\/trawer-2cm-plytka-ceglana-dekoracyjna\/#breadcrumb"},"inLanguage":"en-GB","potentialAction":[{"@type":"ReadAction","target":["https:\/\/milke.se\/produkt\/trawer-2cm-plytka-ceglana-dekoracyjna\/"]}]},{"@type":"ImageObject","inLanguage":"en-GB","@id":"https:\/\/milke.se\/produkt\/trawer-2cm-plytka-ceglana-dekoracyjna\/#primaryimage","url":"https:\/\/milke.se\/wp-content\/uploads\/2026\/04\/TRAWER-plytka-MILKE.png","contentUrl":"https:\/\/milke.se\/wp-content\/uploads\/2026\/04\/TRAWER-plytka-MILKE.png","width":756,"height":899},{"@type":"BreadcrumbList","@id":"https:\/\/milke.se\/produkt\/trawer-2cm-plytka-ceglana-dekoracyjna\/#breadcrumb","itemListElement":[{"@type":"ListItem","position":1,"name":"Strona g\u0142\u00f3wna","item":"https:\/\/milke.se\/en\/"},{"@type":"ListItem","position":2,"name":"Sklep","item":"http:\/\/milke.se\/sklep\/"},{"@type":"ListItem","position":3,"name":"Trawer 2cm &#8211; p\u0142ytka ceglana dekoracyjna"}]},{"@type":"WebSite","@id":"https:\/\/milke.se\/en\/#website","url":"https:\/\/milke.se\/en\/","name":"Shop milke.se","description":"","potentialAction":[{"@type":"SearchAction","target":{"@type":"EntryPoint","urlTemplate":"https:\/\/milke.se\/en\/?s={search_term_string}"},"query-input":{"@type":"PropertyValueSpecification","valueRequired":true,"valueName":"search_term_string"}}],"inLanguage":"en-GB"}]}},"_links":{"self":[{"href":"https:\/\/milke.se\/en\/wp-json\/wp\/v2\/product\/947","targetHints":{"allow":["GET"]}}],"collection":[{"href":"https:\/\/milke.se\/en\/wp-json\/wp\/v2\/product"}],"about":[{"href":"https:\/\/milke.se\/en\/wp-json\/wp\/v2\/types\/product"}],"wp:featuredmedia":[{"embeddable":true,"href":"https:\/\/milke.se\/en\/wp-json\/wp\/v2\/media\/18271"}],"wp:attachment":[{"href":"https:\/\/milke.se\/en\/wp-json\/wp\/v2\/media?parent=947"}],"wp:term":[{"taxonomy":"product_brand","embeddable":true,"href":"https:\/\/milke.se\/en\/wp-json\/wp\/v2\/product_brand?post=947"},{"taxonomy":"product_cat","embeddable":true,"href":"https:\/\/milke.se\/en\/wp-json\/wp\/v2\/product_cat?post=947"},{"taxonomy":"product_tag","embeddable":true,"href":"https:\/\/milke.se\/en\/wp-json\/wp\/v2\/product_tag?post=947"}],"curies":[{"name":"wp","href":"https:\/\/api.w.org\/{rel}","templated":true}]}}